{"id":742492,"date":"2025-08-28T01:13:13","date_gmt":"2025-08-27T22:13:13","guid":{"rendered":"https:\/\/roveyayinevi.com.tr\/index.php\/urun\/is-hayatinda-basarili-olmak-icin-is-hayatinin-kurallari\/"},"modified":"2026-04-08T03:01:37","modified_gmt":"2026-04-08T00:01:37","slug":"is-hayatinda-basarili-olmak-icin-is-hayatinin-kurallari","status":"publish","type":"product","link":"https:\/\/roveyayinevi.com.tr\/index.php\/urun\/is-hayatinda-basarili-olmak-icin-is-hayatinin-kurallari\/","title":{"rendered":"\u0130\u015f Hayat\u0131nda Ba\u015far\u0131l\u0131 Olmak  \u0130\u00e7in \u0130\u015f Hayat\u0131n\u0131n Kurallar\u0131"},"content":{"rendered":"<p>Baz\u0131 insanlar, i\u015f hayat\u0131nda m\u00fckemmelli\u011fi yakalarlar. Her seferinde do\u011fru kararlar\u0131 verir, performanslar\u0131yla takdir toplarlar. Her konu\u015fmada isimleri dillendirilir. Herkes sever onlar\u0131; terfi ederler, maa\u015flar\u0131 h\u0131zl\u0131ca artar. Y\u00f6neticileri ve patronlar\u0131yla aralar\u0131 hep iyidir. Ve bir \u015fekilde, b\u00fct\u00fcn bunlar\u0131 itici olmadan, \u00e7ok \u00e7aba g\u00f6stermeden ya da \u00e7ok fazla \u00e7abal\u0131yor gibi g\u00f6r\u00fcnmeden yapmay\u0131 ba\u015far\u0131rlar. Kurumsal basamaklarda bir ad\u0131m daha y\u00fckselmeleri teklif edildi\u011finde ya da herkesin istedi\u011fi bir pozisyon onlara \u00f6nerildi\u011finde kimse \u015fa\u015f\u0131rmaz. Ne de olsa her t\u00fcrl\u00fc \u201cpotansiyele\u201d sahiptirler. Peki b\u00fct\u00fcn bunlar\u0131 nas\u0131l ba\u015far\u0131rlar? Bizim bilmedi\u011fimiz bir s\u0131rra m\u0131 vak\u0131flar? Evet, onlar i\u015f hayat\u0131n\u0131n kurallar\u0131n\u0131 bilirler.   Bu kitapta anlat\u0131lacak kurallar i\u015finizi nas\u0131l yapman\u0131z gerekti\u011fiyle alakal\u0131 de\u011fil. Elinizdeki kitap, i\u015finizi yaparken sizden yukar\u0131da ve a\u015fa\u011f\u0131da bulunan \u00e7al\u0131\u015fma arkada\u015flar\u0131n\u0131zda nas\u0131l bir izlenim b\u0131rakaca\u011f\u0131n\u0131z ve ba\u015far\u0131n\u0131z\u0131 nas\u0131l art\u0131raca\u011f\u0131n\u0131zla alakal\u0131.   \u0130\u015f Hayat\u0131nda Ba\u015far\u0131l\u0131 Olmak, hak etti\u011finiz ba\u015far\u0131y\u0131 elde etmenizi m\u00fcmk\u00fcn k\u0131lacak. <\/p>\n","protected":false},"excerpt":{"rendered":"<p>Baz\u0131 insanlar, i\u015f hayat\u0131nda m\u00fckemmelli\u011fi yakalarlar. Her seferinde do\u011fru kararlar\u0131 verir, performanslar\u0131yla takdir toplarlar. Her konu\u015fmada isimleri dillendirilir. Herkes sever onlar\u0131; terfi ederler, maa\u015flar\u0131 h\u0131zl\u0131ca artar.<span class=\"excerpt-hellip\"> [\u2026]<\/span><\/p>\n","protected":false},"featured_media":0,"template":"","meta":{"_monsterinsights_skip_tracking":false,"_monsterinsights_sitenote_active":false,"_monsterinsights_sitenote_note":"","_monsterinsights_sitenote_category":0},"product_brand":[],"product_cat":[12364,12376],"product_tag":[],"class_list":{"0":"post-742492","1":"product","2":"type-product","3":"status-publish","5":"product_cat-genel-konular","6":"product_cat-kisisel-gelisim","7":"pa_cilt-ciltsiz","8":"pa_tur-kitap","9":"pa_yayinevi-akil-celen-kitaplar","10":"pa_yazar-richard-templar","12":"first","13":"instock","14":"sale","15":"shipping-taxable","16":"purchasable","17":"product-type-simple"},"_links":{"self":[{"href":"https:\/\/roveyayinevi.com.tr\/index.php\/wp-json\/wp\/v2\/product\/742492","targetHints":{"allow":["GET"]}}],"collection":[{"href":"https:\/\/roveyayinevi.com.tr\/index.php\/wp-json\/wp\/v2\/product"}],"about":[{"href":"https:\/\/roveyayinevi.com.tr\/index.php\/wp-json\/wp\/v2\/types\/product"}],"wp:attachment":[{"href":"https:\/\/roveyayinevi.com.tr\/index.php\/wp-json\/wp\/v2\/media?parent=742492"}],"wp:term":[{"taxonomy":"product_brand","embeddable":true,"href":"https:\/\/roveyayinevi.com.tr\/index.php\/wp-json\/wp\/v2\/product_brand?post=742492"},{"taxonomy":"product_cat","embeddable":true,"href":"https:\/\/roveyayinevi.com.tr\/index.php\/wp-json\/wp\/v2\/product_cat?post=742492"},{"taxonomy":"product_tag","embeddable":true,"href":"https:\/\/roveyayinevi.com.tr\/index.php\/wp-json\/wp\/v2\/product_tag?post=742492"}],"curies":[{"name":"wp","href":"https:\/\/api.w.org\/{rel}","templated":true}]}}