{"id":742490,"date":"2025-08-28T01:13:10","date_gmt":"2025-08-27T22:13:10","guid":{"rendered":"https:\/\/roveyayinevi.com.tr\/index.php\/urun\/culluk\/"},"modified":"2026-04-03T02:57:36","modified_gmt":"2026-04-02T23:57:36","slug":"culluk","status":"publish","type":"product","link":"https:\/\/roveyayinevi.com.tr\/index.php\/urun\/culluk\/","title":{"rendered":"\u00c7ulluk"},"content":{"rendered":"<p>Mahmut Yesari\u2019nin 1927 y\u0131l\u0131nda yay\u0131mlad\u0131\u011f\u0131 roman\u0131 \u00c7ulluk, yazar\u0131n\u0131n ad\u0131n\u0131 duyuran bir eser olmas\u0131n\u0131n yan\u0131 s\u0131ra edebiyat tarihimizde \u201ci\u015f\u00e7i s\u0131n\u0131f\u0131\u201dn\u0131 anlatan ilk roman olarak da \u00f6ne \u00e7\u0131kar. Yazar, bu roman\u0131n\u0131 yazmak i\u00e7in Cibali\u2019deki reji (t\u00fct\u00fcn) fabrikas\u0131nda bir hafta i\u015f\u00e7i olarak \u00e7al\u0131\u015fm\u0131\u015ft\u0131r. Roman\u0131n \u00f6n plan\u0131nda M\u00fcnevver ile Murat \u00c7avu\u015f aras\u0131ndaki a\u015fk anlat\u0131l\u0131r. Ancak sat\u0131r aralar\u0131nda erken Cumhuriyet d\u00f6neminde kad\u0131n\u0131n konumu, i\u015f\u00e7ilerin zorlu \u00e7al\u0131\u015fma \u015fartlar\u0131 ve d\u00f6nemin sosyal hayat\u0131 gibi konulara dair \u00f6nemli ayr\u0131nt\u0131lar i\u00e7erir. \u00c7ulluk, Orhan Kemal\u2019den \u00e7ok daha \u00f6nce fabrika i\u015f\u00e7ilerinin ya\u015fam ko\u015fullar\u0131n\u0131 g\u00f6zler \u00f6n\u00fcne sermesiyle edebiyat\u0131m\u0131zda ayr\u0131 bir yerde durmaktad\u0131r. \u201cM\u00fcnevver\u2019in gayreti, Bekir\u2019e \u00e7ok dokunmu\u015ftu. Onun, hastal\u0131\u011f\u0131na, yorgunlu\u011funa ra\u011fmen neden \u00e7al\u0131\u015fmak istedi\u011fini anl\u0131yordu. Bu, a\u00e7l\u0131k denilen \u00f6yle bir ihtiya\u00e7, \u00f6yle bir mecburiyetti ki, insana ancak, \u00f6l\u00fcm \u201cDur!\u201d diyebilirdi&#8230; Son gayretini, son nefesine kadar sarf edecekti&#8230; \u0130\u015fleyen elleri, kalbiyle birlikte durabilirdi&#8230; Huzur, istirahat tavsiyelerini, nasihatlerini, mideden uzanan hain, insafs\u0131z bir pen\u00e7e, lahzada bo\u011far, \u00f6ld\u00fcr\u00fcrd\u00fc&#8230;\u201d   <\/p>\n","protected":false},"excerpt":{"rendered":"<p>Mahmut Yesari\u2019nin 1927 y\u0131l\u0131nda yay\u0131mlad\u0131\u011f\u0131 roman\u0131 \u00c7ulluk, yazar\u0131n\u0131n ad\u0131n\u0131 duyuran bir eser olmas\u0131n\u0131n yan\u0131 s\u0131ra edebiyat tarihimizde \u201ci\u015f\u00e7i s\u0131n\u0131f\u0131\u201dn\u0131 anlatan ilk roman olarak da \u00f6ne \u00e7\u0131kar.<span class=\"excerpt-hellip\"> [\u2026]<\/span><\/p>\n","protected":false},"featured_media":0,"template":"","meta":{"_monsterinsights_skip_tracking":false,"_monsterinsights_sitenote_active":false,"_monsterinsights_sitenote_note":"","_monsterinsights_sitenote_category":0},"product_brand":[],"product_cat":[12291,12711],"product_tag":[],"class_list":{"0":"post-742490","1":"product","2":"type-product","3":"status-publish","5":"product_cat-edebiyat","6":"product_cat-roman-oyku","7":"pa_cilt-ciltsiz","8":"pa_tur-kitap","9":"pa_yayinevi-kirmizi-kedi-yayinevi","10":"pa_yazar-mahmut-yesari","12":"first","13":"instock","14":"sale","15":"shipping-taxable","16":"purchasable","17":"product-type-simple"},"_links":{"self":[{"href":"https:\/\/roveyayinevi.com.tr\/index.php\/wp-json\/wp\/v2\/product\/742490","targetHints":{"allow":["GET"]}}],"collection":[{"href":"https:\/\/roveyayinevi.com.tr\/index.php\/wp-json\/wp\/v2\/product"}],"about":[{"href":"https:\/\/roveyayinevi.com.tr\/index.php\/wp-json\/wp\/v2\/types\/product"}],"wp:attachment":[{"href":"https:\/\/roveyayinevi.com.tr\/index.php\/wp-json\/wp\/v2\/media?parent=742490"}],"wp:term":[{"taxonomy":"product_brand","embeddable":true,"href":"https:\/\/roveyayinevi.com.tr\/index.php\/wp-json\/wp\/v2\/product_brand?post=742490"},{"taxonomy":"product_cat","embeddable":true,"href":"https:\/\/roveyayinevi.com.tr\/index.php\/wp-json\/wp\/v2\/product_cat?post=742490"},{"taxonomy":"product_tag","embeddable":true,"href":"https:\/\/roveyayinevi.com.tr\/index.php\/wp-json\/wp\/v2\/product_tag?post=742490"}],"curies":[{"name":"wp","href":"https:\/\/api.w.org\/{rel}","templated":true}]}}