{"id":742488,"date":"2025-08-28T01:13:08","date_gmt":"2025-08-27T22:13:08","guid":{"rendered":"https:\/\/roveyayinevi.com.tr\/index.php\/urun\/sosyalist-dusuncenin-gelismesi\/"},"modified":"2026-04-16T02:53:29","modified_gmt":"2026-04-15T23:53:29","slug":"sosyalist-dusuncenin-gelismesi","status":"publish","type":"product","link":"https:\/\/roveyayinevi.com.tr\/index.php\/urun\/sosyalist-dusuncenin-gelismesi\/","title":{"rendered":"Sosyalist D\u00fc\u015f\u00fcncenin Geli\u015fmesi"},"content":{"rendered":"<p>Sosyalist D\u00fc\u015f\u00fcncenin Geli\u015fmesi, bilimsel sosyalizmin Karl Marx ile beraber en \u00f6nemli adlar\u0131ndan Friedrich Engels\u2019in \u00e7e\u015fitli yaz\u0131lar\u0131ndan olu\u015fuyor. Selahattin Hilav\u2019\u0131n sosyalist d\u00fc\u015f\u00fcncenin tarihi geli\u015fmesi ve metodu hakk\u0131nda okura derli toplu bir \u201cgiri\u015f\u201d d\u00fcsturuyla derleyip \u00e7evirdi\u011fi yaz\u0131lar, hayal g\u00fcc\u00fcne dayanan bir sosyalist toplum tasvirini de\u011fil, sosyalizmin tarihi kaynaklar\u0131n\u0131, sosyalist d\u00fc\u015f\u00fcncenin hangi \u015fartlarla ve nas\u0131l geli\u015fip bilimsel bir nitelik kazand\u0131\u011f\u0131n\u0131 ortaya koyuyor. Sosyal problemlerin her ge\u00e7en g\u00fcn daha b\u00fcy\u00fck bir yar\u0131lma halini ald\u0131\u011f\u0131 g\u00fcn\u00fcm\u00fcz d\u00fcnyas\u0131nda, olaylar\u0131 daha do\u011fru de\u011ferlendirebilmek, konulara tarihi ve bilimsel a\u00e7\u0131dan bakabilmek i\u00e7in \u00f6nemli bir kaynak kitap. \u201cB\u00f6l\u00fc\u015f\u00fcmdeki e\u015fitsizlikle birlikte s\u0131n\u0131f farklar\u0131 da ortaya \u00e7\u0131kar. B\u00f6ylece toplum, imtiyazl\u0131 s\u0131n\u0131flarla zarara u\u011frayan s\u0131n\u0131flar; s\u00f6m\u00fcren ve s\u00f6m\u00fcr\u00fclen ya da egemen olan ve egemenlik alt\u0131na al\u0131nan s\u0131n\u0131flar halinde b\u00f6l\u00fcn\u00fcr.\u201d <\/p>\n","protected":false},"excerpt":{"rendered":"<p>Sosyalist D\u00fc\u015f\u00fcncenin Geli\u015fmesi, bilimsel sosyalizmin Karl Marx ile beraber en \u00f6nemli adlar\u0131ndan Friedrich Engels\u2019in \u00e7e\u015fitli yaz\u0131lar\u0131ndan olu\u015fuyor. Selahattin Hilav\u2019\u0131n sosyalist d\u00fc\u015f\u00fcncenin tarihi geli\u015fmesi ve metodu hakk\u0131nda<span class=\"excerpt-hellip\"> [\u2026]<\/span><\/p>\n","protected":false},"featured_media":0,"template":"","meta":{"_monsterinsights_skip_tracking":false,"_monsterinsights_sitenote_active":false,"_monsterinsights_sitenote_note":"","_monsterinsights_sitenote_category":0},"product_brand":[],"product_cat":[12388,15536],"product_tag":[],"class_list":{"0":"post-742488","1":"product","2":"type-product","3":"status-publish","5":"product_cat-felsefe","6":"product_cat-siyaset-felsefesi","7":"pa_cilt-ciltsiz","8":"pa_tur-kitap","9":"pa_yayinevi-kirmizi-kedi-yayinevi","10":"pa_yazar-friedrich-engels","12":"first","13":"instock","14":"sale","15":"shipping-taxable","16":"purchasable","17":"product-type-simple"},"_links":{"self":[{"href":"https:\/\/roveyayinevi.com.tr\/index.php\/wp-json\/wp\/v2\/product\/742488","targetHints":{"allow":["GET"]}}],"collection":[{"href":"https:\/\/roveyayinevi.com.tr\/index.php\/wp-json\/wp\/v2\/product"}],"about":[{"href":"https:\/\/roveyayinevi.com.tr\/index.php\/wp-json\/wp\/v2\/types\/product"}],"wp:attachment":[{"href":"https:\/\/roveyayinevi.com.tr\/index.php\/wp-json\/wp\/v2\/media?parent=742488"}],"wp:term":[{"taxonomy":"product_brand","embeddable":true,"href":"https:\/\/roveyayinevi.com.tr\/index.php\/wp-json\/wp\/v2\/product_brand?post=742488"},{"taxonomy":"product_cat","embeddable":true,"href":"https:\/\/roveyayinevi.com.tr\/index.php\/wp-json\/wp\/v2\/product_cat?post=742488"},{"taxonomy":"product_tag","embeddable":true,"href":"https:\/\/roveyayinevi.com.tr\/index.php\/wp-json\/wp\/v2\/product_tag?post=742488"}],"curies":[{"name":"wp","href":"https:\/\/api.w.org\/{rel}","templated":true}]}}