{"id":742487,"date":"2025-08-28T01:13:07","date_gmt":"2025-08-27T22:13:07","guid":{"rendered":"https:\/\/roveyayinevi.com.tr\/index.php\/urun\/iade-i-itibar\/"},"modified":"2026-04-16T02:53:29","modified_gmt":"2026-04-15T23:53:29","slug":"iade-i-itibar","status":"publish","type":"product","link":"https:\/\/roveyayinevi.com.tr\/index.php\/urun\/iade-i-itibar\/","title":{"rendered":"\u0130ade-i \u0130tibar"},"content":{"rendered":"<p>\u201cHaklar, sadece sesini duyuranlar taraf\u0131ndan kazan\u0131l\u0131r.\u201d Kimi kad\u0131n haklar\u0131 i\u00e7in m\u00fccadele etti, kimi k\u00f6leli\u011fe kar\u015f\u0131 harekete ge\u00e7ti; kimi ba\u011f\u0131ms\u0131zl\u0131k derdindeydi, kimi d\u00fc\u015f\u00fcnce \u00f6zg\u00fcrl\u00fc\u011f\u00fc, kimi de e\u015fitlik&#8230; Ama her zaman bunun bir bedeli vard\u0131. Y\u0131llar sonra asl\u0131nda hakl\u0131 olduklar\u0131 anla\u015f\u0131l\u0131p heykelleri dikildi, itibarlar\u0131n\u0131n arkas\u0131nda durulmaya \u00e7al\u0131\u015f\u0131ld\u0131. Arkalar\u0131ndan dilenen \u00f6z\u00fcrler, verilen unvanlar, yap\u0131lan b\u00fcstler onlar\u0131 geri getirmedi ama nihayetinde anla\u015f\u0131ld\u0131klar\u0131 g\u00fcn gelmi\u015fti! \u0130ade-i \u0130tibar; ya\u015fad\u0131klar\u0131 d\u00f6nemde d\u00fc\u015f\u00fcnd\u00fckleri, yapt\u0131klar\u0131, cesaretleri ve savunduklar\u0131 y\u00fcz\u00fcnden cezaland\u0131r\u0131lm\u0131\u015f, haks\u0131zl\u0131\u011fa u\u011fram\u0131\u015f, s\u00fcr\u00fclm\u00fc\u015f ve hatta \u00f6ld\u00fcr\u00fclm\u00fc\u015f ki\u015filerin hik\u00e2yesini anlat\u0131yor. Ezgi Cankurtaran\u2019\u0131n yay\u0131n d\u00fcnyas\u0131na att\u0131\u011f\u0131 ilk ad\u0131m olan, derin ara\u015ft\u0131rma ve \u00e7al\u0131\u015fmalar\u0131n \u00fcr\u00fcn\u00fc bu kitapta yazar\u0131n etkileyici kalemi, okuyucusunu y\u0131llar \u00f6ncesinin sosyal ve siyasi \u00e7alkant\u0131l\u0131 atmosferine s\u00fcr\u00fckl\u00fcyor; benli\u011fi, varl\u0131\u011f\u0131, an\u0131lar\u0131, tutkular\u0131, co\u015fkular\u0131, a\u015fklar\u0131, \u00e7\u00f6k\u00fc\u015fleri ve m\u00fccadeleleriyle hakk\u0131 teslim edilmesi gerekenleri hat\u0131rlat\u0131yor.<\/p>\n","protected":false},"excerpt":{"rendered":"<p>\u201cHaklar, sadece sesini duyuranlar taraf\u0131ndan kazan\u0131l\u0131r.\u201d Kimi kad\u0131n haklar\u0131 i\u00e7in m\u00fccadele etti, kimi k\u00f6leli\u011fe kar\u015f\u0131 harekete ge\u00e7ti; kimi ba\u011f\u0131ms\u0131zl\u0131k derdindeydi, kimi d\u00fc\u015f\u00fcnce \u00f6zg\u00fcrl\u00fc\u011f\u00fc, kimi de e\u015fitlik&#8230;<span class=\"excerpt-hellip\"> [\u2026]<\/span><\/p>\n","protected":false},"featured_media":0,"template":"","meta":{"_monsterinsights_skip_tracking":false,"_monsterinsights_sitenote_active":false,"_monsterinsights_sitenote_note":"","_monsterinsights_sitenote_category":0},"product_brand":[],"product_cat":[14009,12291],"product_tag":[],"class_list":{"0":"post-742487","1":"product","2":"type-product","3":"status-publish","5":"product_cat-biyografi-otobiyografi-edebiyat","6":"product_cat-edebiyat","7":"pa_cilt-ciltsiz","8":"pa_tur-kitap","9":"pa_yayinevi-inkilap-kitabevi","10":"pa_yazar-ezgi-cankurtaran","12":"first","13":"instock","14":"sale","15":"shipping-taxable","16":"purchasable","17":"product-type-simple"},"_links":{"self":[{"href":"https:\/\/roveyayinevi.com.tr\/index.php\/wp-json\/wp\/v2\/product\/742487","targetHints":{"allow":["GET"]}}],"collection":[{"href":"https:\/\/roveyayinevi.com.tr\/index.php\/wp-json\/wp\/v2\/product"}],"about":[{"href":"https:\/\/roveyayinevi.com.tr\/index.php\/wp-json\/wp\/v2\/types\/product"}],"wp:attachment":[{"href":"https:\/\/roveyayinevi.com.tr\/index.php\/wp-json\/wp\/v2\/media?parent=742487"}],"wp:term":[{"taxonomy":"product_brand","embeddable":true,"href":"https:\/\/roveyayinevi.com.tr\/index.php\/wp-json\/wp\/v2\/product_brand?post=742487"},{"taxonomy":"product_cat","embeddable":true,"href":"https:\/\/roveyayinevi.com.tr\/index.php\/wp-json\/wp\/v2\/product_cat?post=742487"},{"taxonomy":"product_tag","embeddable":true,"href":"https:\/\/roveyayinevi.com.tr\/index.php\/wp-json\/wp\/v2\/product_tag?post=742487"}],"curies":[{"name":"wp","href":"https:\/\/api.w.org\/{rel}","templated":true}]}}