{"id":742485,"date":"2025-08-28T01:13:04","date_gmt":"2025-08-27T22:13:04","guid":{"rendered":"https:\/\/roveyayinevi.com.tr\/index.php\/urun\/kokunun-izi\/"},"modified":"2026-04-16T02:53:29","modified_gmt":"2026-04-15T23:53:29","slug":"kokunun-izi","status":"publish","type":"product","link":"https:\/\/roveyayinevi.com.tr\/index.php\/urun\/kokunun-izi\/","title":{"rendered":"Kokunun \u0130zi"},"content":{"rendered":"<p>\u201cB\u00fct\u00fcn ili\u015fkilerde bir g\u00fcn yaln\u0131z kal\u0131nd\u0131. Hay\u0131r, ayr\u0131l\u0131\u011f\u0131 kastetmiyorum. Belki yabanc\u0131la\u015fma, belki t\u00fckeni\u015f, belki kan\u0131ksama\u2026 Bir g\u00fcn geldi, her evde bo\u015f g\u00f6zlerle uzaklara dal\u0131nd\u0131. Ya a\u015fktan kalan yetmedi ya a\u015fks\u0131zl\u0131k hali fazla geldi. Mesafeler a\u00e7\u0131ld\u0131 g\u00fcn\u00fcn birinde her evde. D\u00fcped\u00fcz \u00e7oklu bir yaln\u0131zl\u0131\u011f\u0131 anlat\u0131yorum. Kimsenin kimseye derman olamad\u0131\u011f\u0131, varl\u0131\u011f\u0131n ancak kendine yetti\u011fi bir yaln\u0131zl\u0131ktan bahsediyorum. Bu da sevgiye dahildi belki ya da biz sevmeyi hep yanl\u0131\u015f anlam\u0131\u015ft\u0131k. Bilmiyorum.\u201d G\u00f6khan Da\u011f\u0131stanl\u0131\u2019dan a\u015fka dair, yal\u0131n ama s\u00f6z\u00fcn duygu y\u00fck\u00fcyle dopdolu mektuplar, hik\u00e2yeler. \u201cBu mektuplar; hayat\u0131n i\u00e7indeki olumsuzluklar\u0131 g\u00f6rd\u00fck\u00e7e zaman zaman k\u00fc\u00e7\u00fcmsese de a\u015fktan vazge\u00e7emeyenlere; onlarca kez ac\u0131 \u00e7ekse de su\u00e7u a\u015fkta aramayanlara; mutlulu\u011fu, kaybetme korkusuna kurban etmeyenlere; ya\u015fam\u0131n gizinin ancak a\u015fktan ibaret olabilece\u011fine inananlara adanm\u0131\u015ft\u0131r.\u201d<\/p>\n","protected":false},"excerpt":{"rendered":"<p>\u201cB\u00fct\u00fcn ili\u015fkilerde bir g\u00fcn yaln\u0131z kal\u0131nd\u0131. Hay\u0131r, ayr\u0131l\u0131\u011f\u0131 kastetmiyorum. Belki yabanc\u0131la\u015fma, belki t\u00fckeni\u015f, belki kan\u0131ksama\u2026 Bir g\u00fcn geldi, her evde bo\u015f g\u00f6zlerle uzaklara dal\u0131nd\u0131. Ya a\u015fktan<span class=\"excerpt-hellip\"> [\u2026]<\/span><\/p>\n","protected":false},"featured_media":0,"template":"","meta":{"_monsterinsights_skip_tracking":false,"_monsterinsights_sitenote_active":false,"_monsterinsights_sitenote_note":"","_monsterinsights_sitenote_category":0},"product_brand":[],"product_cat":[12291,12711],"product_tag":[],"class_list":{"0":"post-742485","1":"product","2":"type-product","3":"status-publish","5":"product_cat-edebiyat","6":"product_cat-roman-oyku","7":"pa_cilt-ciltsiz","8":"pa_tur-kitap","9":"pa_yayinevi-inkilap-kitabevi","10":"pa_yazar-gokhan-dagistanli","12":"first","13":"instock","14":"sale","15":"shipping-taxable","16":"purchasable","17":"product-type-simple"},"_links":{"self":[{"href":"https:\/\/roveyayinevi.com.tr\/index.php\/wp-json\/wp\/v2\/product\/742485","targetHints":{"allow":["GET"]}}],"collection":[{"href":"https:\/\/roveyayinevi.com.tr\/index.php\/wp-json\/wp\/v2\/product"}],"about":[{"href":"https:\/\/roveyayinevi.com.tr\/index.php\/wp-json\/wp\/v2\/types\/product"}],"wp:attachment":[{"href":"https:\/\/roveyayinevi.com.tr\/index.php\/wp-json\/wp\/v2\/media?parent=742485"}],"wp:term":[{"taxonomy":"product_brand","embeddable":true,"href":"https:\/\/roveyayinevi.com.tr\/index.php\/wp-json\/wp\/v2\/product_brand?post=742485"},{"taxonomy":"product_cat","embeddable":true,"href":"https:\/\/roveyayinevi.com.tr\/index.php\/wp-json\/wp\/v2\/product_cat?post=742485"},{"taxonomy":"product_tag","embeddable":true,"href":"https:\/\/roveyayinevi.com.tr\/index.php\/wp-json\/wp\/v2\/product_tag?post=742485"}],"curies":[{"name":"wp","href":"https:\/\/api.w.org\/{rel}","templated":true}]}}