{"id":742483,"date":"2025-08-28T01:13:02","date_gmt":"2025-08-27T22:13:02","guid":{"rendered":"https:\/\/roveyayinevi.com.tr\/index.php\/urun\/zabel-yesayan-yasami-ve-eserleri\/"},"modified":"2026-04-16T02:53:29","modified_gmt":"2026-04-15T23:53:29","slug":"zabel-yesayan-yasami-ve-eserleri","status":"publish","type":"product","link":"https:\/\/roveyayinevi.com.tr\/index.php\/urun\/zabel-yesayan-yasami-ve-eserleri\/","title":{"rendered":"Zabel Yesayan Ya\u015fam\u0131 ve Eserleri"},"content":{"rendered":"<p>Sosi Antikac\u0131o\u011flu\u2019nun titiz bir ara\u015ft\u0131rma sonucu kaleme ald\u0131\u011f\u0131 Zabel Yesayan\u2019\u0131n (1878-1943?) s\u0131ra d\u0131\u015f\u0131 ya\u015fam\u0131n\u0131 konu edinen ve t\u00fcm \u00f6nemli eserlerinin incelemesini de i\u00e7eren bu kitap, yazar hakk\u0131nda yay\u0131mlanan ilk kapsaml\u0131 monografi olma \u00f6zelli\u011fini ta\u015f\u0131yor. Bat\u0131 Ermeni edebiyat\u0131n\u0131n \u00f6nemli isimlerinden Yesayan hayat\u0131 boyunca s\u0131n\u0131fsal ayr\u0131l\u0131klar\u0131 olmayan bir topluma \u00f6zlem duymu\u015f, b\u00fcy\u00fck idealler pe\u015finde, kalemini adaletsizliklere kar\u015f\u0131 bir silah gibi kullanm\u0131\u015f, inand\u0131\u011f\u0131 e\u015fitlik\u00e7i \u00fctopyalar\u0131 ve bireysel \u00f6zg\u00fcrl\u00fckleri ger\u00e7ekle\u015ftirmek i\u00e7in \u00e7o\u011fu kez kendi g\u00fcvenli\u011fini hi\u00e7e saym\u0131\u015ft\u0131r. Yesayan, eserlerinde kurgulad\u0131\u011f\u0131 kad\u0131nlar\u0131n psikolojik durumlar\u0131n\u0131 irdelerken ki\u015fisel \u00f6zg\u00fcrl\u00fckle geleneksel beklentiler aras\u0131ndaki ikilemi dile getirmi\u015f, toplumun her kesiminde e\u015fitlik sa\u011flanmad\u0131k\u00e7a kad\u0131n erkek e\u015fitli\u011finin de m\u00fcmk\u00fcn olamayaca\u011f\u0131n\u0131 \u00f6zellikle vurgulam\u0131\u015ft\u0131r. \u00c7a\u011f\u0131n\u0131n \u00f6tesindeki fikirleriyle bir devrim yaratan bu ola\u011fan\u00fcst\u00fc kad\u0131n\u0131n hayat\u0131 Antikac\u0131o\u011flu\u2019nun sat\u0131rlar\u0131yla bir destana d\u00f6n\u00fc\u015f\u00fcyor ve okurlar\u0131na m\u00fccadele i\u00e7inde ge\u00e7mi\u015f onurlu bir hayat\u0131n portresini sunuyor.<\/p>\n","protected":false},"excerpt":{"rendered":"<p>Sosi Antikac\u0131o\u011flu\u2019nun titiz bir ara\u015ft\u0131rma sonucu kaleme ald\u0131\u011f\u0131 Zabel Yesayan\u2019\u0131n (1878-1943?) s\u0131ra d\u0131\u015f\u0131 ya\u015fam\u0131n\u0131 konu edinen ve t\u00fcm \u00f6nemli eserlerinin incelemesini de i\u00e7eren bu kitap, yazar<span class=\"excerpt-hellip\"> [\u2026]<\/span><\/p>\n","protected":false},"featured_media":0,"template":"","meta":{"_monsterinsights_skip_tracking":false,"_monsterinsights_sitenote_active":false,"_monsterinsights_sitenote_note":"","_monsterinsights_sitenote_category":0},"product_brand":[],"product_cat":[14009,12291],"product_tag":[],"class_list":{"0":"post-742483","1":"product","2":"type-product","3":"status-publish","5":"product_cat-biyografi-otobiyografi-edebiyat","6":"product_cat-edebiyat","7":"pa_cilt-ciltsiz","8":"pa_tur-kitap","9":"pa_yayinevi-inkilap-kitabevi","10":"pa_yazar-sosi-antikacioglu","12":"first","13":"instock","14":"sale","15":"shipping-taxable","16":"purchasable","17":"product-type-simple"},"_links":{"self":[{"href":"https:\/\/roveyayinevi.com.tr\/index.php\/wp-json\/wp\/v2\/product\/742483","targetHints":{"allow":["GET"]}}],"collection":[{"href":"https:\/\/roveyayinevi.com.tr\/index.php\/wp-json\/wp\/v2\/product"}],"about":[{"href":"https:\/\/roveyayinevi.com.tr\/index.php\/wp-json\/wp\/v2\/types\/product"}],"wp:attachment":[{"href":"https:\/\/roveyayinevi.com.tr\/index.php\/wp-json\/wp\/v2\/media?parent=742483"}],"wp:term":[{"taxonomy":"product_brand","embeddable":true,"href":"https:\/\/roveyayinevi.com.tr\/index.php\/wp-json\/wp\/v2\/product_brand?post=742483"},{"taxonomy":"product_cat","embeddable":true,"href":"https:\/\/roveyayinevi.com.tr\/index.php\/wp-json\/wp\/v2\/product_cat?post=742483"},{"taxonomy":"product_tag","embeddable":true,"href":"https:\/\/roveyayinevi.com.tr\/index.php\/wp-json\/wp\/v2\/product_tag?post=742483"}],"curies":[{"name":"wp","href":"https:\/\/api.w.org\/{rel}","templated":true}]}}