{"id":742480,"date":"2025-08-28T01:12:58","date_gmt":"2025-08-27T22:12:58","guid":{"rendered":"https:\/\/roveyayinevi.com.tr\/index.php\/urun\/zaman-cabuk-gecer-akil-gec-kalir\/"},"modified":"2026-04-16T02:53:29","modified_gmt":"2026-04-15T23:53:29","slug":"zaman-cabuk-gecer-akil-gec-kalir","status":"publish","type":"product","link":"https:\/\/roveyayinevi.com.tr\/index.php\/urun\/zaman-cabuk-gecer-akil-gec-kalir\/","title":{"rendered":"Zaman \u00c7abuk Ge\u00e7er Ak\u0131l Ge\u00e7 Kal\u0131r"},"content":{"rendered":"<p>ZAMAN \u00c7ABUK GE\u00c7ER, AKIL GE\u00c7 KALIR Sava\u015fa kat\u0131ld\u0131ktan sonra sava\u015f kar\u015f\u0131t\u0131 olan, bir y\u0131l i\u00e7inde iki evlat ac\u0131s\u0131 ya\u015fayan bir askeri psikiyatrdan bilgelik ve sa\u011fduyuyla yo\u011frulmu\u015f hayat dersleri&#8230; En b\u00fcy\u00fck kay\u0131plar\u0131n, en a\u011f\u0131r yenilgilerin \u00fcstesinden gelmek ve hayata yeniden sar\u0131lmak, yeniden g\u00fclmek, mutlu olmak m\u00fcmk\u00fcn&#8230; Hayat\u0131n ini\u015fli-\u00e7\u0131k\u0131\u015fl\u0131, dolamba\u00e7l\u0131 bir yol oldu\u011fu mal\u00fbm. Evet, bu yolda hep iyi, g\u00fczel \u015feyler olmaz ama hep k\u00f6t\u00fc, \u00e7irkin \u015feyler de olmaz. \u0130yiliklerin, g\u00fczelliklerin keyfini \u00e7\u0131kar\u0131rken, k\u00f6t\u00fcl\u00fcklerin, \u00e7irkinliklerin \u00fcstesinden gelmek i\u00e7in belirli bir hayat tecr\u00fcbesinin yan\u0131 s\u0131ra baz\u0131 ger\u00e7ekleri bilmek, hayat\u0131n hangi dersleri verdi\u011fini, bize ne s\u00f6ylemeye \u00e7al\u0131\u015ft\u0131\u011f\u0131n\u0131 anlamak gerekir. \u201cHarita zeminle uyu\u015fmuyorsa yanl\u0131\u015f olan zemin de\u011fil haritad\u0131r.\u201d &#8220;Kendine yalan s\u00f6ylemek k\u00f6t\u00fc bir fikirdir.&#8221; \u201cEn g\u00fc\u00e7l\u00fc y\u00f6nlerimiz ayn\u0131 zamanda en b\u00fcy\u00fck zay\u0131fl\u0131\u011f\u0131m\u0131zd\u0131r.\u201d \u201cSadece k\u00f6t\u00fc \u015feyler h\u0131zl\u0131ca meydana gelir&#8230;\u201d Bunlar gibi 30 hayat ger\u00e7e\u011fini ele alan Dr. Gordon Livingston kendi hayat derslerini psikiyatri biliminin s\u00fczgecinden ge\u00e7irerek aktar\u0131rken herkese umut a\u015f\u0131l\u0131yor. Zaman h\u0131zla akarken genellikle ge\u00e7 kalan ak\u0131lla ne kadar erken bulu\u015fursak o kadar iyi; Livingston bu randevuyu erkene alman\u0131n yolunu g\u00f6steriyor&#8230;<\/p>\n","protected":false},"excerpt":{"rendered":"<p>ZAMAN \u00c7ABUK GE\u00c7ER, AKIL GE\u00c7 KALIR Sava\u015fa kat\u0131ld\u0131ktan sonra sava\u015f kar\u015f\u0131t\u0131 olan, bir y\u0131l i\u00e7inde iki evlat ac\u0131s\u0131 ya\u015fayan bir askeri psikiyatrdan bilgelik ve sa\u011fduyuyla yo\u011frulmu\u015f<span class=\"excerpt-hellip\"> [\u2026]<\/span><\/p>\n","protected":false},"featured_media":0,"template":"","meta":{"_monsterinsights_skip_tracking":false,"_monsterinsights_sitenote_active":false,"_monsterinsights_sitenote_note":"","_monsterinsights_sitenote_category":0},"product_brand":[],"product_cat":[12364,12376],"product_tag":[],"class_list":{"0":"post-742480","1":"product","2":"type-product","3":"status-publish","5":"product_cat-genel-konular","6":"product_cat-kisisel-gelisim","7":"pa_cilt-ciltsiz","8":"pa_tur-kitap","9":"pa_yayinevi-kuraldisi-yayinevi","10":"pa_yazar-gordon-livingston","12":"first","13":"instock","14":"sale","15":"shipping-taxable","16":"purchasable","17":"product-type-simple"},"_links":{"self":[{"href":"https:\/\/roveyayinevi.com.tr\/index.php\/wp-json\/wp\/v2\/product\/742480","targetHints":{"allow":["GET"]}}],"collection":[{"href":"https:\/\/roveyayinevi.com.tr\/index.php\/wp-json\/wp\/v2\/product"}],"about":[{"href":"https:\/\/roveyayinevi.com.tr\/index.php\/wp-json\/wp\/v2\/types\/product"}],"wp:attachment":[{"href":"https:\/\/roveyayinevi.com.tr\/index.php\/wp-json\/wp\/v2\/media?parent=742480"}],"wp:term":[{"taxonomy":"product_brand","embeddable":true,"href":"https:\/\/roveyayinevi.com.tr\/index.php\/wp-json\/wp\/v2\/product_brand?post=742480"},{"taxonomy":"product_cat","embeddable":true,"href":"https:\/\/roveyayinevi.com.tr\/index.php\/wp-json\/wp\/v2\/product_cat?post=742480"},{"taxonomy":"product_tag","embeddable":true,"href":"https:\/\/roveyayinevi.com.tr\/index.php\/wp-json\/wp\/v2\/product_tag?post=742480"}],"curies":[{"name":"wp","href":"https:\/\/api.w.org\/{rel}","templated":true}]}}