{"id":742479,"date":"2025-08-28T01:12:57","date_gmt":"2025-08-27T22:12:57","guid":{"rendered":"https:\/\/roveyayinevi.com.tr\/index.php\/urun\/eflatun-parmakli-adam\/"},"modified":"2026-04-16T02:53:29","modified_gmt":"2026-04-15T23:53:29","slug":"eflatun-parmakli-adam","status":"publish","type":"product","link":"https:\/\/roveyayinevi.com.tr\/index.php\/urun\/eflatun-parmakli-adam\/","title":{"rendered":"Eflatun Parmakl\u0131 Adam"},"content":{"rendered":"<p>Muhammed Akif Bayraktar, Nazende\u2019den sonraki ikinci \u015fiir kitab\u0131 Eflatun Parmakl\u0131 Adam\u2019da, okurunun kalbindeki yerini sa\u011flamla\u015ft\u0131racak \u015fiirlere yer veriyor. \u00d6m\u00fcr, beklemektir bir treni garda Bak, s\u0131rlar g\u00f6m\u00fcl\u00fc her mezarda \u0130nsan, g\u00f6nl\u00fcn\u00fc hileli bir zarda \u015eans\u0131n eline b\u0131rakaca\u011f\u0131n\u0131 m\u0131 san\u0131r? \u00c2\u015f\u0131k bakar, Ma\u015fuk ard\u0131ndan Ma\u015fuk, umursuz ard\u0131nda kalandan \u0130nsan, sevday\u0131 bir an yad\u0131ndan Saklay\u0131p mesut olaca\u011f\u0131n\u0131 m\u0131 san\u0131r? G\u00f6kteki su, bulur insan\u0131 yerde Toprak, arif olan\u0131 d\u00fc\u015f\u00fcr\u00fcr derde \u0130nsan, \u00e7amurdan imtina eder de \u00d6z\u00fcn\u00fc, imtinas\u0131ndan gayr\u0131 m\u0131 san\u0131r? <\/p>\n","protected":false},"excerpt":{"rendered":"<p>Muhammed Akif Bayraktar, Nazende\u2019den sonraki ikinci \u015fiir kitab\u0131 Eflatun Parmakl\u0131 Adam\u2019da, okurunun kalbindeki yerini sa\u011flamla\u015ft\u0131racak \u015fiirlere yer veriyor. \u00d6m\u00fcr, beklemektir bir treni garda Bak, s\u0131rlar g\u00f6m\u00fcl\u00fc<span class=\"excerpt-hellip\"> [\u2026]<\/span><\/p>\n","protected":false},"featured_media":0,"template":"","meta":{"_monsterinsights_skip_tracking":false,"_monsterinsights_sitenote_active":false,"_monsterinsights_sitenote_note":"","_monsterinsights_sitenote_category":0},"product_brand":[],"product_cat":[12291,12509],"product_tag":[],"class_list":{"0":"post-742479","1":"product","2":"type-product","3":"status-publish","5":"product_cat-edebiyat","6":"product_cat-siir","7":"pa_cilt-ciltsiz","8":"pa_tur-kitap","9":"pa_yayinevi-luna-yayinlari","10":"pa_yazar-muhammed-akif-bayraktar","12":"first","13":"instock","14":"sale","15":"shipping-taxable","16":"purchasable","17":"product-type-simple"},"_links":{"self":[{"href":"https:\/\/roveyayinevi.com.tr\/index.php\/wp-json\/wp\/v2\/product\/742479","targetHints":{"allow":["GET"]}}],"collection":[{"href":"https:\/\/roveyayinevi.com.tr\/index.php\/wp-json\/wp\/v2\/product"}],"about":[{"href":"https:\/\/roveyayinevi.com.tr\/index.php\/wp-json\/wp\/v2\/types\/product"}],"wp:attachment":[{"href":"https:\/\/roveyayinevi.com.tr\/index.php\/wp-json\/wp\/v2\/media?parent=742479"}],"wp:term":[{"taxonomy":"product_brand","embeddable":true,"href":"https:\/\/roveyayinevi.com.tr\/index.php\/wp-json\/wp\/v2\/product_brand?post=742479"},{"taxonomy":"product_cat","embeddable":true,"href":"https:\/\/roveyayinevi.com.tr\/index.php\/wp-json\/wp\/v2\/product_cat?post=742479"},{"taxonomy":"product_tag","embeddable":true,"href":"https:\/\/roveyayinevi.com.tr\/index.php\/wp-json\/wp\/v2\/product_tag?post=742479"}],"curies":[{"name":"wp","href":"https:\/\/api.w.org\/{rel}","templated":true}]}}