{"id":742478,"date":"2025-08-28T01:12:56","date_gmt":"2025-08-27T22:12:56","guid":{"rendered":"https:\/\/roveyayinevi.com.tr\/index.php\/urun\/turk-saman-mitolojisinin-teonimleri\/"},"modified":"2026-04-16T02:53:29","modified_gmt":"2026-04-15T23:53:29","slug":"turk-saman-mitolojisinin-teonimleri","status":"publish","type":"product","link":"https:\/\/roveyayinevi.com.tr\/index.php\/urun\/turk-saman-mitolojisinin-teonimleri\/","title":{"rendered":"T\u00fcrk \u015eaman Mitolojisinin Teonimleri"},"content":{"rendered":"<p>Prof. Dr. Fuzuli Bayat\u2019\u0131n d\u00f6rt kitab\u0131n\u0131n devam\u0131 ve tamamlay\u0131c\u0131s\u0131 niteli\u011finde olan bu kitapta, \u015faman teonimleri, bir ba\u015fka deyi\u015fle \u015faman ilah adlar\u0131 ba\u011flam\u0131nda mitin ve mitologemlerin rol\u00fc, mitik ideolojideki d\u00f6n\u00fc\u015f\u00fcmler, \u201cd\u00fczeltmeler\u201d vb. konular incelenmeye \u00e7al\u0131\u015f\u0131lm\u0131\u015ft\u0131r. Yazar, \u015faman teonimleri ve tanr\u0131sal kahramanlar hakk\u0131ndaki bu \u00e7al\u0131\u015fmay\u0131; unutulan, de\u011fi\u015fim ve d\u00f6n\u00fc\u015f\u00fcm sonucunda deforme olan T\u00fcrk \u015famanl\u0131\u011f\u0131n\u0131n ve \u015faman mitolojisinin son k\u0131r\u0131nt\u0131lar\u0131n\u0131 kay\u0131t alt\u0131na alarak gelecek nesillere aktarmak maksad\u0131yla haz\u0131rlam\u0131\u015ft\u0131r. Zira \u015famanl\u0131\u011f\u0131n ana vatan\u0131 olan Sayan-Altay ve Yakut T\u00fcrklerinde 1990\u2019l\u0131 y\u0131llardan itibaren yayg\u0131nla\u015fmaya ba\u015flayan say\u0131s\u0131z din\u00ee grup ve inan\u00e7 merkezinin aras\u0131nda zengin \u015faman mitolojisini \u00f6\u011frenen\/\u00f6\u011freten herhangi bir kurum yer almamaktad\u0131r. H\u00e2l b\u00f6yle olunca \u015faman mitolojisi, s\u00f6zl\u00fc gelene\u011fi ve \u015faman ilah adlar\u0131 olarak adland\u0131rd\u0131\u011f\u0131m\u0131z ba\u011f\u0131ml\u0131 tanr\u0131lar, y\u00fcksek dereceli ruhlar, tanr\u0131salla\u015fm\u0131\u015f ecdatlar ve kahramanlar hakk\u0131ndaki hik\u00e2yeler art\u0131k tarihe kar\u0131\u015fmaktad\u0131r. Hatta bug\u00fcn neo-\u015famanlar\u0131n da, pratikte isimlerini zikretmedikleri onlarca belki de y\u00fczlerce ilah ismi, onlar\u0131n i\u015flevleri, k\u00fclt\u00fcrel rolleri hakk\u0131ndaki bilgiler yok olup gitmektedir. K\u00fcresel d\u00fcnya \u00f6l\u00e7e\u011finde yeri olmayan bir dizi inan\u00e7, gelenek, \u00f6rf ve \u00e2detler, folklorik ve etnografik veriler korunmaya muhta\u00e7t\u0131r.<\/p>\n","protected":false},"excerpt":{"rendered":"<p>Prof. Dr. Fuzuli Bayat\u2019\u0131n d\u00f6rt kitab\u0131n\u0131n devam\u0131 ve tamamlay\u0131c\u0131s\u0131 niteli\u011finde olan bu kitapta, \u015faman teonimleri, bir ba\u015fka deyi\u015fle \u015faman ilah adlar\u0131 ba\u011flam\u0131nda mitin ve mitologemlerin rol\u00fc,<span class=\"excerpt-hellip\"> [\u2026]<\/span><\/p>\n","protected":false},"featured_media":0,"template":"","meta":{"_monsterinsights_skip_tracking":false,"_monsterinsights_sitenote_active":false,"_monsterinsights_sitenote_note":"","_monsterinsights_sitenote_category":0},"product_brand":[],"product_cat":[12718,12858],"product_tag":[],"class_list":{"0":"post-742478","1":"product","2":"type-product","3":"status-publish","5":"product_cat-din","6":"product_cat-mitolojiler","7":"pa_cilt-ciltsiz","8":"pa_tur-kitap","9":"pa_yayinevi-otuken-nesriyat","10":"pa_yazar-fuzuli-bayat","12":"first","13":"instock","14":"sale","15":"shipping-taxable","16":"purchasable","17":"product-type-simple"},"_links":{"self":[{"href":"https:\/\/roveyayinevi.com.tr\/index.php\/wp-json\/wp\/v2\/product\/742478","targetHints":{"allow":["GET"]}}],"collection":[{"href":"https:\/\/roveyayinevi.com.tr\/index.php\/wp-json\/wp\/v2\/product"}],"about":[{"href":"https:\/\/roveyayinevi.com.tr\/index.php\/wp-json\/wp\/v2\/types\/product"}],"wp:attachment":[{"href":"https:\/\/roveyayinevi.com.tr\/index.php\/wp-json\/wp\/v2\/media?parent=742478"}],"wp:term":[{"taxonomy":"product_brand","embeddable":true,"href":"https:\/\/roveyayinevi.com.tr\/index.php\/wp-json\/wp\/v2\/product_brand?post=742478"},{"taxonomy":"product_cat","embeddable":true,"href":"https:\/\/roveyayinevi.com.tr\/index.php\/wp-json\/wp\/v2\/product_cat?post=742478"},{"taxonomy":"product_tag","embeddable":true,"href":"https:\/\/roveyayinevi.com.tr\/index.php\/wp-json\/wp\/v2\/product_tag?post=742478"}],"curies":[{"name":"wp","href":"https:\/\/api.w.org\/{rel}","templated":true}]}}