{"id":742477,"date":"2025-08-28T01:12:55","date_gmt":"2025-08-27T22:12:55","guid":{"rendered":"https:\/\/roveyayinevi.com.tr\/index.php\/urun\/son-sansneden-yeni-bir-dunya-duzenine-ihtiyacimiz-var\/"},"modified":"2026-04-16T02:53:29","modified_gmt":"2026-04-15T23:53:29","slug":"son-sansneden-yeni-bir-dunya-duzenine-ihtiyacimiz-var","status":"publish","type":"product","link":"https:\/\/roveyayinevi.com.tr\/index.php\/urun\/son-sansneden-yeni-bir-dunya-duzenine-ihtiyacimiz-var\/","title":{"rendered":"Son \u015eans:Neden Yeni Bir D\u00fcnya D\u00fczenine \u0130htiyac\u0131m\u0131z Var?"},"content":{"rendered":"<p>Yeni bir d\u00fcnya d\u00fczeni yaratmak ger\u00e7ekten insanl\u0131\u011f\u0131n &#8220;son \u015fans\u0131&#8221; m\u0131?   T\u00fcrkiye&#8217;nin konumu ve durumu yeni d\u00fcnya d\u00fczeninde ne derece kritik?   Almanya eski Ba\u015fbakan\u0131 Gerhard Schr\u00f6der ve \u00fcnl\u00fc tarih\u00e7i Gregor Sch\u00f6llgen&#8217;in kaleme ald\u0131\u011f\u0131 Son \u015eans t\u00fcm bu sorulara yan\u0131t ar\u0131yor.     \u201cKar\u015f\u0131m\u0131zda hi\u00e7 de i\u00e7 a\u00e7\u0131c\u0131 bir g\u00f6r\u00fcnt\u00fc yok. \u0130kinci D\u00fcnya Sava\u015f\u0131\u2019n\u0131n sona ermesinden bu yana, d\u00fcnya \u00fczerindeki krizlerin say\u0131s\u0131 hi\u00e7 bu kadar y\u00fcksek olmam\u0131\u015ft\u0131.\u201d     Bat\u0131 egemenli\u011findeki eski d\u00fcnya d\u00fczeni \u00e7\u00f6kt\u00fc. Yeni g\u00fc\u00e7ler ise kendine bu d\u00fczende yer bulmaya \u00e7al\u0131\u015f\u0131yor. Bunlarla birlikte d\u00fcnya; iklim de\u011fi\u015fikli\u011fi, kaynak k\u0131tl\u0131\u011f\u0131, salg\u0131n hastal\u0131klar ve ter\u00f6rizm gibi bir\u00e7ok sorun ve krizle u\u011fra\u015f\u0131yor. Bu toplumsal ve k\u00fcresel krizlerin sonu\u00e7lar\u0131 ise dikkat \u00e7ekmekte. NATO\u2019nun ve Avrupa Birli\u011fi\u2019nin ak\u0131beti, \u00fclke ba\u015fkanlar\u0131n\u0131n diplomatik hamleleri, \u00fclkeler aras\u0131ndaki dostluk ve rekabet ili\u015fkileriyle her \u015feyin seyrini de\u011fi\u015ftirebilen anla\u015fmalar gelecek i\u00e7in hem zaruri hem de tehlikeli. T\u00fcrkiye\u2019nin de t\u00fcm bu meseleler i\u00e7indeki pozisyonu az\u0131msanmayacak derecede \u00f6nemli.   Usta bir tarih\u00e7i ve eski bir politikac\u0131n\u0131n d\u00fcnyan\u0131n durumunu birlikte analiz etti\u011fi Son \u015eans, Schr\u00f6der\u2019in politik deneyimiyle Sch\u00f6llgen\u2019in tarih bilgisini bir araya getiriyor. Ba\u015ftan sona ak\u0131c\u0131 bir \u015fekilde okunan bu kitap, insanl\u0131\u011f\u0131n g\u00fcn\u00fcm\u00fczdeki durumunu anlamak isteyen okurlar i\u00e7in temeli sa\u011flam bir kaynak.  <\/p>\n","protected":false},"excerpt":{"rendered":"<p>Yeni bir d\u00fcnya d\u00fczeni yaratmak ger\u00e7ekten insanl\u0131\u011f\u0131n &#8220;son \u015fans\u0131&#8221; m\u0131? T\u00fcrkiye&#8217;nin konumu ve durumu yeni d\u00fcnya d\u00fczeninde ne derece kritik? Almanya eski Ba\u015fbakan\u0131 Gerhard Schr\u00f6der ve<span class=\"excerpt-hellip\"> [\u2026]<\/span><\/p>\n","protected":false},"featured_media":0,"template":"","meta":{"_monsterinsights_skip_tracking":false,"_monsterinsights_sitenote_active":false,"_monsterinsights_sitenote_note":"","_monsterinsights_sitenote_category":0},"product_brand":[],"product_cat":[12338,12337],"product_tag":[],"class_list":{"0":"post-742477","1":"product","2":"type-product","3":"status-publish","5":"product_cat-dunya-siyaseti-ve-politikasi","6":"product_cat-politika-siyaset","7":"pa_cilt-ciltsiz","8":"pa_tur-kitap","9":"pa_yayinevi-epsilon-yayinlari","10":"pa_yazar-gregor-schollgen-gerhard-schroder","12":"first","13":"instock","14":"sale","15":"shipping-taxable","16":"purchasable","17":"product-type-simple"},"_links":{"self":[{"href":"https:\/\/roveyayinevi.com.tr\/index.php\/wp-json\/wp\/v2\/product\/742477","targetHints":{"allow":["GET"]}}],"collection":[{"href":"https:\/\/roveyayinevi.com.tr\/index.php\/wp-json\/wp\/v2\/product"}],"about":[{"href":"https:\/\/roveyayinevi.com.tr\/index.php\/wp-json\/wp\/v2\/types\/product"}],"wp:attachment":[{"href":"https:\/\/roveyayinevi.com.tr\/index.php\/wp-json\/wp\/v2\/media?parent=742477"}],"wp:term":[{"taxonomy":"product_brand","embeddable":true,"href":"https:\/\/roveyayinevi.com.tr\/index.php\/wp-json\/wp\/v2\/product_brand?post=742477"},{"taxonomy":"product_cat","embeddable":true,"href":"https:\/\/roveyayinevi.com.tr\/index.php\/wp-json\/wp\/v2\/product_cat?post=742477"},{"taxonomy":"product_tag","embeddable":true,"href":"https:\/\/roveyayinevi.com.tr\/index.php\/wp-json\/wp\/v2\/product_tag?post=742477"}],"curies":[{"name":"wp","href":"https:\/\/api.w.org\/{rel}","templated":true}]}}