{"id":742476,"date":"2025-08-28T01:12:54","date_gmt":"2025-08-27T22:12:54","guid":{"rendered":"https:\/\/roveyayinevi.com.tr\/index.php\/urun\/bizans-ve-musluman-turk-anadolunun-dogusu-1040-1130\/"},"modified":"2026-04-16T02:53:29","modified_gmt":"2026-04-15T23:53:29","slug":"bizans-ve-musluman-turk-anadolunun-dogusu-1040-1130","status":"publish","type":"product","link":"https:\/\/roveyayinevi.com.tr\/index.php\/urun\/bizans-ve-musluman-turk-anadolunun-dogusu-1040-1130\/","title":{"rendered":"Bizans ve M\u00fcsl\u00fcman T\u00fcrk Anadolu\u2019nun Do\u011fu\u015fu (1040-1130)"},"content":{"rendered":"<p>Sel\u00e7uklu T\u00fcrklerinin Anadolu\u2019ya geli\u015fi, modern T\u00fcrk ulusal kimlik s\u00f6yleminin vazge\u00e7ilmez bir par\u00e7as\u0131n\u0131 olu\u015fturur. Di\u011fer yandan, Bat\u0131\u2019da Avrupal\u0131 uluslar\u0131n olu\u015fumu ve Yak\u0131n Do\u011fu\u2019nun d\u00f6n\u00fc\u015f\u00fcm\u00fc ile ilgili tart\u0131\u015fmalara Anadolu T\u00fcrkleri nadiren dahil edilir. T\u00fcrklerin K\u00fc\u00e7\u00fck Asya\u2019ya n\u00fcfuzu, bir tarafta yerle\u015fik gruplar ve g\u00f6\u00e7ebe gruplar, di\u011fer tarafta farkl\u0131 dinsel ve etnik topluluklar aras\u0131ndaki bir \u00e7at\u0131\u015fman\u0131n sonucu olarak de\u011ferlendirilir. Bu kitapta iki temel arg\u00fcman\u0131n yer ald\u0131\u011f\u0131 alternatif bir anlat\u0131 \u00f6ne s\u00fcr\u00fcl\u00fcyor. \u0130lk olarak, Konstantinopolis ve Kahire, Anadolu topraklar\u0131n\u0131n b\u00fcy\u00fck bir k\u0131sm\u0131yla Bizans-M\u00fcsl\u00fcman s\u0131n\u0131r b\u00f6lgeleri \u00fczerindeki etkilerini kaybettiler; ikincisi, do\u011fmakta olan Sel\u00e7uklu Sultanl\u0131\u011f\u0131 b\u00f6lgesel bir g\u00fc\u00e7 olarak bunlar\u0131n yerini almada ba\u015far\u0131s\u0131z oldu. Bu d\u00f6nemde hem Bizans Anadolu\u2019sunda hem de \u0130slam\u2019\u0131n kalbinin att\u0131\u011f\u0131 b\u00f6lgelerde yerel se\u00e7kinlerle b\u00f6lgesel g\u00fc\u00e7ler siyasal otoriteyi ellerine ge\u00e7irdikleri gibi, bitip t\u00fckenmeyen bir iktidar m\u00fccadelesine giri\u015ftiler. S\u00f6z konusu s\u00fcre\u00e7 i\u00e7inde T\u00fcrk sava\u015f\u00e7\u0131 gruplar\u0131; yapt\u0131klar\u0131 ak\u0131nlar ve fetihler nedeniyle de\u011fil, \u00f6nceden var olan toplumsal a\u011flara eklemlenmeleri sayesinde h\u0131zla \u00f6nemli bir rol \u00fcstlendiler. \u0130dari ara\u00e7larla yerel kaynaklardan faydalanarak yerel h\u00fck\u00fcmdarlar\u0131n ve tebalar\u0131n\u0131n r\u0131zas\u0131n\u0131 elde ettiler. B\u00f6ylelikle, daha b\u00fcy\u00fck b\u00f6lgesel birimlere evrilecek olan beyliklerin n\u00fcvelerini olu\u015fturdular. Dolay\u0131s\u0131yla, de\u011fi\u015fimin itici g\u00fcc\u00fcn\u00fc Bizansl\u0131lar\u0131n gerilemesi veya T\u00fcrklerin zaferinde de\u011fil, bu iki \u00e2lem aras\u0131ndaki ba\u015far\u0131l\u0131 etkile\u015fimde aramak gerekir. <\/p>\n","protected":false},"excerpt":{"rendered":"<p>Sel\u00e7uklu T\u00fcrklerinin Anadolu\u2019ya geli\u015fi, modern T\u00fcrk ulusal kimlik s\u00f6yleminin vazge\u00e7ilmez bir par\u00e7as\u0131n\u0131 olu\u015fturur. Di\u011fer yandan, Bat\u0131\u2019da Avrupal\u0131 uluslar\u0131n olu\u015fumu ve Yak\u0131n Do\u011fu\u2019nun d\u00f6n\u00fc\u015f\u00fcm\u00fc ile ilgili tart\u0131\u015fmalara<span class=\"excerpt-hellip\"> [\u2026]<\/span><\/p>\n","protected":false},"featured_media":0,"template":"","meta":{"_monsterinsights_skip_tracking":false,"_monsterinsights_sitenote_active":false,"_monsterinsights_sitenote_note":"","_monsterinsights_sitenote_category":0},"product_brand":[],"product_cat":[13835],"product_tag":[],"class_list":{"0":"post-742476","1":"product","2":"type-product","3":"status-publish","5":"product_cat-cok-satanlar","6":"pa_cilt-ciltsiz","7":"pa_tur-kitap","8":"pa_yayinevi-koyusiyah-kitap","9":"pa_yazar-alexander-daniel-beihammer","11":"first","12":"instock","13":"sale","14":"shipping-taxable","15":"purchasable","16":"product-type-simple"},"_links":{"self":[{"href":"https:\/\/roveyayinevi.com.tr\/index.php\/wp-json\/wp\/v2\/product\/742476","targetHints":{"allow":["GET"]}}],"collection":[{"href":"https:\/\/roveyayinevi.com.tr\/index.php\/wp-json\/wp\/v2\/product"}],"about":[{"href":"https:\/\/roveyayinevi.com.tr\/index.php\/wp-json\/wp\/v2\/types\/product"}],"wp:attachment":[{"href":"https:\/\/roveyayinevi.com.tr\/index.php\/wp-json\/wp\/v2\/media?parent=742476"}],"wp:term":[{"taxonomy":"product_brand","embeddable":true,"href":"https:\/\/roveyayinevi.com.tr\/index.php\/wp-json\/wp\/v2\/product_brand?post=742476"},{"taxonomy":"product_cat","embeddable":true,"href":"https:\/\/roveyayinevi.com.tr\/index.php\/wp-json\/wp\/v2\/product_cat?post=742476"},{"taxonomy":"product_tag","embeddable":true,"href":"https:\/\/roveyayinevi.com.tr\/index.php\/wp-json\/wp\/v2\/product_tag?post=742476"}],"curies":[{"name":"wp","href":"https:\/\/api.w.org\/{rel}","templated":true}]}}