{"id":742471,"date":"2025-08-28T01:12:47","date_gmt":"2025-08-27T22:12:47","guid":{"rendered":"https:\/\/roveyayinevi.com.tr\/index.php\/urun\/sairsel-mevzular\/"},"modified":"2026-04-16T02:53:29","modified_gmt":"2026-04-15T23:53:29","slug":"sairsel-mevzular","status":"publish","type":"product","link":"https:\/\/roveyayinevi.com.tr\/index.php\/urun\/sairsel-mevzular\/","title":{"rendered":"\u015eairsel Mevzular"},"content":{"rendered":"<p>\u015eairsel Mevzular, \u0130smail Bi\u00e7er\u2019in 2007-2022 aras\u0131nda \u00e7e\u015fitli dergiler, gazeteler ve gazetelerinkitap eklerinde yay\u0131mlanan inceleme-deneme t\u00fcr\u00fcndeki yaz\u0131lar\u0131ndan olu\u015fmaktad\u0131r. \u015eairler,yazarlar, ayd\u0131nlar, edebiyat ve \u015fiir d\u00fcnyas\u0131n\u0131 \u00e7ok yak\u0131ndan ilgilendiren konular, kendialanlar\u0131nda ilgi g\u00f6ren yap\u0131tlar \u00fczerine yal\u0131n, \u00e7arp\u0131c\u0131 bir dilin kendini rahatl\u0131kla g\u00f6sterdi\u011fi bueser, bilgelik taslamadan, okuru i\u00e7tenlikli ve sorgulay\u0131c\u0131 bir yolculu\u011fa \u00e7\u0131kar\u0131yor.\u0130smail Bi\u00e7er17 \u015eubat 1970 Erzincan do\u011fumlu. \u0130stanbul\u2019da ya\u015f\u0131yor. \u015eiir, yaz\u0131, s\u00f6yle\u015fi ve \u00f6yk\u00fcleri1992\u2019den ba\u015flayarak bir\u00e7ok dergi, gazete ve gazetelerin kitap eklerinde yay\u0131mland\u0131. \u015eiirleribaz\u0131 antoloji ve y\u0131ll\u0131klarda yer ald\u0131; ulusal ve uluslararas\u0131 \u015fiir\/edebiyat etkinliklerine imzaatt\u0131. Kartal Belediyesi taraf\u0131ndan yay\u0131mlanan edebiyat, sanat ve k\u00fclt\u00fcr dergisi KE\u2019nin yay\u0131nkurulu \u00fcyesi. Sessizlik Kuyusu (\u015eiir, 2009), T\u00f6z (\u015eiir, 2010), Yere D\u00f6k\u00fclen A\u011fa\u00e7(\u015eiir,2013), Sus Alfabesi (\u015eiir, 2016), \u015eair Soka\u011f\u0131 S\u00f6yle\u015fileri (R\u00f6portaj, 2016), GelmekGazeli (\u015eiir, 2017), \u015eer Zaman Mezmurlar\u0131 (\u015eiir, 2019), Topo\u011frafyalar ve Aryalar (\u015eiir,<\/p>\n","protected":false},"excerpt":{"rendered":"<p>\u015eairsel Mevzular, \u0130smail Bi\u00e7er\u2019in 2007-2022 aras\u0131nda \u00e7e\u015fitli dergiler, gazeteler ve gazetelerinkitap eklerinde yay\u0131mlanan inceleme-deneme t\u00fcr\u00fcndeki yaz\u0131lar\u0131ndan olu\u015fmaktad\u0131r. \u015eairler,yazarlar, ayd\u0131nlar, edebiyat ve \u015fiir d\u00fcnyas\u0131n\u0131 \u00e7ok yak\u0131ndan ilgilendiren<span class=\"excerpt-hellip\"> [\u2026]<\/span><\/p>\n","protected":false},"featured_media":0,"template":"","meta":{"_monsterinsights_skip_tracking":false,"_monsterinsights_sitenote_active":false,"_monsterinsights_sitenote_note":"","_monsterinsights_sitenote_category":0},"product_brand":[],"product_cat":[12777,12291],"product_tag":[],"class_list":{"0":"post-742471","1":"product","2":"type-product","3":"status-publish","5":"product_cat-deneme","6":"product_cat-edebiyat","7":"pa_cilt-ciltsiz","8":"pa_tur-kitap","9":"pa_yayinevi-ayrikotu-yayinlari","10":"pa_yazar-ismail-bicer","12":"first","13":"instock","14":"sale","15":"shipping-taxable","16":"purchasable","17":"product-type-simple"},"_links":{"self":[{"href":"https:\/\/roveyayinevi.com.tr\/index.php\/wp-json\/wp\/v2\/product\/742471","targetHints":{"allow":["GET"]}}],"collection":[{"href":"https:\/\/roveyayinevi.com.tr\/index.php\/wp-json\/wp\/v2\/product"}],"about":[{"href":"https:\/\/roveyayinevi.com.tr\/index.php\/wp-json\/wp\/v2\/types\/product"}],"wp:attachment":[{"href":"https:\/\/roveyayinevi.com.tr\/index.php\/wp-json\/wp\/v2\/media?parent=742471"}],"wp:term":[{"taxonomy":"product_brand","embeddable":true,"href":"https:\/\/roveyayinevi.com.tr\/index.php\/wp-json\/wp\/v2\/product_brand?post=742471"},{"taxonomy":"product_cat","embeddable":true,"href":"https:\/\/roveyayinevi.com.tr\/index.php\/wp-json\/wp\/v2\/product_cat?post=742471"},{"taxonomy":"product_tag","embeddable":true,"href":"https:\/\/roveyayinevi.com.tr\/index.php\/wp-json\/wp\/v2\/product_tag?post=742471"}],"curies":[{"name":"wp","href":"https:\/\/api.w.org\/{rel}","templated":true}]}}