{"id":742470,"date":"2025-08-28T01:12:46","date_gmt":"2025-08-27T22:12:46","guid":{"rendered":"https:\/\/roveyayinevi.com.tr\/index.php\/urun\/hoca-ali-riza-turk-sanatinin-buyuk-ustalari-5\/"},"modified":"2026-03-12T03:01:50","modified_gmt":"2026-03-12T00:01:50","slug":"hoca-ali-riza-turk-sanatinin-buyuk-ustalari-5","status":"publish","type":"product","link":"https:\/\/roveyayinevi.com.tr\/index.php\/urun\/hoca-ali-riza-turk-sanatinin-buyuk-ustalari-5\/","title":{"rendered":"Hoca Ali R\u0131za &#8211; T\u00fcrk Sanat\u0131n\u0131n B\u00fcy\u00fck Ustalar\u0131 5"},"content":{"rendered":"<p>\u0130stanbul\u2019un \u00dcsk\u00fcdar semtinin tarihi ki\u015filiklerinden biri olan Hoca Ali R\u0131za, tevazusu, tokg\u00f6zl\u00fcl\u00fc\u011f\u00fc ve uysal ki\u015fili\u011fiyle \u00f6\u011frencileri aras\u0131nda \u00e7ok sevilen bir resim \u00f6\u011fretmeniydi. \u0130stanbul manzaralar\u0131, mehtapl\u0131 gece resimleri, Salacak ve K\u0131z Kulesi\u2019nin farkl\u0131 g\u00f6r\u00fcn\u00fcmlerinin yan\u0131 s\u0131ra \u00fcretti\u011fi pek \u00e7ok resimle on dokuzuncu y\u00fczy\u0131l T\u00fcrk resim sanat\u0131nda tan\u0131nan bir sanat\u00e7\u0131 haline gelmi\u015fti.Kuleli Askeri \u0130dadisi\u2019nden sonra Mekteb-i Harbiye\u2019de e\u011fitim alan bir gen\u00e7 olarak arkada\u015flar\u0131yla birlikte okulda resimhane a\u00e7\u0131lmas\u0131 i\u00e7in \u00e7al\u0131\u015fm\u0131\u015f, Bat\u0131 tarz\u0131 ilk resim e\u011fitimini bu sayede almaya ba\u015flam\u0131\u015ft\u0131. D\u00f6nemin \u00f6nemli ressamlar\u0131n\u0131n yan\u0131 s\u0131ra S\u00fcleyman Seyyid\u2019den de dersler alan Hoca Ali R\u0131za, hocas\u0131n\u0131n ona hediye etti\u011fi resim sehpas\u0131n\u0131 ya\u015fam\u0131 boyunca saklam\u0131\u015ft\u0131. Saray \u00e7evresinin \u00e7ocuklar\u0131 i\u00e7in kurulan Z\u00e2deg\u00e2n s\u0131n\u0131f\u0131 \u00f6\u011frencilerine, \u015fehzadelere, k\u0131z \u00f6\u011frencilere resim dersleri veren Hoca Ali R\u0131za, Y\u0131ld\u0131z Porselen Fabrikas\u0131 i\u00e7in porselen tasar\u0131mlar\u0131 yapm\u0131\u015f, okullar i\u00e7in resim e\u011fitimine y\u00f6nelik alb\u00fcmler de haz\u0131rlam\u0131\u015ft\u0131.\u201cT\u00fcrk Sanat\u0131n\u0131n B\u00fcy\u00fck Ustalar\u0131\u201d ba\u015fl\u0131kl\u0131 serinin be\u015finci kitab\u0131 Hoca Ali R\u0131za, m\u00fczi\u011fe de b\u00fcy\u00fck ilgisi olan, ince d\u00fc\u015f\u00fcnen bir ressam\u0131n ya\u015fam\u0131ndan kesitler sunuyor. Ressam\u0131n manzara resmine yakla\u015f\u0131m\u0131n\u0131 hem felsefi hem de teknik y\u00f6nlerden de\u011ferlendirmeye y\u00f6nelik ipu\u00e7lar\u0131 vererek okuru, Hoca Ali R\u0131za\u2019n\u0131n i\u00e7 d\u00fcnyas\u0131nda renklerle dolu bir yolculu\u011fa \u00e7\u0131kar\u0131yor. K\u0131z Kulesi\u2019nden Kandilli\u2019ye, Tarabya\u2019dan \u0130stanbul\u2019un \u00f6nemli kamusal alanlar\u0131ndan kahvehanelere, ada manzaralar\u0131ndan mehtapl\u0131 gecelere uzanan bu yolculukla okur ve Hoca Ali R\u0131za aras\u0131nda bir ba\u011f kurulmas\u0131n\u0131 sa\u011fl\u0131yor.<\/p>\n","protected":false},"excerpt":{"rendered":"<p>\u0130stanbul\u2019un \u00dcsk\u00fcdar semtinin tarihi ki\u015filiklerinden biri olan Hoca Ali R\u0131za, tevazusu, tokg\u00f6zl\u00fcl\u00fc\u011f\u00fc ve uysal ki\u015fili\u011fiyle \u00f6\u011frencileri aras\u0131nda \u00e7ok sevilen bir resim \u00f6\u011fretmeniydi. \u0130stanbul manzaralar\u0131, mehtapl\u0131 gece<span class=\"excerpt-hellip\"> [\u2026]<\/span><\/p>\n","protected":false},"featured_media":0,"template":"","meta":{"_monsterinsights_skip_tracking":false,"_monsterinsights_sitenote_active":false,"_monsterinsights_sitenote_note":"","_monsterinsights_sitenote_category":0},"product_brand":[],"product_cat":[12409,12408],"product_tag":[],"class_list":{"0":"post-742470","1":"product","2":"type-product","3":"status-publish","5":"product_cat-fotograf-sinema-tiyatro","6":"product_cat-sanat","7":"pa_cilt-ciltsiz","8":"pa_tur-kitap","9":"pa_yayinevi-hayalperest-yayinlari","10":"pa_yazar-nilufer-ondin","12":"first","13":"instock","14":"sale","15":"shipping-taxable","16":"purchasable","17":"product-type-simple"},"_links":{"self":[{"href":"https:\/\/roveyayinevi.com.tr\/index.php\/wp-json\/wp\/v2\/product\/742470","targetHints":{"allow":["GET"]}}],"collection":[{"href":"https:\/\/roveyayinevi.com.tr\/index.php\/wp-json\/wp\/v2\/product"}],"about":[{"href":"https:\/\/roveyayinevi.com.tr\/index.php\/wp-json\/wp\/v2\/types\/product"}],"wp:attachment":[{"href":"https:\/\/roveyayinevi.com.tr\/index.php\/wp-json\/wp\/v2\/media?parent=742470"}],"wp:term":[{"taxonomy":"product_brand","embeddable":true,"href":"https:\/\/roveyayinevi.com.tr\/index.php\/wp-json\/wp\/v2\/product_brand?post=742470"},{"taxonomy":"product_cat","embeddable":true,"href":"https:\/\/roveyayinevi.com.tr\/index.php\/wp-json\/wp\/v2\/product_cat?post=742470"},{"taxonomy":"product_tag","embeddable":true,"href":"https:\/\/roveyayinevi.com.tr\/index.php\/wp-json\/wp\/v2\/product_tag?post=742470"}],"curies":[{"name":"wp","href":"https:\/\/api.w.org\/{rel}","templated":true}]}}