{"id":742468,"date":"2025-08-28T01:12:44","date_gmt":"2025-08-27T22:12:44","guid":{"rendered":"https:\/\/roveyayinevi.com.tr\/index.php\/urun\/zordur-kadin-olmak-anadoluda-2\/"},"modified":"2026-04-16T02:53:29","modified_gmt":"2026-04-15T23:53:29","slug":"zordur-kadin-olmak-anadoluda-2","status":"publish","type":"product","link":"https:\/\/roveyayinevi.com.tr\/index.php\/urun\/zordur-kadin-olmak-anadoluda-2\/","title":{"rendered":"Zordur Kad\u0131n Olmak Anadolu\u2019da 2"},"content":{"rendered":"<p>BA\u011eIMDA KALAN EN SON \u00dcZ\u00dcMS\u00dcN   Son baharda gazel olsa da ba\u011f\u0131m Ak\u015fam g\u00fcne\u015fine d\u00f6nse de \u00e7a\u011f\u0131m Kaderle bir olup \u00f6rd\u00fc\u011f\u00fcn a\u011f\u0131m Gece g\u00fcnd\u00fcz yolu \u00e7eken g\u00f6z\u00fcms\u00fcn A\u015fk ba\u011f\u0131nda kalan en son \u00fcz\u00fcms\u00fcn.   S\u0131ralans\u0131n derdim demli aktine Biriksin \u00f6mr\u00fcm\u00fcn en son vaktine G\u00fc\u00e7 m\u00fc yeter \u015fu fele\u011fin kast\u0131na Sevdaya s\u00f6ylenmi\u015f derin s\u00f6z\u00fcms\u00fcn A\u015fk ba\u011f\u0131nda kalan en son \u00fcz\u00fcms\u00fcn.   S\u0131ms\u0131cak g\u00fcl\u00fc\u015f\u00fcn hayat tad\u0131md\u0131r Unuttum kendimi ismin ad\u0131md\u0131r \u015eiirim uzaktan g\u00f6n\u00fcl y\u00e2d\u0131md\u0131r Hayalinle derdime tek \u00e7\u00f6z\u00fcms\u00fcn A\u015fk ba\u011f\u0131nda kalan en son \u00fcz\u00fcms\u00fcn.   Hasretime hasret eklersin neden \u00d6zleminle solar dayanmaz beden Nedendir d\u00f6nm\u00fcyor b\u0131rak\u0131p giden Gel art\u0131k bekletme can\u0131m \u00f6z\u00fcms\u00fcn A\u015fk ba\u011f\u0131nda kalan en son \u00fcz\u00fcms\u00fcn.<\/p>\n","protected":false},"excerpt":{"rendered":"<p>BA\u011eIMDA KALAN EN SON \u00dcZ\u00dcMS\u00dcN Son baharda gazel olsa da ba\u011f\u0131m Ak\u015fam g\u00fcne\u015fine d\u00f6nse de \u00e7a\u011f\u0131m Kaderle bir olup \u00f6rd\u00fc\u011f\u00fcn a\u011f\u0131m Gece g\u00fcnd\u00fcz yolu \u00e7eken g\u00f6z\u00fcms\u00fcn<span class=\"excerpt-hellip\"> [\u2026]<\/span><\/p>\n","protected":false},"featured_media":0,"template":"","meta":{"_monsterinsights_skip_tracking":false,"_monsterinsights_sitenote_active":false,"_monsterinsights_sitenote_note":"","_monsterinsights_sitenote_category":0},"product_brand":[],"product_cat":[12291,12509],"product_tag":[],"class_list":{"0":"post-742468","1":"product","2":"type-product","3":"status-publish","5":"product_cat-edebiyat","6":"product_cat-siir","7":"pa_cilt-ciltsiz","8":"pa_tur-kitap","9":"pa_yayinevi-korkut-yayinlari","10":"pa_yazar-semiha-arasbora","12":"first","13":"instock","14":"sale","15":"shipping-taxable","16":"purchasable","17":"product-type-simple"},"_links":{"self":[{"href":"https:\/\/roveyayinevi.com.tr\/index.php\/wp-json\/wp\/v2\/product\/742468","targetHints":{"allow":["GET"]}}],"collection":[{"href":"https:\/\/roveyayinevi.com.tr\/index.php\/wp-json\/wp\/v2\/product"}],"about":[{"href":"https:\/\/roveyayinevi.com.tr\/index.php\/wp-json\/wp\/v2\/types\/product"}],"wp:attachment":[{"href":"https:\/\/roveyayinevi.com.tr\/index.php\/wp-json\/wp\/v2\/media?parent=742468"}],"wp:term":[{"taxonomy":"product_brand","embeddable":true,"href":"https:\/\/roveyayinevi.com.tr\/index.php\/wp-json\/wp\/v2\/product_brand?post=742468"},{"taxonomy":"product_cat","embeddable":true,"href":"https:\/\/roveyayinevi.com.tr\/index.php\/wp-json\/wp\/v2\/product_cat?post=742468"},{"taxonomy":"product_tag","embeddable":true,"href":"https:\/\/roveyayinevi.com.tr\/index.php\/wp-json\/wp\/v2\/product_tag?post=742468"}],"curies":[{"name":"wp","href":"https:\/\/api.w.org\/{rel}","templated":true}]}}