{"id":742467,"date":"2025-08-28T01:12:42","date_gmt":"2025-08-27T22:12:42","guid":{"rendered":"https:\/\/roveyayinevi.com.tr\/index.php\/urun\/boyuttakiler\/"},"modified":"2026-04-16T02:53:29","modified_gmt":"2026-04-15T23:53:29","slug":"boyuttakiler","status":"publish","type":"product","link":"https:\/\/roveyayinevi.com.tr\/index.php\/urun\/boyuttakiler\/","title":{"rendered":"Boyuttakiler"},"content":{"rendered":"<p>Ak\u015fam saatlerinde evinizin balkonundan \u015fehrinizi izlerken \u0131\u015f\u0131klar\u0131 yanan binlerce eve bak\u0131p \u015funu d\u00fc\u015f\u00fcnd\u00fcn\u00fcz m\u00fc hi\u00e7. Kar\u015f\u0131dan g\u00f6r\u00fcnen her bir k\u00fc\u00e7\u00fck \u0131\u015f\u0131k ya\u015fanan bir hayat demek. Kiminde ne ac\u0131larla k\u0131vran\u0131rken, kiminde belki de en mutlu g\u00fcn ya\u015fan\u0131yor. Kiminde ise yaln\u0131zca nefes al\u0131p verilerek, her g\u00fcn oldu\u011fu gibi \u00f6mr\u00fcm\u00fczdeki say\u0131l\u0131 g\u00fcnlerden birinin daha \u00fcst\u00fc \u00e7iziliyor. Bunlar g\u00f6z\u00fcm\u00fcz\u00fcn \u00f6n\u00fcnde olup da g\u00f6remedi\u011fimiz hayatlar. Ya g\u00f6z\u00fcm\u00fcz\u00fcn \u00f6n\u00fcnde olmayan ve asla gidip g\u00f6remeyece\u011fimiz bir boyutta ya\u015fan\u0131lan baz\u0131 hayatlar varsa? Sen, yapayaln\u0131z \u015fehrin \u0131\u015f\u0131klar\u0131n\u0131 seyreden adam! Sahip olabilece\u011fin en b\u00fcy\u00fck a\u015fk i\u00e7in ne kadar uza\u011fa gidebilirsin, neler feda edebilir ya da ne kadar korkuyu g\u00f6ze alabilirsin?<\/p>\n","protected":false},"excerpt":{"rendered":"<p>Ak\u015fam saatlerinde evinizin balkonundan \u015fehrinizi izlerken \u0131\u015f\u0131klar\u0131 yanan binlerce eve bak\u0131p \u015funu d\u00fc\u015f\u00fcnd\u00fcn\u00fcz m\u00fc hi\u00e7. Kar\u015f\u0131dan g\u00f6r\u00fcnen her bir k\u00fc\u00e7\u00fck \u0131\u015f\u0131k ya\u015fanan bir hayat demek. Kiminde<span class=\"excerpt-hellip\"> [\u2026]<\/span><\/p>\n","protected":false},"featured_media":0,"template":"","meta":{"_monsterinsights_skip_tracking":false,"_monsterinsights_sitenote_active":false,"_monsterinsights_sitenote_note":"","_monsterinsights_sitenote_category":0},"product_brand":[],"product_cat":[12540,12291],"product_tag":[],"class_list":{"0":"post-742467","1":"product","2":"type-product","3":"status-publish","5":"product_cat-bilim-kurgu","6":"product_cat-edebiyat","7":"pa_cilt-ciltsiz","8":"pa_tur-kitap","9":"pa_yayinevi-korkut-yayinlari","10":"pa_yazar-erdinc-aymergen","12":"first","13":"instock","14":"sale","15":"shipping-taxable","16":"purchasable","17":"product-type-simple"},"_links":{"self":[{"href":"https:\/\/roveyayinevi.com.tr\/index.php\/wp-json\/wp\/v2\/product\/742467","targetHints":{"allow":["GET"]}}],"collection":[{"href":"https:\/\/roveyayinevi.com.tr\/index.php\/wp-json\/wp\/v2\/product"}],"about":[{"href":"https:\/\/roveyayinevi.com.tr\/index.php\/wp-json\/wp\/v2\/types\/product"}],"wp:attachment":[{"href":"https:\/\/roveyayinevi.com.tr\/index.php\/wp-json\/wp\/v2\/media?parent=742467"}],"wp:term":[{"taxonomy":"product_brand","embeddable":true,"href":"https:\/\/roveyayinevi.com.tr\/index.php\/wp-json\/wp\/v2\/product_brand?post=742467"},{"taxonomy":"product_cat","embeddable":true,"href":"https:\/\/roveyayinevi.com.tr\/index.php\/wp-json\/wp\/v2\/product_cat?post=742467"},{"taxonomy":"product_tag","embeddable":true,"href":"https:\/\/roveyayinevi.com.tr\/index.php\/wp-json\/wp\/v2\/product_tag?post=742467"}],"curies":[{"name":"wp","href":"https:\/\/api.w.org\/{rel}","templated":true}]}}