{"id":742465,"date":"2025-08-28T01:12:39","date_gmt":"2025-08-27T22:12:39","guid":{"rendered":"https:\/\/roveyayinevi.com.tr\/index.php\/urun\/yas-na-yasin-oteki-yuzu\/"},"modified":"2026-04-16T02:53:29","modified_gmt":"2026-04-15T23:53:29","slug":"yas-na-yasin-oteki-yuzu","status":"publish","type":"product","link":"https:\/\/roveyayinevi.com.tr\/index.php\/urun\/yas-na-yasin-oteki-yuzu\/","title":{"rendered":"Yas-na: Yas&#8217;\u0131n \u00d6teki Y\u00fcz\u00fc"},"content":{"rendered":"<p>Bu kitap, Yas \u015eiirleri\u2019nin Seda Zengin\u2019in okuma deneyimine i\u00e7kin olarak cisimle\u015fen \u201caks-i seda\u2019s\u0131\u201d; e\u015f deyi\u015fle \u015fiirlerin \u00f6teki ben\u2019in varl\u0131\u011f\u0131nda, olu\u015f halinde yank\u0131 bulmas\u0131. \u00c7\u00fcnk\u00fc \u015fiir, vurgulad\u0131\u011f\u0131m \u00fczere, sahiden \u015fiirse ruha dokunacakt\u0131r ve bu temas\u0131n, i\u00e7\u2019te tinsel bir kar\u015f\u0131l\u0131\u011f\u0131 olacak ve bu kar\u015f\u0131l\u0131k onto-poetik imge\u2019nin \u00f6z\u00fcn\u00fc olu\u015fturacakt\u0131r. \u015eiirleri okuyan \u00f6znenin, yani etkin olan \u00f6teki ben\u2019in \u015faire meydan okumas\u0131, ondan, tine dokunan bu dizeleri yazmas\u0131n\u0131n hesab\u0131n\u0131 sormas\u0131d\u0131r belki de vukuu bulan. \u00c7\u00fcnk\u00fc bu kitap, yaz\u0131lan \u015fiirin, \u015fiirle yarat\u0131lan onto-poetik imgenin \u00f6teki ben\u2019in ruhuna dokunu\u015funun, ger\u00e7ekle\u015fen tinsel temas\u0131n bir kefareti. Hem yazan ben, hem de \u00f6teki ben i\u00e7in etkin ve i\u015flevsel olan bir itiraf, yakar\u0131, ar\u0131nma ve ortakla\u015fan varolu\u015f ediminin, olduk\u00e7a geni\u015f bir k\u00fclt\u00fcrel ba\u011flamla ili\u015fkilendirilmi\u015f sonucu\u2026 \u00c7\u00fcnk\u00fc bu kitap yazmaya, okumaya c\u00fcret edenlerin \u00f6dedi\u011fi kefaretin i\u00e7\u2019te olu\u015fan ve betimlenerek d\u0131\u015f\u2019a aktar\u0131lan somut kar\u015f\u0131l\u0131\u011f\u0131. Yas ne ise, Yas-na da Yas\u2019\u0131n \u00d6teki Y\u00fcz\u00fc, anlam\u0131, betimi, aks-i Seda\u2019s\u0131\u2026 <\/p>\n","protected":false},"excerpt":{"rendered":"<p>Bu kitap, Yas \u015eiirleri\u2019nin Seda Zengin\u2019in okuma deneyimine i\u00e7kin olarak cisimle\u015fen \u201caks-i seda\u2019s\u0131\u201d; e\u015f deyi\u015fle \u015fiirlerin \u00f6teki ben\u2019in varl\u0131\u011f\u0131nda, olu\u015f halinde yank\u0131 bulmas\u0131. \u00c7\u00fcnk\u00fc \u015fiir, vurgulad\u0131\u011f\u0131m<span class=\"excerpt-hellip\"> [\u2026]<\/span><\/p>\n","protected":false},"featured_media":0,"template":"","meta":{"_monsterinsights_skip_tracking":false,"_monsterinsights_sitenote_active":false,"_monsterinsights_sitenote_note":"","_monsterinsights_sitenote_category":0},"product_brand":[],"product_cat":[12777,12291],"product_tag":[],"class_list":{"0":"post-742465","1":"product","2":"type-product","3":"status-publish","5":"product_cat-deneme","6":"product_cat-edebiyat","7":"pa_cilt-ciltsiz","8":"pa_tur-kitap","9":"pa_yayinevi-medakitap-yayinlari","10":"pa_yazar-seda-zengin","12":"first","13":"instock","14":"sale","15":"shipping-taxable","16":"purchasable","17":"product-type-simple"},"_links":{"self":[{"href":"https:\/\/roveyayinevi.com.tr\/index.php\/wp-json\/wp\/v2\/product\/742465","targetHints":{"allow":["GET"]}}],"collection":[{"href":"https:\/\/roveyayinevi.com.tr\/index.php\/wp-json\/wp\/v2\/product"}],"about":[{"href":"https:\/\/roveyayinevi.com.tr\/index.php\/wp-json\/wp\/v2\/types\/product"}],"wp:attachment":[{"href":"https:\/\/roveyayinevi.com.tr\/index.php\/wp-json\/wp\/v2\/media?parent=742465"}],"wp:term":[{"taxonomy":"product_brand","embeddable":true,"href":"https:\/\/roveyayinevi.com.tr\/index.php\/wp-json\/wp\/v2\/product_brand?post=742465"},{"taxonomy":"product_cat","embeddable":true,"href":"https:\/\/roveyayinevi.com.tr\/index.php\/wp-json\/wp\/v2\/product_cat?post=742465"},{"taxonomy":"product_tag","embeddable":true,"href":"https:\/\/roveyayinevi.com.tr\/index.php\/wp-json\/wp\/v2\/product_tag?post=742465"}],"curies":[{"name":"wp","href":"https:\/\/api.w.org\/{rel}","templated":true}]}}