{"id":742464,"date":"2025-08-28T01:12:38","date_gmt":"2025-08-27T22:12:38","guid":{"rendered":"https:\/\/roveyayinevi.com.tr\/index.php\/urun\/bir-zamanlar-yazdiklarim-ve-yazilanlar\/"},"modified":"2026-04-16T02:53:28","modified_gmt":"2026-04-15T23:53:28","slug":"bir-zamanlar-yazdiklarim-ve-yazilanlar","status":"publish","type":"product","link":"https:\/\/roveyayinevi.com.tr\/index.php\/urun\/bir-zamanlar-yazdiklarim-ve-yazilanlar\/","title":{"rendered":"Bir Zamanlar Yazd\u0131klar\u0131m ve Yaz\u0131lanlar"},"content":{"rendered":"<p>Neredeyse Cumhuriyetle ya\u015f\u0131t bir \u00f6mr\u00fc, devletin \u00e7e\u015fitli kademelerinde bulundu\u011fum g\u00f6revlerde T\u00fcrk milletine, T\u00fcrk Devletine hizmetle ya\u015fad\u0131m. Kaymakam, vali yard\u0131mc\u0131s\u0131, vali, emniyet genel m\u00fcd\u00fcr\u00fc, m\u00fcste\u015far ve bakan oldu\u011fum ge\u00e7mi\u015f y\u0131llarda \u00fclkemizin, insanlar\u0131m\u0131z\u0131n refah\u0131, mutlulu\u011fu i\u00e7in \u00e7al\u0131\u015ft\u0131m. Emeklilik g\u00fcnlerimde tecr\u00fcbelerimi gen\u00e7lerle payla\u015fabilmek, bildiklerimi g\u00f6rd\u00fcklerimi gelece\u011fe aktarabilmek ad\u0131na, \u00e7ocukluk ve ilk gen\u00e7lik y\u0131llar\u0131m\u0131n an\u0131lar\u0131na de\u011findi\u011fim \u201cMemleketim \u0130ncesu\u201d, mesleki an\u0131lar\u0131ma yer verdi\u011fim \u201cKaymakaml\u0131\u011f\u0131mda, Valili\u011fim Y\u0131llar\u0131nda Ya\u015fad\u0131klar\u0131m\u201d, konu\u015fmalar\u0131m\u0131 toplad\u0131\u011f\u0131m \u201cD\u00fcnde Kalan S\u00f6zler\u201d ba\u015fl\u0131kl\u0131 \u00fc\u00e7 kitap yazd\u0131m. De\u011ferli okuyucular, bu kitab\u0131mda ise bir zamanlar yazd\u0131\u011f\u0131m makalelere, gazete ve dergilerde benim i\u00e7in yaz\u0131lan yaz\u0131lar\u0131n, haberlerin baz\u0131lar\u0131na yer veriyorum. Yazd\u0131klar\u0131m\u0131n da yaz\u0131lanlar\u0131n da Cumhuriyetimizin bir d\u00f6nemine \u0131\u015f\u0131k tutabilecek, bilgi verecek nitelikte oldu\u011funu d\u00fc\u015f\u00fcn\u00fcyorum. Bu yaz\u0131larda y\u00f6netici ya da siyaset\u00e7i olarak asl\u0131nda devlet adam\u0131 ya da milletin adam\u0131 olarak ge\u00e7mi\u015fte ya\u015fan\u0131lan olaylar, yap\u0131lanlar, halkla ili\u015fkiler, ileti\u015fimde kullan\u0131lan dil ve \u00fcsluplarla bir zamanlar\u0131n T\u00fcrkiye\u2019si anlat\u0131lmaktad\u0131r. Bu kitab\u0131 ba\u011fl\u0131 oldu\u011fum T\u00fcrk milletine ebediyete ula\u015fmas\u0131n\u0131 istedi\u011fim T\u00fcrkiye Cumhuriyeti Devleti i\u00e7in arma\u011fan ediyorum&#8230;   -Sabahattin \u00c7AKMAKO\u011eLU-<\/p>\n","protected":false},"excerpt":{"rendered":"<p>Neredeyse Cumhuriyetle ya\u015f\u0131t bir \u00f6mr\u00fc, devletin \u00e7e\u015fitli kademelerinde bulundu\u011fum g\u00f6revlerde T\u00fcrk milletine, T\u00fcrk Devletine hizmetle ya\u015fad\u0131m. Kaymakam, vali yard\u0131mc\u0131s\u0131, vali, emniyet genel m\u00fcd\u00fcr\u00fc, m\u00fcste\u015far ve bakan<span class=\"excerpt-hellip\"> [\u2026]<\/span><\/p>\n","protected":false},"featured_media":0,"template":"","meta":{"_monsterinsights_skip_tracking":false,"_monsterinsights_sitenote_active":false,"_monsterinsights_sitenote_note":"","_monsterinsights_sitenote_category":0},"product_brand":[],"product_cat":[27157,12291],"product_tag":[],"class_list":{"0":"post-742464","1":"product","2":"type-product","3":"status-publish","5":"product_cat-derleme","6":"product_cat-edebiyat","7":"pa_cilt-ciltsiz","8":"pa_tur-kitap","9":"pa_yayinevi-kultur-ajans-yayinlari","10":"pa_yazar-sabahattin-cakmakoglu","12":"first","13":"instock","14":"sale","15":"shipping-taxable","16":"purchasable","17":"product-type-simple"},"_links":{"self":[{"href":"https:\/\/roveyayinevi.com.tr\/index.php\/wp-json\/wp\/v2\/product\/742464","targetHints":{"allow":["GET"]}}],"collection":[{"href":"https:\/\/roveyayinevi.com.tr\/index.php\/wp-json\/wp\/v2\/product"}],"about":[{"href":"https:\/\/roveyayinevi.com.tr\/index.php\/wp-json\/wp\/v2\/types\/product"}],"wp:attachment":[{"href":"https:\/\/roveyayinevi.com.tr\/index.php\/wp-json\/wp\/v2\/media?parent=742464"}],"wp:term":[{"taxonomy":"product_brand","embeddable":true,"href":"https:\/\/roveyayinevi.com.tr\/index.php\/wp-json\/wp\/v2\/product_brand?post=742464"},{"taxonomy":"product_cat","embeddable":true,"href":"https:\/\/roveyayinevi.com.tr\/index.php\/wp-json\/wp\/v2\/product_cat?post=742464"},{"taxonomy":"product_tag","embeddable":true,"href":"https:\/\/roveyayinevi.com.tr\/index.php\/wp-json\/wp\/v2\/product_tag?post=742464"}],"curies":[{"name":"wp","href":"https:\/\/api.w.org\/{rel}","templated":true}]}}