{"id":742463,"date":"2025-08-28T01:12:36","date_gmt":"2025-08-27T22:12:36","guid":{"rendered":"https:\/\/roveyayinevi.com.tr\/index.php\/urun\/kun-ol\/"},"modified":"2026-04-16T02:53:28","modified_gmt":"2026-04-15T23:53:28","slug":"kun-ol","status":"publish","type":"product","link":"https:\/\/roveyayinevi.com.tr\/index.php\/urun\/kun-ol\/","title":{"rendered":"K\u00fcn (Ol)"},"content":{"rendered":"<p>\u00c2\u015f\u0131k Divane 1946  y\u0131l\u0131nda Sivas\u2019\u0131n Y\u0131ld\u0131zeli il\u00e7esine ba\u011fl\u0131 Karakaya k\u00f6y\u00fcnde do\u011fdu. \u0130lkokulu bitirdi. Saz \u00e7almaya 10 ya\u015f\u0131nda iken ba\u015flad\u0131. Saz \u00e7almay\u0131 ustadan de\u011fil, kendi kendine \u00f6\u011frendi. As\u0131l ad\u0131 Mehmet \u0130nal, yarg\u0131 karar\u0131yla Divane \u0130nal\u2019a d\u00f6n\u00fc\u015ft\u00fcrd\u00fc. Babas\u0131 \u00e7ift\u00e7i Mustafa Efendi, annesi G\u00fclbeyaz Han\u0131md\u0131r. Karakaya k\u00f6y\u00fcn\u00fcn bulundu\u011fu y\u00f6re Galmuat olarak bilinmektedir. Bu y\u00f6rede ger\u00e7ekle\u015ftirilen cemlerde zakirleri ve de ceme gelen konuk \u00e2\u015f\u0131klar\u0131 dinleyerek sanat\u0131n\u0131 geli\u015ftirdi. \u0130lk konserine 1969 y\u0131l\u0131nda Tokat\u2019ta \u00e7\u0131kt\u0131. 1971-1973 y\u0131llar\u0131 aras\u0131nda ya\u015fam zorunlulu\u011fu nedeniyle \u0130svi\u00e7re\u2019de i\u015f\u00e7i olarak \u00e7al\u0131\u015ft\u0131. T\u00fcrkiye\u2019ye d\u00f6nd\u00fc\u011f\u00fcnde yurt i\u00e7inde pek \u00e7ok konserlere kat\u0131ld\u0131, turnelerde bulundu. 1975\u2019li y\u0131llarda m\u00fczik ve \u00e2\u015f\u0131kl\u0131k gelene\u011fi alan\u0131nda \u00e7al\u0131\u015fmalar\u0131n\u0131 art\u0131rd\u0131. Kasetler \u00e7\u0131kard\u0131, TRT\u2019de klibi yay\u0131mland\u0131 . 12 Eyl\u00fcl 1980 darbesinden \u00f6nce Avrupa\u2019ya gitti. Avrupa\u2019n\u0131n \u00e7e\u015fitli yerlerinde \u00e2\u015f\u0131kl\u0131k sanat\u0131n\u0131 s\u00fcrd\u00fcrd\u00fc, pek \u00e7ok konserler verdi. 2018 y\u0131l\u0131 i\u00e7inde 16 t\u00fcrk\u00fcs\u00fcn\u00fcn yer ald\u0131\u011f\u0131 CD\u2019si yay\u0131mland\u0131. Bu CD\u2019deki t\u00fcrk\u00fcler 15 farkl\u0131 sanat\u00e7\u0131 taraf\u0131ndan seslendirildi. Fransa\u2019n\u0131n Lyon kentinde bir d\u00f6k\u00fcm fabrikas\u0131nda 14 y\u0131l i\u015f\u00e7i olarak \u00e7al\u0131\u015ft\u0131. Fransa\u2019y\u0131 mekan tutu. Bug\u00fcn ya\u015fam\u0131n\u0131n bir b\u00f6l\u00fcm\u00fcn\u00fc Fransa\u2019da, bir b\u00f6l\u00fcm\u00fcn\u00fc de T\u00fcrkiye\u2019de ge\u00e7irmektedir. Bu kitap \u00c2\u015f\u0131k Divane\u2019nin ikinci kitab\u0131d\u0131r. Bundan \u00f6nce bas\u0131lan \u201cBell\u2019olmaz\u201d adl\u0131 kitab\u0131nda 550 adet \u015fiiri yer alm\u0131\u015ft\u0131. \u201cK\u00fcn (Ol)\u201d ad\u0131n\u0131 ta\u015f\u0131yan bu kitab\u0131nda ise 750 \u015fiiri bulunmaktad\u0131r. <\/p>\n","protected":false},"excerpt":{"rendered":"<p>\u00c2\u015f\u0131k Divane 1946 y\u0131l\u0131nda Sivas\u2019\u0131n Y\u0131ld\u0131zeli il\u00e7esine ba\u011fl\u0131 Karakaya k\u00f6y\u00fcnde do\u011fdu. \u0130lkokulu bitirdi. Saz \u00e7almaya 10 ya\u015f\u0131nda iken ba\u015flad\u0131. Saz \u00e7almay\u0131 ustadan de\u011fil, kendi kendine \u00f6\u011frendi.<span class=\"excerpt-hellip\"> [\u2026]<\/span><\/p>\n","protected":false},"featured_media":0,"template":"","meta":{"_monsterinsights_skip_tracking":false,"_monsterinsights_sitenote_active":false,"_monsterinsights_sitenote_note":"","_monsterinsights_sitenote_category":0},"product_brand":[],"product_cat":[12291,12509],"product_tag":[],"class_list":{"0":"post-742463","1":"product","2":"type-product","3":"status-publish","5":"product_cat-edebiyat","6":"product_cat-siir","7":"pa_cilt-ciltsiz","8":"pa_tur-kitap","9":"pa_yayinevi-kultur-ajans-yayinlari","10":"pa_yazar-asik-divane","12":"first","13":"instock","14":"sale","15":"shipping-taxable","16":"purchasable","17":"product-type-simple"},"_links":{"self":[{"href":"https:\/\/roveyayinevi.com.tr\/index.php\/wp-json\/wp\/v2\/product\/742463","targetHints":{"allow":["GET"]}}],"collection":[{"href":"https:\/\/roveyayinevi.com.tr\/index.php\/wp-json\/wp\/v2\/product"}],"about":[{"href":"https:\/\/roveyayinevi.com.tr\/index.php\/wp-json\/wp\/v2\/types\/product"}],"wp:attachment":[{"href":"https:\/\/roveyayinevi.com.tr\/index.php\/wp-json\/wp\/v2\/media?parent=742463"}],"wp:term":[{"taxonomy":"product_brand","embeddable":true,"href":"https:\/\/roveyayinevi.com.tr\/index.php\/wp-json\/wp\/v2\/product_brand?post=742463"},{"taxonomy":"product_cat","embeddable":true,"href":"https:\/\/roveyayinevi.com.tr\/index.php\/wp-json\/wp\/v2\/product_cat?post=742463"},{"taxonomy":"product_tag","embeddable":true,"href":"https:\/\/roveyayinevi.com.tr\/index.php\/wp-json\/wp\/v2\/product_tag?post=742463"}],"curies":[{"name":"wp","href":"https:\/\/api.w.org\/{rel}","templated":true}]}}