{"id":742460,"date":"2025-08-28T01:12:32","date_gmt":"2025-08-27T22:12:32","guid":{"rendered":"https:\/\/roveyayinevi.com.tr\/index.php\/urun\/gece-3\/"},"modified":"2026-04-16T02:53:28","modified_gmt":"2026-04-15T23:53:28","slug":"gece-3","status":"publish","type":"product","link":"https:\/\/roveyayinevi.com.tr\/index.php\/urun\/gece-3\/","title":{"rendered":"Gece"},"content":{"rendered":"<p>GECE Mutlu d\u00fcnyas\u0131 bir g\u00fcnde ismi gibi kararm\u0131\u015f bir kad\u0131n. Can\u0131 pahas\u0131na sevdi\u011fi iki ki\u015fi elinden al\u0131nm\u0131\u015f, tutundu\u011fu hi\u00e7bir dal\u0131 kalmam\u0131\u015ft\u0131 Gece&#8217;nin. Bir anl\u0131k zevk u\u011fruna iki can\u0131n kan\u0131na girdin sen! Mezara evlad\u0131nla bir de beni defnettin. En karanl\u0131k GECE&#8217; ye ad\u0131m\u0131 kaz\u0131d\u0131n; \u00d6mr\u00fcm yetti\u011fince affedilmeyeceksin mah\u015ferimde. \u015eimdi s\u00f6yle sen kimi aldatt\u0131n, s\u00f6yle en \u00e7ok kimin can\u0131n\u0131 ac\u0131tt\u0131n? Hadi s\u00f6yle durma; en fazla kimi \u00f6ld\u00fcrd\u00fcn? Beni mi\u2026 Bebe\u011fimizi mi? S\u0130NAN Nas\u0131l oldu\u011funu anlayamadan yap\u0131lan bir anl\u0131k hata. Sinan\u2019\u0131n hayat\u0131nda ki en de\u011ferli \u015feyleri kaybetti\u011fi, b\u00fcy\u00fck bir hata&#8230; Kaybettiklerini geri alabilir miydi, hakk\u0131 olmamas\u0131na ra\u011fmen? Yapamam! G\u00f6z g\u00f6re g\u00f6re beni \u00f6ld\u00fcrmene izin veremem. Can\u0131m yan\u0131yor. Biliyorum hakk\u0131m yok, ama seni b\u0131rakmaya da g\u00fcc\u00fcm yok. Bana bak! Kar\u015f\u0131nda eski beni g\u00f6rebiliyor musun? Ben uzun zamand\u0131r g\u00f6remiyorum. Ya\u015fay\u0131p ya\u015famad\u0131\u011f\u0131m\u0131 bile bilmiyorum. <\/p>\n","protected":false},"excerpt":{"rendered":"<p>GECE Mutlu d\u00fcnyas\u0131 bir g\u00fcnde ismi gibi kararm\u0131\u015f bir kad\u0131n. Can\u0131 pahas\u0131na sevdi\u011fi iki ki\u015fi elinden al\u0131nm\u0131\u015f, tutundu\u011fu hi\u00e7bir dal\u0131 kalmam\u0131\u015ft\u0131 Gece&#8217;nin. Bir anl\u0131k zevk u\u011fruna<span class=\"excerpt-hellip\"> [\u2026]<\/span><\/p>\n","protected":false},"featured_media":0,"template":"","meta":{"_monsterinsights_skip_tracking":false,"_monsterinsights_sitenote_active":false,"_monsterinsights_sitenote_note":"","_monsterinsights_sitenote_category":0},"product_brand":[],"product_cat":[12291,12711],"product_tag":[],"class_list":{"0":"post-742460","1":"product","2":"type-product","3":"status-publish","5":"product_cat-edebiyat","6":"product_cat-roman-oyku","7":"pa_cilt-ciltsiz","8":"pa_tur-kitap","9":"pa_yayinevi-kitap-muptelasi-yayinlari","10":"pa_yazar-semra-senol","12":"first","13":"instock","14":"sale","15":"shipping-taxable","16":"purchasable","17":"product-type-simple"},"_links":{"self":[{"href":"https:\/\/roveyayinevi.com.tr\/index.php\/wp-json\/wp\/v2\/product\/742460","targetHints":{"allow":["GET"]}}],"collection":[{"href":"https:\/\/roveyayinevi.com.tr\/index.php\/wp-json\/wp\/v2\/product"}],"about":[{"href":"https:\/\/roveyayinevi.com.tr\/index.php\/wp-json\/wp\/v2\/types\/product"}],"wp:attachment":[{"href":"https:\/\/roveyayinevi.com.tr\/index.php\/wp-json\/wp\/v2\/media?parent=742460"}],"wp:term":[{"taxonomy":"product_brand","embeddable":true,"href":"https:\/\/roveyayinevi.com.tr\/index.php\/wp-json\/wp\/v2\/product_brand?post=742460"},{"taxonomy":"product_cat","embeddable":true,"href":"https:\/\/roveyayinevi.com.tr\/index.php\/wp-json\/wp\/v2\/product_cat?post=742460"},{"taxonomy":"product_tag","embeddable":true,"href":"https:\/\/roveyayinevi.com.tr\/index.php\/wp-json\/wp\/v2\/product_tag?post=742460"}],"curies":[{"name":"wp","href":"https:\/\/api.w.org\/{rel}","templated":true}]}}