{"id":742459,"date":"2025-08-28T01:12:31","date_gmt":"2025-08-27T22:12:31","guid":{"rendered":"https:\/\/roveyayinevi.com.tr\/index.php\/urun\/salavat-kokan-guller-tekbir-kokan-laleler\/"},"modified":"2026-04-16T02:53:28","modified_gmt":"2026-04-15T23:53:28","slug":"salavat-kokan-guller-tekbir-kokan-laleler","status":"publish","type":"product","link":"https:\/\/roveyayinevi.com.tr\/index.php\/urun\/salavat-kokan-guller-tekbir-kokan-laleler\/","title":{"rendered":"Salavat Kokan G\u00fcller Tekbir Kokan Laleler"},"content":{"rendered":"<p>Edebiyat d\u00fcnyam\u0131z\u0131n tecr\u00fcbeli kalemi Muhammet G\u00d6K\u00c7E, bu kez yine bir \u015fiir demetiyle, \u0130l\u00e2h\u00ee sevgiler penceresinden g\u00f6n\u00fcllere hitap ediyor. G\u00fcl ve L\u00e2le motifleriyle sembolize etti\u011fi Hz. Peygamber SAV ve Allah CC sevgisinin i\u015flendi\u011fi \u015fiirleri sizlerle payla\u015f\u0131yoruz. \u015eiirin b\u00fcy\u00fcleyici d\u00fcnyas\u0131nda bamba\u015fka bir \u00fcsl\u00fbpla tan\u0131\u015facak; lirik \u015fiirlerle duygulanacak, epik ve didaktik \u015fiirlerle keyif alacaks\u0131n\u0131z.    <\/p>\n","protected":false},"excerpt":{"rendered":"<p>Edebiyat d\u00fcnyam\u0131z\u0131n tecr\u00fcbeli kalemi Muhammet G\u00d6K\u00c7E, bu kez yine bir \u015fiir demetiyle, \u0130l\u00e2h\u00ee sevgiler penceresinden g\u00f6n\u00fcllere hitap ediyor. G\u00fcl ve L\u00e2le motifleriyle sembolize etti\u011fi Hz. Peygamber<span class=\"excerpt-hellip\"> [\u2026]<\/span><\/p>\n","protected":false},"featured_media":0,"template":"","meta":{"_monsterinsights_skip_tracking":false,"_monsterinsights_sitenote_active":false,"_monsterinsights_sitenote_note":"","_monsterinsights_sitenote_category":0},"product_brand":[],"product_cat":[35958],"product_tag":[],"class_list":{"0":"post-742459","1":"product","2":"type-product","3":"status-publish","5":"product_cat-siir-2","6":"pa_cilt-ciltsiz","7":"pa_tur-kitap","8":"pa_yayinevi-kitap-muptelasi-yayinlari","9":"pa_yazar-muhammet-gokce","11":"first","12":"instock","13":"sale","14":"shipping-taxable","15":"purchasable","16":"product-type-simple"},"_links":{"self":[{"href":"https:\/\/roveyayinevi.com.tr\/index.php\/wp-json\/wp\/v2\/product\/742459","targetHints":{"allow":["GET"]}}],"collection":[{"href":"https:\/\/roveyayinevi.com.tr\/index.php\/wp-json\/wp\/v2\/product"}],"about":[{"href":"https:\/\/roveyayinevi.com.tr\/index.php\/wp-json\/wp\/v2\/types\/product"}],"wp:attachment":[{"href":"https:\/\/roveyayinevi.com.tr\/index.php\/wp-json\/wp\/v2\/media?parent=742459"}],"wp:term":[{"taxonomy":"product_brand","embeddable":true,"href":"https:\/\/roveyayinevi.com.tr\/index.php\/wp-json\/wp\/v2\/product_brand?post=742459"},{"taxonomy":"product_cat","embeddable":true,"href":"https:\/\/roveyayinevi.com.tr\/index.php\/wp-json\/wp\/v2\/product_cat?post=742459"},{"taxonomy":"product_tag","embeddable":true,"href":"https:\/\/roveyayinevi.com.tr\/index.php\/wp-json\/wp\/v2\/product_tag?post=742459"}],"curies":[{"name":"wp","href":"https:\/\/api.w.org\/{rel}","templated":true}]}}