{"id":742457,"date":"2025-08-28T01:12:29","date_gmt":"2025-08-27T22:12:29","guid":{"rendered":"https:\/\/roveyayinevi.com.tr\/index.php\/urun\/yolun-sonu-2\/"},"modified":"2026-04-16T02:53:28","modified_gmt":"2026-04-15T23:53:28","slug":"yolun-sonu-2","status":"publish","type":"product","link":"https:\/\/roveyayinevi.com.tr\/index.php\/urun\/yolun-sonu-2\/","title":{"rendered":"Yolun Sonu"},"content":{"rendered":"<p>Tiyatro \u0131\u015f\u0131kt\u0131r, umuttur, inceliktir, insan kalabilmenin en naif ifadesidir. Ger\u00e7e\u011fin aynas\u0131 de\u011fil ta kendisidir. Bir tutkudur, ya\u015fama bi\u00e7imidir. Heves de\u011fil ya\u015famaya heveslendirendir. T\u0131pk\u0131 gen\u00e7ler gibi. Birbirleriyle bu kadar benzer bu kadar i\u00e7 i\u00e7eyken,  gen\u00e7lik oyunu yaz\u0131lmamas\u0131na hep i\u00e7erlemi\u015fimdir. Y\u0131llar \u00f6nce denemi\u015f denemek yetmez diyerek epeyce emek vermi\u015ftim. Oynand\u0131\u011f\u0131 zamanlarda sahnede g\u00f6rmek \u00e7ok onurland\u0131rm\u0131\u015ft\u0131. Ne \u015fartlar alt\u0131nda olursa olsun, dostlu\u011fun, yard\u0131mla\u015fman\u0131n ve gen\u00e7li\u011fin o g\u00fczel zamanlar\u0131n\u0131 birlikte ve dolu dolu ya\u015faman\u0131n konu edildi\u011fi bir oyunu kitaptan \u00e7ok sahnede g\u00f6rmek en g\u00fczeli. Ne kadar zor \u015fartlarda okusak da yan\u0131m\u0131zda dostlar\u0131m\u0131z, can arkada\u015flar\u0131m\u0131z\u0131n olmas\u0131 hayat\u0131 kolayla\u015ft\u0131ran ve ya\u015famaya de\u011fer k\u0131lan en \u00f6nemli varl\u0131\u011f\u0131m\u0131z. Ya\u015fam\u0131n kendisi gibi bizler de d\u00f6n\u00fc\u015f\u00fcp duruyoruz. Asl\u0131nda yolun sonu yok. Olursa da dostluklar, payda\u015fl\u0131klar olsun. <\/p>\n","protected":false},"excerpt":{"rendered":"<p>Tiyatro \u0131\u015f\u0131kt\u0131r, umuttur, inceliktir, insan kalabilmenin en naif ifadesidir. Ger\u00e7e\u011fin aynas\u0131 de\u011fil ta kendisidir. Bir tutkudur, ya\u015fama bi\u00e7imidir. Heves de\u011fil ya\u015famaya heveslendirendir. T\u0131pk\u0131 gen\u00e7ler gibi. Birbirleriyle<span class=\"excerpt-hellip\"> [\u2026]<\/span><\/p>\n","protected":false},"featured_media":0,"template":"","meta":{"_monsterinsights_skip_tracking":false,"_monsterinsights_sitenote_active":false,"_monsterinsights_sitenote_note":"","_monsterinsights_sitenote_category":0},"product_brand":[],"product_cat":[12291,14272],"product_tag":[],"class_list":{"0":"post-742457","1":"product","2":"type-product","3":"status-publish","5":"product_cat-edebiyat","6":"product_cat-tiyatro","7":"pa_cilt-ciltsiz","8":"pa_tur-kitap","9":"pa_yayinevi-kitap-muptelasi-yayinlari","10":"pa_yazar-goktan-guclu","12":"first","13":"instock","14":"sale","15":"shipping-taxable","16":"purchasable","17":"product-type-simple"},"_links":{"self":[{"href":"https:\/\/roveyayinevi.com.tr\/index.php\/wp-json\/wp\/v2\/product\/742457","targetHints":{"allow":["GET"]}}],"collection":[{"href":"https:\/\/roveyayinevi.com.tr\/index.php\/wp-json\/wp\/v2\/product"}],"about":[{"href":"https:\/\/roveyayinevi.com.tr\/index.php\/wp-json\/wp\/v2\/types\/product"}],"wp:attachment":[{"href":"https:\/\/roveyayinevi.com.tr\/index.php\/wp-json\/wp\/v2\/media?parent=742457"}],"wp:term":[{"taxonomy":"product_brand","embeddable":true,"href":"https:\/\/roveyayinevi.com.tr\/index.php\/wp-json\/wp\/v2\/product_brand?post=742457"},{"taxonomy":"product_cat","embeddable":true,"href":"https:\/\/roveyayinevi.com.tr\/index.php\/wp-json\/wp\/v2\/product_cat?post=742457"},{"taxonomy":"product_tag","embeddable":true,"href":"https:\/\/roveyayinevi.com.tr\/index.php\/wp-json\/wp\/v2\/product_tag?post=742457"}],"curies":[{"name":"wp","href":"https:\/\/api.w.org\/{rel}","templated":true}]}}