{"id":742456,"date":"2025-08-28T01:12:28","date_gmt":"2025-08-27T22:12:28","guid":{"rendered":"https:\/\/roveyayinevi.com.tr\/index.php\/urun\/gozyasindayim\/"},"modified":"2026-04-16T02:53:28","modified_gmt":"2026-04-15T23:53:28","slug":"gozyasindayim","status":"publish","type":"product","link":"https:\/\/roveyayinevi.com.tr\/index.php\/urun\/gozyasindayim\/","title":{"rendered":"G\u00f6zya\u015f\u0131nday\u0131m"},"content":{"rendered":"<p>Eyl\u00fcl! Ad\u0131 gibi bir sonbahar ezgisi. Ya\u011fmurun yeri d\u00f6vd\u00fc\u011f\u00fc bir gecede kunda\u011f\u0131yla terk edilen \u00f6ks\u00fcz. Can yolda\u015f\u0131 Ay\u015fe ile kimsesiz \u00e7ocuklar\u0131n mesk\u00fbn belledi\u011fi, birbirlerine kol kanat gerdikleri yetimhanede b\u00fcy\u00fcmek zorunda kalan, say\u0131s\u0131z yetimden sadece biri. Tam anlam\u0131yla yurt, s\u0131la nedir bilmeyen, yuvas\u0131z bir ku\u015f. En umulmad\u0131k anda, y\u00fcrekten d\u00f6k\u00fclen \u015fark\u0131lar\u0131n gizeminde, g\u00f6zlerine nak\u015feden bir renk. Deniz Mavisi! Eyl\u00fcl; kimsesizli\u011fin sundu\u011fu sevgi yitikli\u011fi ve s\u0131cak bir yuvan\u0131n hasretiyle yakla\u015f\u0131r Ezrak&#8217;a. Mavinin u\u00e7suz bucaks\u0131z ufkunu, ha\u015fin dalgalar\u0131n\u0131 veyahut dibi g\u00f6r\u00fcnmez enginlerini tahayy\u00fcl edemez. Mavi Adam&#8217;\u0131m dedi\u011fi, meftun a\u015fk\u0131 Ezrak&#8217;\u0131n; kalbinin derinliklerindeki nas\u0131r tutmu\u015f, ah i\u015flemeyen g\u00fcvensizliklerini hesaba katmaz. S\u0131cak avu\u00e7lar\u0131nda, kanatlar\u0131n\u0131n k\u0131r\u0131lma korkusu olmadan bir \u00f6m\u00fcr ge\u00e7irebilece\u011fine inan\u0131r&#8230;<\/p>\n","protected":false},"excerpt":{"rendered":"<p>Eyl\u00fcl! Ad\u0131 gibi bir sonbahar ezgisi. Ya\u011fmurun yeri d\u00f6vd\u00fc\u011f\u00fc bir gecede kunda\u011f\u0131yla terk edilen \u00f6ks\u00fcz. Can yolda\u015f\u0131 Ay\u015fe ile kimsesiz \u00e7ocuklar\u0131n mesk\u00fbn belledi\u011fi, birbirlerine kol kanat<span class=\"excerpt-hellip\"> [\u2026]<\/span><\/p>\n","protected":false},"featured_media":0,"template":"","meta":{"_monsterinsights_skip_tracking":false,"_monsterinsights_sitenote_active":false,"_monsterinsights_sitenote_note":"","_monsterinsights_sitenote_category":0},"product_brand":[],"product_cat":[12291,12711],"product_tag":[],"class_list":{"0":"post-742456","1":"product","2":"type-product","3":"status-publish","5":"product_cat-edebiyat","6":"product_cat-roman-oyku","7":"pa_cilt-ciltli","8":"pa_tur-kitap","9":"pa_yayinevi-kitap-muptelasi-yayinlari","10":"pa_yazar-semra-senol","12":"first","13":"instock","14":"sale","15":"shipping-taxable","16":"purchasable","17":"product-type-simple"},"_links":{"self":[{"href":"https:\/\/roveyayinevi.com.tr\/index.php\/wp-json\/wp\/v2\/product\/742456","targetHints":{"allow":["GET"]}}],"collection":[{"href":"https:\/\/roveyayinevi.com.tr\/index.php\/wp-json\/wp\/v2\/product"}],"about":[{"href":"https:\/\/roveyayinevi.com.tr\/index.php\/wp-json\/wp\/v2\/types\/product"}],"wp:attachment":[{"href":"https:\/\/roveyayinevi.com.tr\/index.php\/wp-json\/wp\/v2\/media?parent=742456"}],"wp:term":[{"taxonomy":"product_brand","embeddable":true,"href":"https:\/\/roveyayinevi.com.tr\/index.php\/wp-json\/wp\/v2\/product_brand?post=742456"},{"taxonomy":"product_cat","embeddable":true,"href":"https:\/\/roveyayinevi.com.tr\/index.php\/wp-json\/wp\/v2\/product_cat?post=742456"},{"taxonomy":"product_tag","embeddable":true,"href":"https:\/\/roveyayinevi.com.tr\/index.php\/wp-json\/wp\/v2\/product_tag?post=742456"}],"curies":[{"name":"wp","href":"https:\/\/api.w.org\/{rel}","templated":true}]}}