{"id":742454,"date":"2025-08-28T01:12:25","date_gmt":"2025-08-27T22:12:25","guid":{"rendered":"https:\/\/roveyayinevi.com.tr\/index.php\/urun\/bicimsel-anlambilim-temel-kavramlar\/"},"modified":"2026-04-16T02:53:28","modified_gmt":"2026-04-15T23:53:28","slug":"bicimsel-anlambilim-temel-kavramlar","status":"publish","type":"product","link":"https:\/\/roveyayinevi.com.tr\/index.php\/urun\/bicimsel-anlambilim-temel-kavramlar\/","title":{"rendered":"Bi\u00e7imsel Anlambilim Temel Kavramlar"},"content":{"rendered":"<p>Bi\u00e7imsel anlambilim, dilin ve dilbilgisinin \u00fcreticili\u011fini belirgin bir mant\u0131ksal-matematiksel dizge olarak kabul edip, dilsel anlam\u0131 bu dizgenin \u00fcretti\u011fi bir \u015fey olarak g\u00f6r\u00fcr. Bir ba\u015fka deyi\u015fle \u00fcretici dilbilgisel yap\u0131, mant\u0131k ve matemati\u011fin yasalar\u0131na ko\u015fut bir i\u015fleyi\u015fle anlam \u00fcreten bir mekanizmad\u0131r. \u201cDil, mant\u0131k ve matematik\u201d, bir araya geldiklerinde anlam\u0131 olu\u015fturan, pek \u00e7ok a\u00e7\u0131dan yasalar\u0131 \u00f6rt\u00fc\u015fen bir dizgeler b\u00fct\u00fcn\u00fcd\u00fcr. Mant\u0131k ve matemati\u011fin bir dili oldu\u011fu kadar, dilin bir mant\u0131k ve matemati\u011fi vard\u0131r. Bunlar asl\u0131nda ayn\u0131 olgunun farkl\u0131 g\u00f6r\u00fcn\u00fcmleridir. Buradaki dil, \u201cdo\u011fal insan dili\u201d anlam\u0131ndad\u0131r. \u0130nsana \u00f6zg\u00fc bir yetinin, dilyetisinin \u00fcr\u00fcn\u00fc olan do\u011fal dillerin mant\u0131k ve matematik dizgeleriyle a\u00e7\u0131klanamayacak pek \u00e7ok g\u00f6r\u00fcn\u00fcm\u00fc olabilir; ancak mant\u0131k ve matematik, bu dilyetisinin ilkesel ve evrensel bile\u015fenleridir. <\/p>\n","protected":false},"excerpt":{"rendered":"<p>Bi\u00e7imsel anlambilim, dilin ve dilbilgisinin \u00fcreticili\u011fini belirgin bir mant\u0131ksal-matematiksel dizge olarak kabul edip, dilsel anlam\u0131 bu dizgenin \u00fcretti\u011fi bir \u015fey olarak g\u00f6r\u00fcr. Bir ba\u015fka deyi\u015fle \u00fcretici<span class=\"excerpt-hellip\"> [\u2026]<\/span><\/p>\n","protected":false},"featured_media":0,"template":"","meta":{"_monsterinsights_skip_tracking":false,"_monsterinsights_sitenote_active":false,"_monsterinsights_sitenote_note":"","_monsterinsights_sitenote_category":0},"product_brand":[],"product_cat":[20225,12291],"product_tag":[],"class_list":{"0":"post-742454","1":"product","2":"type-product","3":"status-publish","5":"product_cat-dil-bilim","6":"product_cat-edebiyat","7":"pa_cilt-ciltsiz","8":"pa_tur-kitap","9":"pa_yayinevi-ani-yayincilik","10":"pa_yazar-kolektif","12":"first","13":"instock","14":"sale","15":"shipping-taxable","16":"purchasable","17":"product-type-simple"},"_links":{"self":[{"href":"https:\/\/roveyayinevi.com.tr\/index.php\/wp-json\/wp\/v2\/product\/742454","targetHints":{"allow":["GET"]}}],"collection":[{"href":"https:\/\/roveyayinevi.com.tr\/index.php\/wp-json\/wp\/v2\/product"}],"about":[{"href":"https:\/\/roveyayinevi.com.tr\/index.php\/wp-json\/wp\/v2\/types\/product"}],"wp:attachment":[{"href":"https:\/\/roveyayinevi.com.tr\/index.php\/wp-json\/wp\/v2\/media?parent=742454"}],"wp:term":[{"taxonomy":"product_brand","embeddable":true,"href":"https:\/\/roveyayinevi.com.tr\/index.php\/wp-json\/wp\/v2\/product_brand?post=742454"},{"taxonomy":"product_cat","embeddable":true,"href":"https:\/\/roveyayinevi.com.tr\/index.php\/wp-json\/wp\/v2\/product_cat?post=742454"},{"taxonomy":"product_tag","embeddable":true,"href":"https:\/\/roveyayinevi.com.tr\/index.php\/wp-json\/wp\/v2\/product_tag?post=742454"}],"curies":[{"name":"wp","href":"https:\/\/api.w.org\/{rel}","templated":true}]}}