{"id":742452,"date":"2025-08-28T01:12:22","date_gmt":"2025-08-27T22:12:22","guid":{"rendered":"https:\/\/roveyayinevi.com.tr\/index.php\/urun\/abba-ay-buyurken\/"},"modified":"2025-12-30T10:55:52","modified_gmt":"2025-12-30T07:55:52","slug":"abba-ay-buyurken","status":"publish","type":"product","link":"https:\/\/roveyayinevi.com.tr\/index.php\/urun\/abba-ay-buyurken\/","title":{"rendered":"Abba\/Ay B\u00fcy\u00fcrken"},"content":{"rendered":"<p>\u201c2021 y\u0131l\u0131nda pandemi nedeniyle evlerimize kapand\u0131\u011f\u0131m\u0131z o g\u00fcnlerde 13 ya\u015f\u0131nda olan Kuzey \u00d6zk\u0131z\u0131kl\u0131\u2019n\u0131n yarat\u0131c\u0131 d\u00fcnyas\u0131ndan \u00e7\u0131kan bu m\u00fcthi\u015f hik\u00e2yenin sadece bizim an\u0131lar\u0131m\u0131zda kalmas\u0131na g\u00f6nl\u00fcm\u00fcz raz\u0131 olmad\u0131. B\u00f6ylece anne-o\u011ful i\u015f birli\u011fiyle can verdi\u011fimiz hik\u00e2yenin elinizde tuttu\u011funuz bu romana d\u00f6n\u00fc\u015febilmesi ve \u00e7ocuktan \u00e7ocu\u011fa bir k\u00f6pr\u00fc olmas\u0131n\u0131 umut ettik, bu yolda hayaller kurmaya ba\u015flad\u0131k. Biz yazarken \u00e7ok e\u011flendik, umar\u0131z siz de okurken \u00e7ok e\u011flenirsiniz. \u201c Can g\u00f6rd\u00fc\u011f\u00fc k\u00e2busun etkisiyle kan ter i\u00e7inde kalm\u0131\u015ft\u0131. Korku dolu anlar ya\u015fad\u0131\u011f\u0131 r\u00fcyada; parkta a\u011fa\u00e7lar\u0131n aras\u0131nda annesiyle y\u00fcr\u00fcrken birden g\u00f6k g\u00fcrlemeye, \u015fim\u015fek \u00e7akmaya ve \u015fiddetli bir ya\u011fmur ya\u011fmaya ba\u015flam\u0131\u015ft\u0131. Ko\u015fu\u015fturan insan kalabal\u0131\u011f\u0131n\u0131n i\u00e7inde Can birden yan\u0131 ba\u015f\u0131nda duran annesini kaybetmi\u015fti. Can bu karma\u015fada annesini ararken, alt\u0131nda durdu\u011fu koca a\u011faca d\u00fc\u015fen y\u0131ld\u0131r\u0131m\u0131n etkisiyle b\u00fcy\u00fck bir \u00e7at\u0131rt\u0131 sesi duydu. Ba\u015f\u0131n\u0131 kald\u0131r\u0131p bakt\u0131\u011f\u0131nda \u00fcst\u00fcne devrilen a\u011fac\u0131n dallar\u0131 y\u00fcz\u00fcnden g\u00f6z\u00fc yaralanm\u0131\u015f ve etraf\u0131n\u0131 g\u00f6remez olmu\u015ftu. G\u00f6rd\u00fc\u011f\u00fc bu k\u00e2busun etkisiyle \u00e7\u0131\u011fl\u0131klar atarak uyanan Can yan\u0131nda annesini g\u00f6r\u00fcnce bunun bir r\u00fcya oldu\u011funu anlad\u0131 ve annesine s\u0131ms\u0131k\u0131 sar\u0131larak eliyle g\u00f6z\u00fcn\u00fc kontrol etti. Hala s\u0131zlayan g\u00f6z\u00fcyle beraber kalbi de korkudan k\u00fct k\u00fct at\u0131yordu. Fakat Can g\u00f6rd\u00fc\u011f\u00fc bu k\u00e2busun hayat\u0131nda ya\u015fanacak \u00f6nemli de\u011fi\u015fimlerin habercisi oldu\u011funu hen\u00fcz bilmiyordu\u2026<\/p>\n","protected":false},"excerpt":{"rendered":"<p>\u201c2021 y\u0131l\u0131nda pandemi nedeniyle evlerimize kapand\u0131\u011f\u0131m\u0131z o g\u00fcnlerde 13 ya\u015f\u0131nda olan Kuzey \u00d6zk\u0131z\u0131kl\u0131\u2019n\u0131n yarat\u0131c\u0131 d\u00fcnyas\u0131ndan \u00e7\u0131kan bu m\u00fcthi\u015f hik\u00e2yenin sadece bizim an\u0131lar\u0131m\u0131zda kalmas\u0131na g\u00f6nl\u00fcm\u00fcz raz\u0131 olmad\u0131.<span class=\"excerpt-hellip\"> [\u2026]<\/span><\/p>\n","protected":false},"featured_media":0,"template":"","meta":{"_monsterinsights_skip_tracking":false,"_monsterinsights_sitenote_active":false,"_monsterinsights_sitenote_note":"","_monsterinsights_sitenote_category":0},"product_brand":[],"product_cat":[12291,50487],"product_tag":[],"class_list":{"0":"post-742452","1":"product","2":"type-product","3":"status-publish","5":"product_cat-edebiyat","6":"product_cat-kurgu","7":"pa_cilt-ciltsiz","8":"pa_tur-kitap","9":"pa_yayinevi-arte","10":"pa_yazar-sibel-ozkizikli","12":"first","13":"instock","14":"sale","15":"shipping-taxable","16":"purchasable","17":"product-type-simple"},"_links":{"self":[{"href":"https:\/\/roveyayinevi.com.tr\/index.php\/wp-json\/wp\/v2\/product\/742452","targetHints":{"allow":["GET"]}}],"collection":[{"href":"https:\/\/roveyayinevi.com.tr\/index.php\/wp-json\/wp\/v2\/product"}],"about":[{"href":"https:\/\/roveyayinevi.com.tr\/index.php\/wp-json\/wp\/v2\/types\/product"}],"wp:attachment":[{"href":"https:\/\/roveyayinevi.com.tr\/index.php\/wp-json\/wp\/v2\/media?parent=742452"}],"wp:term":[{"taxonomy":"product_brand","embeddable":true,"href":"https:\/\/roveyayinevi.com.tr\/index.php\/wp-json\/wp\/v2\/product_brand?post=742452"},{"taxonomy":"product_cat","embeddable":true,"href":"https:\/\/roveyayinevi.com.tr\/index.php\/wp-json\/wp\/v2\/product_cat?post=742452"},{"taxonomy":"product_tag","embeddable":true,"href":"https:\/\/roveyayinevi.com.tr\/index.php\/wp-json\/wp\/v2\/product_tag?post=742452"}],"curies":[{"name":"wp","href":"https:\/\/api.w.org\/{rel}","templated":true}]}}