{"id":742451,"date":"2025-08-28T01:12:21","date_gmt":"2025-08-27T22:12:21","guid":{"rendered":"https:\/\/roveyayinevi.com.tr\/index.php\/urun\/almanya-2021\/"},"modified":"2026-04-16T02:53:28","modified_gmt":"2026-04-15T23:53:28","slug":"almanya-2021","status":"publish","type":"product","link":"https:\/\/roveyayinevi.com.tr\/index.php\/urun\/almanya-2021\/","title":{"rendered":"Almanya 2021"},"content":{"rendered":"<p>D\u00fcnyam\u0131z, \u00f6zg\u00fcrl\u00fck, adalet ve farkl\u0131l\u0131klara sayg\u0131 gibi de\u011ferlerin geri \u00e7ekildi\u011fi, g\u00fcvenlik\u00e7i perspektifin, yap\u0131sal adaletsizli\u011fin ve d\u0131\u015flay\u0131c\u0131 tutumlar\u0131n \u00f6n plana \u00e7\u0131kt\u0131\u011f\u0131 bir d\u00f6nemden ge\u00e7iyor. Bat\u0131 demokrasileri de bu olumsuzluktan pay\u0131n\u0131 al\u0131yor. Bu olumsuzluk son y\u0131llarda kendisini en fazla islamofobik \u00f6nyarg\u0131 ve M\u00fcsl\u00fcman kar\u015f\u0131t\u0131 \u0131rk\u00e7\u0131l\u0131k \u015feklinde g\u00f6r\u00fcn\u00fcr k\u0131l\u0131yor. M\u00fcsl\u00fcmanlara kar\u015f\u0131 artan \u00f6nyarg\u0131, \u0131rk\u00e7\u0131l\u0131\u011f\u0131n, ayr\u0131mc\u0131l\u0131\u011f\u0131n, anti-liberal ve anti-demokratik fikirlerin en kolay \u00e7\u0131k\u0131\u015f yolu buldu\u011fu yeni bir me\u015fruiyet alan\u0131na i\u015faret ediyor. Bu bak\u0131mdan M\u00fcsl\u00fcmanlarla ilgili insan haklar\u0131 sorununu mercek alt\u0131na almak, b\u00fct\u00fcn bir \u00fclke ve sosyo-politik sistemin kar\u015f\u0131 kar\u015f\u0131ya bulundu\u011fu tehdidin boyutlar\u0131n\u0131 somutla\u015ft\u0131rmak bak\u0131m\u0131ndan \u00f6nemli bir g\u00f6stergeyi ifade ediyor. Almanya\u2019da 2021 y\u0131l\u0131nda insan haklar\u0131 ve temel \u00f6zg\u00fcrl\u00fckler a\u00e7\u0131s\u0131ndan mevcut durumu, bir y\u0131l i\u00e7inde sosyal, siyasi ve hukuki alanlarda ya\u015fanan olumlu ve olumsuz de\u011fi\u015fimleri ve bu kapsamda M\u00fcsl\u00fcmanlar\u0131n durumunu mercek alt\u0131na alan bu \u00e7al\u0131\u015fman\u0131n insan haklar\u0131na ve bar\u0131\u015fa katk\u0131 yapmas\u0131n\u0131 umar\u0131z. <\/p>\n","protected":false},"excerpt":{"rendered":"<p>D\u00fcnyam\u0131z, \u00f6zg\u00fcrl\u00fck, adalet ve farkl\u0131l\u0131klara sayg\u0131 gibi de\u011ferlerin geri \u00e7ekildi\u011fi, g\u00fcvenlik\u00e7i perspektifin, yap\u0131sal adaletsizli\u011fin ve d\u0131\u015flay\u0131c\u0131 tutumlar\u0131n \u00f6n plana \u00e7\u0131kt\u0131\u011f\u0131 bir d\u00f6nemden ge\u00e7iyor. Bat\u0131 demokrasileri de<span class=\"excerpt-hellip\"> [\u2026]<\/span><\/p>\n","protected":false},"featured_media":0,"template":"","meta":{"_monsterinsights_skip_tracking":false,"_monsterinsights_sitenote_active":false,"_monsterinsights_sitenote_note":"","_monsterinsights_sitenote_category":0},"product_brand":[],"product_cat":[13072,12291],"product_tag":[],"class_list":{"0":"post-742451","1":"product","2":"type-product","3":"status-publish","5":"product_cat-arastirma-inceleme-referans","6":"product_cat-edebiyat","7":"pa_cilt-ciltsiz","8":"pa_tur-kitap","9":"pa_yayinevi-liberte-yayinlari","10":"pa_yazar-kolektif","12":"first","13":"instock","14":"sale","15":"shipping-taxable","16":"purchasable","17":"product-type-simple"},"_links":{"self":[{"href":"https:\/\/roveyayinevi.com.tr\/index.php\/wp-json\/wp\/v2\/product\/742451","targetHints":{"allow":["GET"]}}],"collection":[{"href":"https:\/\/roveyayinevi.com.tr\/index.php\/wp-json\/wp\/v2\/product"}],"about":[{"href":"https:\/\/roveyayinevi.com.tr\/index.php\/wp-json\/wp\/v2\/types\/product"}],"wp:attachment":[{"href":"https:\/\/roveyayinevi.com.tr\/index.php\/wp-json\/wp\/v2\/media?parent=742451"}],"wp:term":[{"taxonomy":"product_brand","embeddable":true,"href":"https:\/\/roveyayinevi.com.tr\/index.php\/wp-json\/wp\/v2\/product_brand?post=742451"},{"taxonomy":"product_cat","embeddable":true,"href":"https:\/\/roveyayinevi.com.tr\/index.php\/wp-json\/wp\/v2\/product_cat?post=742451"},{"taxonomy":"product_tag","embeddable":true,"href":"https:\/\/roveyayinevi.com.tr\/index.php\/wp-json\/wp\/v2\/product_tag?post=742451"}],"curies":[{"name":"wp","href":"https:\/\/api.w.org\/{rel}","templated":true}]}}