{"id":742450,"date":"2025-08-28T01:12:19","date_gmt":"2025-08-27T22:12:19","guid":{"rendered":"https:\/\/roveyayinevi.com.tr\/index.php\/urun\/basima-guller-taksam\/"},"modified":"2025-12-30T10:55:52","modified_gmt":"2025-12-30T07:55:52","slug":"basima-guller-taksam","status":"publish","type":"product","link":"https:\/\/roveyayinevi.com.tr\/index.php\/urun\/basima-guller-taksam\/","title":{"rendered":"Ba\u015f\u0131ma G\u00fcller Taksam"},"content":{"rendered":"<p>Kad\u0131nlar\u2026 Annesine benzemekten korkan, mezar ba\u015f\u0131nda sa\u00e7lar\u0131n\u0131 yolan, r\u00fcyalar ve karabasanlar aras\u0131nda gidip gelen, olmayacak hik\u00e2yeler uyduran, yok olan veya hi\u00e7 var olmam\u0131\u015f, klorak kokan, yar\u0131m g\u00fcl\u00fcmseyen, g\u00fcl\u00fcmsemesi yar\u0131m b\u0131rakt\u0131r\u0131lan\u2026 Eser \u00c7elik Avc\u0131\u2019n\u0131n on y\u0131llara yay\u0131lm\u0131\u015f yazarl\u0131k eyleminin ilk kitab\u0131: Ba\u015f\u0131ma G\u00fcller Taksam\u2026 Ge\u00e7mi\u015f-ge\u00e7memi\u015f, birikmi\u015f-\u00e7o\u011falm\u0131\u015f hayat gibi \u00f6yk\u00fcler okuyacaklar\u0131n\u0131z. Perdesini aralad\u0131\u011f\u0131 ac\u0131lar art\u0131k ge\u00e7mi\u015fte kals\u0131n diye yaz\u0131lm\u0131\u015f\u2026 \u015ea\u015f\u0131rtacak sizi, \u201cah\u201d dedirtecek. \u201cEn ac\u0131mas\u0131z k\u00e2busunuz kanatlar\u0131n\u0131z\u0131 kaybetti\u011finiz r\u00fcyalar olacak. Tahta merdivenlerde kendi ayak sesinizden korkarak ko\u015facaks\u0131n\u0131z&#8230; Ya kanatlar\u0131m b\u0131rakt\u0131\u011f\u0131m yerde de\u011filse!\u201d<\/p>\n","protected":false},"excerpt":{"rendered":"<p>Kad\u0131nlar\u2026 Annesine benzemekten korkan, mezar ba\u015f\u0131nda sa\u00e7lar\u0131n\u0131 yolan, r\u00fcyalar ve karabasanlar aras\u0131nda gidip gelen, olmayacak hik\u00e2yeler uyduran, yok olan veya hi\u00e7 var olmam\u0131\u015f, klorak kokan, yar\u0131m<span class=\"excerpt-hellip\"> [\u2026]<\/span><\/p>\n","protected":false},"featured_media":0,"template":"","meta":{"_monsterinsights_skip_tracking":false,"_monsterinsights_sitenote_active":false,"_monsterinsights_sitenote_note":"","_monsterinsights_sitenote_category":0},"product_brand":[],"product_cat":[12291,12711],"product_tag":[],"class_list":{"0":"post-742450","1":"product","2":"type-product","3":"status-publish","5":"product_cat-edebiyat","6":"product_cat-roman-oyku","7":"pa_cilt-ciltsiz","8":"pa_tur-kitap","9":"pa_yayinevi-kitapol-yayinlari","10":"pa_yazar-eser-celik-avci","12":"first","13":"instock","14":"sale","15":"shipping-taxable","16":"purchasable","17":"product-type-simple"},"_links":{"self":[{"href":"https:\/\/roveyayinevi.com.tr\/index.php\/wp-json\/wp\/v2\/product\/742450","targetHints":{"allow":["GET"]}}],"collection":[{"href":"https:\/\/roveyayinevi.com.tr\/index.php\/wp-json\/wp\/v2\/product"}],"about":[{"href":"https:\/\/roveyayinevi.com.tr\/index.php\/wp-json\/wp\/v2\/types\/product"}],"wp:attachment":[{"href":"https:\/\/roveyayinevi.com.tr\/index.php\/wp-json\/wp\/v2\/media?parent=742450"}],"wp:term":[{"taxonomy":"product_brand","embeddable":true,"href":"https:\/\/roveyayinevi.com.tr\/index.php\/wp-json\/wp\/v2\/product_brand?post=742450"},{"taxonomy":"product_cat","embeddable":true,"href":"https:\/\/roveyayinevi.com.tr\/index.php\/wp-json\/wp\/v2\/product_cat?post=742450"},{"taxonomy":"product_tag","embeddable":true,"href":"https:\/\/roveyayinevi.com.tr\/index.php\/wp-json\/wp\/v2\/product_tag?post=742450"}],"curies":[{"name":"wp","href":"https:\/\/api.w.org\/{rel}","templated":true}]}}