{"id":742449,"date":"2025-08-28T01:12:18","date_gmt":"2025-08-27T22:12:18","guid":{"rendered":"https:\/\/roveyayinevi.com.tr\/index.php\/urun\/yazan-yazdiran-adam\/"},"modified":"2026-04-16T02:53:28","modified_gmt":"2026-04-15T23:53:28","slug":"yazan-yazdiran-adam","status":"publish","type":"product","link":"https:\/\/roveyayinevi.com.tr\/index.php\/urun\/yazan-yazdiran-adam\/","title":{"rendered":"Yazan Yazd\u0131ran Adam"},"content":{"rendered":"<p>B\u0130ZE DED\u0130 K\u0130\u2026 \u201c\u2026Hayallerimi gelge\u00e7 b\u0131rakmad\u0131m. Ger\u00e7ekle\u015ftirirken kal\u0131c\u0131, s\u00fcrd\u00fcr\u00fclebilir, geli\u015ftirilebilir, y\u0131k\u0131lamaz ve tutuklanamaz k\u0131lmak istedim. Hedeflere, yap\u0131lacaklara inanan ve g\u00fcvenen y\u00fczlerce dostun deste\u011fi ve katk\u0131s\u0131 ile el ele y\u00fcr\u00fcrken; buzda\u011f\u0131 benzeri yap\u0131m\u0131z\u0131 g\u00f6rmezden gelenleri, ger\u00e7ekle\u015ftirilenleri karalayanlar\u0131, bizimle kavga yaratmak isteyenleri s\u00fcrekli ard\u0131m\u0131zda b\u0131rakt\u0131k\u2026\u201d \u201c\u2026Yaz\u0131 D\u00fckkan\u0131 ve bile\u015fenlerine g\u00f6n\u00fcll\u00fc katk\u0131 koyan, g\u00f6r\u00fcnmekten \u00e7ok anla\u015f\u0131l\u0131r olmay\u0131 ye\u011fleyen yolda\u015flarla, istenirse tart\u0131\u015f\u0131l\u0131r, varsa kar\u015f\u0131t g\u00f6r\u00fc\u015f belirtilir ortamlar haz\u0131rlad\u0131k. Yapt\u0131klar\u0131m\u0131z i\u00e7in \u00f6d\u00fcl beklemek yerine, hak eden yap\u0131lm\u0131\u015flara \u00f6d\u00fcl verdik\u2026\u201d \u201c\u2026Birlikte D\u00fcnya\u2019n\u0131n edebiyat\u0131na, k\u00fclt\u00fcr ve sanat\u0131na hizmeti, sorumluluk olarak alg\u0131lad\u0131k. Ya\u015fad\u0131\u011f\u0131m\u0131z farkl\u0131 yerlerden de \u00f6rg\u00fctl\u00fcl\u00fck, g\u00f6n\u00fcll\u00fcl\u00fck ve \u00f6nko\u015fulsuz kat\u0131l\u0131m temelinde, g\u00f6revimizi yerine getirdik. \u00c7al\u0131\u015fmalar\u0131m\u0131z\u0131, kurulan yap\u0131y\u0131 hi\u00e7 bozmadan, yeni katlar yaratarak s\u00fcrd\u00fcr\u00fcyoruz\u2026\u201d \u201c\u2026Vasiyetimdir: Hi\u00e7bir gen\u00e7, beslenme, bar\u0131nma yetersizli\u011fi, inan\u00e7 ve d\u00fc\u015f\u00fcncesine bask\u0131 istismar\u0131 nedeniyle e\u011fitimini yar\u0131da b\u0131rakmas\u0131n. Bu ama\u00e7la, Yaz\u0131 D\u00fckkan\u0131 ve bile\u015fenlerine g\u00f6n\u00fcl veren, katk\u0131 koyan yolda\u015flar; ki\u015fisel \u00f6demeler, ak\u0131lc\u0131 yarat\u0131mlar, kollektif \u00fcretimlerle, y\u00fcksek e\u011fitim merkezleri olan kentlerde, (ba\u015flang\u0131\u00e7ta kiral\u0131k olarak 15 \u00f6\u011frenci ve 5 yeti\u015fkin toplam 20 ki\u015finin konuk edilebilece\u011fi) Yaz\u0131 D\u00fckkan\u0131 Akademi E\u011fitim Evleri kurmal\u0131. Bu evlerde gereksinimi olan \u00f6\u011frenciler bar\u0131nabilmeli, birlikte beslenebilmeli, e\u011fitim \u00e7al\u0131\u015fmalar\u0131m\u0131z, sergilerimiz, imza g\u00fcnlerimiz yap\u0131labilmeli, \u00f6\u011frencilere ve ailelerine rehberlik hizmeti verilmeli, s\u0131nav ve kay\u0131t zamanlar\u0131nda, gereksinimi olan \u00f6\u011frenci yak\u0131nlar\u0131 buralarda konuk edilmeli.. .\u201d <\/p>\n","protected":false},"excerpt":{"rendered":"<p>B\u0130ZE DED\u0130 K\u0130\u2026 \u201c\u2026Hayallerimi gelge\u00e7 b\u0131rakmad\u0131m. Ger\u00e7ekle\u015ftirirken kal\u0131c\u0131, s\u00fcrd\u00fcr\u00fclebilir, geli\u015ftirilebilir, y\u0131k\u0131lamaz ve tutuklanamaz k\u0131lmak istedim. Hedeflere, yap\u0131lacaklara inanan ve g\u00fcvenen y\u00fczlerce dostun deste\u011fi ve katk\u0131s\u0131 ile<span class=\"excerpt-hellip\"> [\u2026]<\/span><\/p>\n","protected":false},"featured_media":0,"template":"","meta":{"_monsterinsights_skip_tracking":false,"_monsterinsights_sitenote_active":false,"_monsterinsights_sitenote_note":"","_monsterinsights_sitenote_category":0},"product_brand":[],"product_cat":[12777,12291],"product_tag":[],"class_list":{"0":"post-742449","1":"product","2":"type-product","3":"status-publish","5":"product_cat-deneme","6":"product_cat-edebiyat","7":"pa_cilt-ciltsiz","8":"pa_tur-kitap","9":"pa_yayinevi-lepistes-yayinlari","10":"pa_yazar-ethem-ari","12":"first","13":"instock","14":"sale","15":"shipping-taxable","16":"purchasable","17":"product-type-simple"},"_links":{"self":[{"href":"https:\/\/roveyayinevi.com.tr\/index.php\/wp-json\/wp\/v2\/product\/742449","targetHints":{"allow":["GET"]}}],"collection":[{"href":"https:\/\/roveyayinevi.com.tr\/index.php\/wp-json\/wp\/v2\/product"}],"about":[{"href":"https:\/\/roveyayinevi.com.tr\/index.php\/wp-json\/wp\/v2\/types\/product"}],"wp:attachment":[{"href":"https:\/\/roveyayinevi.com.tr\/index.php\/wp-json\/wp\/v2\/media?parent=742449"}],"wp:term":[{"taxonomy":"product_brand","embeddable":true,"href":"https:\/\/roveyayinevi.com.tr\/index.php\/wp-json\/wp\/v2\/product_brand?post=742449"},{"taxonomy":"product_cat","embeddable":true,"href":"https:\/\/roveyayinevi.com.tr\/index.php\/wp-json\/wp\/v2\/product_cat?post=742449"},{"taxonomy":"product_tag","embeddable":true,"href":"https:\/\/roveyayinevi.com.tr\/index.php\/wp-json\/wp\/v2\/product_tag?post=742449"}],"curies":[{"name":"wp","href":"https:\/\/api.w.org\/{rel}","templated":true}]}}