{"id":742447,"date":"2025-08-28T01:12:15","date_gmt":"2025-08-27T22:12:15","guid":{"rendered":"https:\/\/roveyayinevi.com.tr\/index.php\/urun\/huzun-hanim\/"},"modified":"2025-11-21T08:11:00","modified_gmt":"2025-11-21T05:11:00","slug":"huzun-hanim","status":"publish","type":"product","link":"https:\/\/roveyayinevi.com.tr\/index.php\/urun\/huzun-hanim\/","title":{"rendered":"H\u00fcz\u00fcn han\u0131m"},"content":{"rendered":"<p>Kay\u0131tlarda 12 Ekim 1954 Antalya do\u011fumlu g\u00f6r\u00fcn\u00fcyorum. Bana sorarsan\u0131z, \u0130stanbul Kas\u0131mpa\u015fa\u2019da do\u011fdum b\u00fcy\u00fcd\u00fcm. \u0130lk ve ortaokulu burada okudum, Ak\u015fam Ticaret lisesini bitirdim\u2026 \u0130.\u0130.T.\u0130.A ikinci s\u0131n\u0131ftan ayr\u0131ld\u0131m. Bir\u00e7ok i\u015fe girip \u00e7\u0131kt\u0131m, 2012 y\u0131l\u0131 Mart ay\u0131ndan beri \u201cemekli\u201d olarak yer i\u015fgal ediyorum <\/p>\n","protected":false},"excerpt":{"rendered":"<p>Kay\u0131tlarda 12 Ekim 1954 Antalya do\u011fumlu g\u00f6r\u00fcn\u00fcyorum. Bana sorarsan\u0131z, \u0130stanbul Kas\u0131mpa\u015fa\u2019da do\u011fdum b\u00fcy\u00fcd\u00fcm. \u0130lk ve ortaokulu burada okudum, Ak\u015fam Ticaret lisesini bitirdim\u2026 \u0130.\u0130.T.\u0130.A ikinci s\u0131n\u0131ftan ayr\u0131ld\u0131m.<span class=\"excerpt-hellip\"> [\u2026]<\/span><\/p>\n","protected":false},"featured_media":0,"template":"","meta":{"_monsterinsights_skip_tracking":false,"_monsterinsights_sitenote_active":false,"_monsterinsights_sitenote_note":"","_monsterinsights_sitenote_category":0},"product_brand":[],"product_cat":[12291,12711],"product_tag":[],"class_list":{"0":"post-742447","1":"product","2":"type-product","3":"status-publish","5":"product_cat-edebiyat","6":"product_cat-roman-oyku","7":"pa_cilt-ciltsiz","8":"pa_tur-kitap","9":"pa_yayinevi-yazi-dukkani-yayinlari","10":"pa_yazar-taner-sesliler","12":"first","13":"instock","14":"sale","15":"shipping-taxable","16":"purchasable","17":"product-type-simple"},"_links":{"self":[{"href":"https:\/\/roveyayinevi.com.tr\/index.php\/wp-json\/wp\/v2\/product\/742447","targetHints":{"allow":["GET"]}}],"collection":[{"href":"https:\/\/roveyayinevi.com.tr\/index.php\/wp-json\/wp\/v2\/product"}],"about":[{"href":"https:\/\/roveyayinevi.com.tr\/index.php\/wp-json\/wp\/v2\/types\/product"}],"wp:attachment":[{"href":"https:\/\/roveyayinevi.com.tr\/index.php\/wp-json\/wp\/v2\/media?parent=742447"}],"wp:term":[{"taxonomy":"product_brand","embeddable":true,"href":"https:\/\/roveyayinevi.com.tr\/index.php\/wp-json\/wp\/v2\/product_brand?post=742447"},{"taxonomy":"product_cat","embeddable":true,"href":"https:\/\/roveyayinevi.com.tr\/index.php\/wp-json\/wp\/v2\/product_cat?post=742447"},{"taxonomy":"product_tag","embeddable":true,"href":"https:\/\/roveyayinevi.com.tr\/index.php\/wp-json\/wp\/v2\/product_tag?post=742447"}],"curies":[{"name":"wp","href":"https:\/\/api.w.org\/{rel}","templated":true}]}}