{"id":742446,"date":"2025-08-28T01:12:14","date_gmt":"2025-08-27T22:12:14","guid":{"rendered":"https:\/\/roveyayinevi.com.tr\/index.php\/urun\/belki-boylece-bizim-de-kanar-yaralarimiz\/"},"modified":"2025-11-21T08:11:00","modified_gmt":"2025-11-21T05:11:00","slug":"belki-boylece-bizim-de-kanar-yaralarimiz","status":"publish","type":"product","link":"https:\/\/roveyayinevi.com.tr\/index.php\/urun\/belki-boylece-bizim-de-kanar-yaralarimiz\/","title":{"rendered":"Belki B\u00f6ylece Bizim de Kanar Yaralar\u0131m\u0131z"},"content":{"rendered":"<p>sen hep,  o yakamozlara e\u015fit g\u00fcl\u00fc\u015f\u00fcnle  \u00e7\u0131k\u0131p geliyorsun yan\u0131ma,  ben sana e\u011fimli b\u00f6lgelerde  beklerken seni.  denizin taa dibine at\u0131lm\u0131\u015f  bir \u00e7apa gibi  s\u0131ms\u0131k\u0131 tutuyorum ellerimde,  ellerimde sana biriktirdi\u011fim  t\u00fcm renkleri.  g\u00f6kku\u015fa\u011f\u0131 bedenimde  senin renklerine boyanman\u0131n  a\u011f\u0131r ama  gurur verici bedeli. <\/p>\n","protected":false},"excerpt":{"rendered":"<p>sen hep, o yakamozlara e\u015fit g\u00fcl\u00fc\u015f\u00fcnle \u00e7\u0131k\u0131p geliyorsun yan\u0131ma, ben sana e\u011fimli b\u00f6lgelerde beklerken seni. denizin taa dibine at\u0131lm\u0131\u015f bir \u00e7apa gibi s\u0131ms\u0131k\u0131 tutuyorum ellerimde, ellerimde<span class=\"excerpt-hellip\"> [\u2026]<\/span><\/p>\n","protected":false},"featured_media":0,"template":"","meta":{"_monsterinsights_skip_tracking":false,"_monsterinsights_sitenote_active":false,"_monsterinsights_sitenote_note":"","_monsterinsights_sitenote_category":0},"product_brand":[],"product_cat":[12291,12509],"product_tag":[],"class_list":{"0":"post-742446","1":"product","2":"type-product","3":"status-publish","5":"product_cat-edebiyat","6":"product_cat-siir","7":"pa_cilt-ciltsiz","8":"pa_tur-kitap","9":"pa_yayinevi-imgenin-cocuklari","10":"pa_yazar-halil-ibrahim-durdu","12":"first","13":"instock","14":"sale","15":"shipping-taxable","16":"purchasable","17":"product-type-simple"},"_links":{"self":[{"href":"https:\/\/roveyayinevi.com.tr\/index.php\/wp-json\/wp\/v2\/product\/742446","targetHints":{"allow":["GET"]}}],"collection":[{"href":"https:\/\/roveyayinevi.com.tr\/index.php\/wp-json\/wp\/v2\/product"}],"about":[{"href":"https:\/\/roveyayinevi.com.tr\/index.php\/wp-json\/wp\/v2\/types\/product"}],"wp:attachment":[{"href":"https:\/\/roveyayinevi.com.tr\/index.php\/wp-json\/wp\/v2\/media?parent=742446"}],"wp:term":[{"taxonomy":"product_brand","embeddable":true,"href":"https:\/\/roveyayinevi.com.tr\/index.php\/wp-json\/wp\/v2\/product_brand?post=742446"},{"taxonomy":"product_cat","embeddable":true,"href":"https:\/\/roveyayinevi.com.tr\/index.php\/wp-json\/wp\/v2\/product_cat?post=742446"},{"taxonomy":"product_tag","embeddable":true,"href":"https:\/\/roveyayinevi.com.tr\/index.php\/wp-json\/wp\/v2\/product_tag?post=742446"}],"curies":[{"name":"wp","href":"https:\/\/api.w.org\/{rel}","templated":true}]}}