{"id":742444,"date":"2025-08-28T01:12:11","date_gmt":"2025-08-27T22:12:11","guid":{"rendered":"https:\/\/roveyayinevi.com.tr\/index.php\/urun\/yonetim-dusuncesinin-tarihi\/"},"modified":"2026-04-16T02:53:28","modified_gmt":"2026-04-15T23:53:28","slug":"yonetim-dusuncesinin-tarihi","status":"publish","type":"product","link":"https:\/\/roveyayinevi.com.tr\/index.php\/urun\/yonetim-dusuncesinin-tarihi\/","title":{"rendered":"Y\u00f6netim D\u00fc\u015f\u00fcncesinin Tarihi"},"content":{"rendered":"<p>Y\u00f6netim, medeniyetin asli unsurlar\u0131ndand\u0131r; bireylerin toplumsal alan i\u00e7erisindeki etkile\u015fimleri neticesinde ortaya \u00e7\u0131km\u0131\u015f sosyal bir disiplindir. Bu disiplini mercek alt\u0131na almak, teorik bilgiyle beraber tarihsel ve sosyal bilgi birikimi de gerekli k\u0131lar. Y\u00f6netim d\u00fc\u015f\u00fcncesini tarihsel bir perspektiften incelemek, y\u00f6netime dair yeni fikirleri ortaya \u00e7\u0131karan saikleri anlamam\u0131za yard\u0131mc\u0131 olur. Y\u00f6netimin d\u00fcn\u00fcn\u00fc anlamak, gelece\u011fi hakk\u0131nda da baz\u0131 ipu\u00e7lar\u0131 verir. Nitekim y\u00f6netim, sosyal ihtiya\u00e7lar neticesinde ortaya \u00e7\u0131karak farkl\u0131 mek\u00e2nlara ve d\u00f6nemlere g\u00f6re \u015fekillenir. Morgen Witzel, y\u00f6netim d\u00fc\u015f\u00fcncesine y\u00f6n veren olaylar\u0131, mek\u00e2n-zaman ba\u011flam\u0131nda inceleyerek kronolojik ve tematik bir \u015fema sunuyor. Orta Do\u011fu, M\u0131s\u0131r, Hindistan, \u00c7in, Yunanistan ve Roma gibi farkl\u0131 co\u011frafyalara ait medeniyetleri in\u015fa eden liderlerin y\u00f6netim hakk\u0131ndaki d\u00fc\u015f\u00fcncelerini aktarmakla beraber y\u00f6netim d\u00fc\u015f\u00fcncesinin ge\u00e7mi\u015ften g\u00fcn\u00fcm\u00fcze olan ser\u00fcvenini de ele al\u0131yor.<\/p>\n","protected":false},"excerpt":{"rendered":"<p>Y\u00f6netim, medeniyetin asli unsurlar\u0131ndand\u0131r; bireylerin toplumsal alan i\u00e7erisindeki etkile\u015fimleri neticesinde ortaya \u00e7\u0131km\u0131\u015f sosyal bir disiplindir. Bu disiplini mercek alt\u0131na almak, teorik bilgiyle beraber tarihsel ve sosyal<span class=\"excerpt-hellip\"> [\u2026]<\/span><\/p>\n","protected":false},"featured_media":0,"template":"","meta":{"_monsterinsights_skip_tracking":false,"_monsterinsights_sitenote_active":false,"_monsterinsights_sitenote_note":"","_monsterinsights_sitenote_category":0},"product_brand":[],"product_cat":[12325,12324],"product_tag":[],"class_list":{"0":"post-742444","1":"product","2":"type-product","3":"status-publish","5":"product_cat-diger-sosyoloji","6":"product_cat-sosyoloji","7":"pa_cilt-ciltsiz","8":"pa_tur-kitap","9":"pa_yayinevi-albaraka-yayinlari","10":"pa_yazar-morgen-witzel","12":"first","13":"instock","14":"sale","15":"shipping-taxable","16":"purchasable","17":"product-type-simple"},"_links":{"self":[{"href":"https:\/\/roveyayinevi.com.tr\/index.php\/wp-json\/wp\/v2\/product\/742444","targetHints":{"allow":["GET"]}}],"collection":[{"href":"https:\/\/roveyayinevi.com.tr\/index.php\/wp-json\/wp\/v2\/product"}],"about":[{"href":"https:\/\/roveyayinevi.com.tr\/index.php\/wp-json\/wp\/v2\/types\/product"}],"wp:attachment":[{"href":"https:\/\/roveyayinevi.com.tr\/index.php\/wp-json\/wp\/v2\/media?parent=742444"}],"wp:term":[{"taxonomy":"product_brand","embeddable":true,"href":"https:\/\/roveyayinevi.com.tr\/index.php\/wp-json\/wp\/v2\/product_brand?post=742444"},{"taxonomy":"product_cat","embeddable":true,"href":"https:\/\/roveyayinevi.com.tr\/index.php\/wp-json\/wp\/v2\/product_cat?post=742444"},{"taxonomy":"product_tag","embeddable":true,"href":"https:\/\/roveyayinevi.com.tr\/index.php\/wp-json\/wp\/v2\/product_tag?post=742444"}],"curies":[{"name":"wp","href":"https:\/\/api.w.org\/{rel}","templated":true}]}}