{"id":742443,"date":"2025-08-28T01:12:10","date_gmt":"2025-08-27T22:12:10","guid":{"rendered":"https:\/\/roveyayinevi.com.tr\/index.php\/urun\/sanat-ve-sanatci\/"},"modified":"2026-04-16T02:53:28","modified_gmt":"2026-04-15T23:53:28","slug":"sanat-ve-sanatci","status":"publish","type":"product","link":"https:\/\/roveyayinevi.com.tr\/index.php\/urun\/sanat-ve-sanatci\/","title":{"rendered":"Sanat ve Sanat\u00e7\u0131"},"content":{"rendered":"<p>Otto Rank, Sanat ve Sanat\u00e7\u0131 adl\u0131 kitab\u0131nda sanat\u0131n birey ve toplumla olan ili\u015fkisine yo\u011funla\u015fmakta ve sanat\u00e7\u0131n\u0131n, sanat eseri ortaya koyma g\u00fcd\u00fcs\u00fcn\u00fc ele almaktad\u0131r. Freud\u2019un sanat ve nevroza dair fikirlerini k\u00fclt\u00fcrel bir ba\u011flamda i\u015fleyen bu kitap, Henry Miller ve Anais Nin ba\u015fta olmak \u00fczere 20. y\u00fczy\u0131l\u0131n bir\u00e7ok yazar ve d\u00fc\u015f\u00fcn\u00fcr\u00fc \u00fczerinde etkili olmu\u015ftur.  Sanat ve Sanat\u00e7\u0131, sanat\u00e7\u0131y\u0131 bireysel g\u00fcd\u00fclerinin de \u00f6tesinde din, mitoloji ve sosyal perspektiflerden de\u011ferlendirmektedir. Rank\u2019\u0131n psikoloji ve psikanaliz alanlar\u0131nda sahip oldu\u011fu geni\u015f bilgi birikimi; antropoloji ve k\u00fclt\u00fcrel tarih gibi disiplinleri de kapsayarak insan do\u011fas\u0131na ili\u015fkin geni\u015f bir anlay\u0131\u015fa ula\u015fmaktad\u0131r.   Kitap ayr\u0131ca, sanat\u00e7\u0131 ve eserini disiplinler aras\u0131 bir ba\u011flamda inceleyerek okuruna, genel manada sanat teorisine dair bir perspektif sunmaktad\u0131r.<\/p>\n","protected":false},"excerpt":{"rendered":"<p>Otto Rank, Sanat ve Sanat\u00e7\u0131 adl\u0131 kitab\u0131nda sanat\u0131n birey ve toplumla olan ili\u015fkisine yo\u011funla\u015fmakta ve sanat\u00e7\u0131n\u0131n, sanat eseri ortaya koyma g\u00fcd\u00fcs\u00fcn\u00fc ele almaktad\u0131r. Freud\u2019un sanat ve<span class=\"excerpt-hellip\"> [\u2026]<\/span><\/p>\n","protected":false},"featured_media":0,"template":"","meta":{"_monsterinsights_skip_tracking":false,"_monsterinsights_sitenote_active":false,"_monsterinsights_sitenote_note":"","_monsterinsights_sitenote_category":0},"product_brand":[],"product_cat":[12408],"product_tag":[],"class_list":{"0":"post-742443","1":"product","2":"type-product","3":"status-publish","5":"product_cat-sanat","6":"pa_cilt-ciltsiz","7":"pa_tur-kitap","8":"pa_yayinevi-albaraka-yayinlari","9":"pa_yazar-otto-rank","11":"first","12":"instock","13":"sale","14":"shipping-taxable","15":"purchasable","16":"product-type-simple"},"_links":{"self":[{"href":"https:\/\/roveyayinevi.com.tr\/index.php\/wp-json\/wp\/v2\/product\/742443","targetHints":{"allow":["GET"]}}],"collection":[{"href":"https:\/\/roveyayinevi.com.tr\/index.php\/wp-json\/wp\/v2\/product"}],"about":[{"href":"https:\/\/roveyayinevi.com.tr\/index.php\/wp-json\/wp\/v2\/types\/product"}],"wp:attachment":[{"href":"https:\/\/roveyayinevi.com.tr\/index.php\/wp-json\/wp\/v2\/media?parent=742443"}],"wp:term":[{"taxonomy":"product_brand","embeddable":true,"href":"https:\/\/roveyayinevi.com.tr\/index.php\/wp-json\/wp\/v2\/product_brand?post=742443"},{"taxonomy":"product_cat","embeddable":true,"href":"https:\/\/roveyayinevi.com.tr\/index.php\/wp-json\/wp\/v2\/product_cat?post=742443"},{"taxonomy":"product_tag","embeddable":true,"href":"https:\/\/roveyayinevi.com.tr\/index.php\/wp-json\/wp\/v2\/product_tag?post=742443"}],"curies":[{"name":"wp","href":"https:\/\/api.w.org\/{rel}","templated":true}]}}