{"id":742442,"date":"2025-08-28T01:12:10","date_gmt":"2025-08-27T22:12:10","guid":{"rendered":"https:\/\/roveyayinevi.com.tr\/index.php\/urun\/kelam-kozmolojik-argumani-yeni-bir-degerlendirme\/"},"modified":"2026-04-16T02:53:28","modified_gmt":"2026-04-15T23:53:28","slug":"kelam-kozmolojik-argumani-yeni-bir-degerlendirme","status":"publish","type":"product","link":"https:\/\/roveyayinevi.com.tr\/index.php\/urun\/kelam-kozmolojik-argumani-yeni-bir-degerlendirme\/","title":{"rendered":"Kel\u00e2m Kozmolojik Arg\u00fcman\u0131: Yeni Bir De\u011ferlendirme"},"content":{"rendered":"<p>Kozmolojik arg\u00fcman t\u00fcrlerinden biri olan \u201ckelam kozmolojik arg\u00fcman\u0131\u201d, evrenin varl\u0131\u011f\u0131n\u0131 bir yarat\u0131c\u0131ya dayand\u0131rmakta ve bunu kan\u0131tlamaya \u00e7al\u0131\u015fmaktad\u0131r. Elinizdeki kitap, bu arg\u00fcman\u0131n dayand\u0131\u011f\u0131 esaslar\u0131 teolojik ve tarihsel bir perspektiften incelemekle birlikte, bir savunusunu da sunmaktad\u0131r.  Jacobus Erasmus, ortaya koydu\u011fu kelam kozmolojik arg\u00fcman\u0131n\u0131n tam manas\u0131yla anla\u015f\u0131labilmesi i\u00e7in \u00f6ncelikle konuyla alakal\u0131 d\u00fc\u015f\u00fcn\u00fcrlerin sunduklar\u0131 benzer fikirlerin \u00f6\u011frenilmesi gerekti\u011fini savunmaktad\u0131r. Bu do\u011frultuda kitapta, Philoponus, Gazz\u00e2l\u00ee ve William Lane Craig gibi d\u00fc\u015f\u00fcn\u00fcrlerin fikirlerine de yer verilmekte ve bunlardan yap\u0131lan \u00e7\u0131kar\u0131mlar ile \u00e7a\u011fda\u015f bir kelam kozmolojik arg\u00fcman\u0131 sunulmaktad\u0131r.<\/p>\n","protected":false},"excerpt":{"rendered":"<p>Kozmolojik arg\u00fcman t\u00fcrlerinden biri olan \u201ckelam kozmolojik arg\u00fcman\u0131\u201d, evrenin varl\u0131\u011f\u0131n\u0131 bir yarat\u0131c\u0131ya dayand\u0131rmakta ve bunu kan\u0131tlamaya \u00e7al\u0131\u015fmaktad\u0131r. Elinizdeki kitap, bu arg\u00fcman\u0131n dayand\u0131\u011f\u0131 esaslar\u0131 teolojik ve tarihsel<span class=\"excerpt-hellip\"> [\u2026]<\/span><\/p>\n","protected":false},"featured_media":0,"template":"","meta":{"_monsterinsights_skip_tracking":false,"_monsterinsights_sitenote_active":false,"_monsterinsights_sitenote_note":"","_monsterinsights_sitenote_category":0},"product_brand":[],"product_cat":[52477],"product_tag":[],"class_list":{"0":"post-742442","1":"product","2":"type-product","3":"status-publish","5":"product_cat-arastirma","6":"pa_cilt-ciltsiz","7":"pa_tur-kitap","8":"pa_yayinevi-albaraka-yayinlari","9":"pa_yazar-erasmus","11":"first","12":"instock","13":"sale","14":"shipping-taxable","15":"purchasable","16":"product-type-simple"},"_links":{"self":[{"href":"https:\/\/roveyayinevi.com.tr\/index.php\/wp-json\/wp\/v2\/product\/742442","targetHints":{"allow":["GET"]}}],"collection":[{"href":"https:\/\/roveyayinevi.com.tr\/index.php\/wp-json\/wp\/v2\/product"}],"about":[{"href":"https:\/\/roveyayinevi.com.tr\/index.php\/wp-json\/wp\/v2\/types\/product"}],"wp:attachment":[{"href":"https:\/\/roveyayinevi.com.tr\/index.php\/wp-json\/wp\/v2\/media?parent=742442"}],"wp:term":[{"taxonomy":"product_brand","embeddable":true,"href":"https:\/\/roveyayinevi.com.tr\/index.php\/wp-json\/wp\/v2\/product_brand?post=742442"},{"taxonomy":"product_cat","embeddable":true,"href":"https:\/\/roveyayinevi.com.tr\/index.php\/wp-json\/wp\/v2\/product_cat?post=742442"},{"taxonomy":"product_tag","embeddable":true,"href":"https:\/\/roveyayinevi.com.tr\/index.php\/wp-json\/wp\/v2\/product_tag?post=742442"}],"curies":[{"name":"wp","href":"https:\/\/api.w.org\/{rel}","templated":true}]}}