{"id":742441,"date":"2025-08-28T01:12:09","date_gmt":"2025-08-27T22:12:09","guid":{"rendered":"https:\/\/roveyayinevi.com.tr\/index.php\/urun\/galenos-ve-platonun-timaiosunun-islam-dusuncesindeki-alimlanisi\/"},"modified":"2026-04-16T02:53:28","modified_gmt":"2026-04-15T23:53:28","slug":"galenos-ve-platonun-timaiosunun-islam-dusuncesindeki-alimlanisi","status":"publish","type":"product","link":"https:\/\/roveyayinevi.com.tr\/index.php\/urun\/galenos-ve-platonun-timaiosunun-islam-dusuncesindeki-alimlanisi\/","title":{"rendered":"Galenos ve Platon\u2019un Timaios\u2019unun \u0130slam D\u00fc\u015f\u00fcncesindeki Al\u0131mlan\u0131\u015f\u0131"},"content":{"rendered":"<p>Galenos ve Platon\u2019un Timaios\u2019unun \u0130slam D\u00fc\u015f\u00fcncesindeki Al\u0131mlan\u0131\u015f\u0131 Galenos\u2019un (\u00f6. 200) Timaios \u015ferhini ve bu \u015ferhin Orta \u00c7a\u011f \u0130slam d\u00fc\u015f\u00fcncesi \u00fczerindeki etkisini incelemeyi \u00f6neren metinlerin ba\u015f\u0131nda gelmektedir. Yazara g\u00f6re Galenos, Timaios metninde, t\u0131p disiplinini yeniden kurgulayabilmenin imk\u00e2nlar\u0131n\u0131 soru\u015fturur. Orta \u00c7a\u011f\u2019da t\u0131pla ili\u015fkin olarak Arap\u00e7a kaleme al\u0131nm\u0131\u015f metinler g\u00f6z \u00f6n\u00fcnde bulunduruldu\u011funda Galenos\u2019un bu konudaki etkisi \u00e7ok daha bariz h\u00e2le gelir. Zira yazar\u0131n kitapta g\u00f6sterdi\u011fi \u00fczere, Galenos\u2019un Timaios \u015ferhi, kitapta ayr\u0131 ba\u015fl\u0131klar alt\u0131nda incelenen \u0130slam d\u00fc\u015f\u00fcncesinin d\u00f6rt \u00f6nemli ismi, Huneyn b. \u0130sh\u00e2k (\u00f6. 260\/873), Eb\u00fb Bekir er-R\u00e2z\u00ee (\u00f6. 313\/925), \u0130bn S\u00een\u00e2 (\u00f6. 428\/1037) ve \u0130bn Meym\u00fbn (Maimonides) (\u00f6. 601\/1204) taraf\u0131ndan hem ele\u015ftirilecek hem de geli\u015ftirilecektir. Galenos\u2019un, \u0130slam d\u00fc\u015f\u00fcncesinin bu \u00f6nemli isimlerinin d\u00fc\u015f\u00fcnce d\u00fcnyalar\u0131nda oynad\u0131\u011f\u0131 rol\u00fc belirgin k\u0131lmaya \u00e7al\u0131\u015fan kitab\u0131n bu vesileyle literat\u00fcre yapt\u0131\u011f\u0131 katk\u0131 e\u015fsizdir.<\/p>\n","protected":false},"excerpt":{"rendered":"<p>Galenos ve Platon\u2019un Timaios\u2019unun \u0130slam D\u00fc\u015f\u00fcncesindeki Al\u0131mlan\u0131\u015f\u0131 Galenos\u2019un (\u00f6. 200) Timaios \u015ferhini ve bu \u015ferhin Orta \u00c7a\u011f \u0130slam d\u00fc\u015f\u00fcncesi \u00fczerindeki etkisini incelemeyi \u00f6neren metinlerin ba\u015f\u0131nda gelmektedir.<span class=\"excerpt-hellip\"> [\u2026]<\/span><\/p>\n","protected":false},"featured_media":0,"template":"","meta":{"_monsterinsights_skip_tracking":false,"_monsterinsights_sitenote_active":false,"_monsterinsights_sitenote_note":"","_monsterinsights_sitenote_category":0},"product_brand":[],"product_cat":[19998,12388],"product_tag":[],"class_list":{"0":"post-742441","1":"product","2":"type-product","3":"status-publish","5":"product_cat-din-felsefesi","6":"product_cat-felsefe","7":"pa_cilt-ciltsiz","8":"pa_tur-kitap","9":"pa_yayinevi-albaraka-yayinlari","10":"pa_yazar-aileen-r-das","12":"first","13":"instock","14":"sale","15":"shipping-taxable","16":"purchasable","17":"product-type-simple"},"_links":{"self":[{"href":"https:\/\/roveyayinevi.com.tr\/index.php\/wp-json\/wp\/v2\/product\/742441","targetHints":{"allow":["GET"]}}],"collection":[{"href":"https:\/\/roveyayinevi.com.tr\/index.php\/wp-json\/wp\/v2\/product"}],"about":[{"href":"https:\/\/roveyayinevi.com.tr\/index.php\/wp-json\/wp\/v2\/types\/product"}],"wp:attachment":[{"href":"https:\/\/roveyayinevi.com.tr\/index.php\/wp-json\/wp\/v2\/media?parent=742441"}],"wp:term":[{"taxonomy":"product_brand","embeddable":true,"href":"https:\/\/roveyayinevi.com.tr\/index.php\/wp-json\/wp\/v2\/product_brand?post=742441"},{"taxonomy":"product_cat","embeddable":true,"href":"https:\/\/roveyayinevi.com.tr\/index.php\/wp-json\/wp\/v2\/product_cat?post=742441"},{"taxonomy":"product_tag","embeddable":true,"href":"https:\/\/roveyayinevi.com.tr\/index.php\/wp-json\/wp\/v2\/product_tag?post=742441"}],"curies":[{"name":"wp","href":"https:\/\/api.w.org\/{rel}","templated":true}]}}