{"id":742440,"date":"2025-08-28T01:12:08","date_gmt":"2025-08-27T22:12:08","guid":{"rendered":"https:\/\/roveyayinevi.com.tr\/index.php\/urun\/dogal-yetiler-uzerine\/"},"modified":"2026-04-16T02:53:28","modified_gmt":"2026-04-15T23:53:28","slug":"dogal-yetiler-uzerine","status":"publish","type":"product","link":"https:\/\/roveyayinevi.com.tr\/index.php\/urun\/dogal-yetiler-uzerine\/","title":{"rendered":"Do\u011fal Yetiler \u00dczerine"},"content":{"rendered":"<p>Roma \u0130mparatorlu\u011fu d\u00f6neminde ya\u015fam\u0131\u015f olan Bergamal\u0131 Galenos, antik \u00e7a\u011f\u0131n t\u0131p \u00e2limleri aras\u0131nda tart\u0131\u015fmas\u0131z en \u00fcnl\u00fcs\u00fcd\u00fcr. Felsefe ve mant\u0131\u011f\u0131n yan\u0131 s\u0131ra anatomi, fizyoloji, patoloji, farmakoloji ve n\u00f6roloji de d\u00e2hil olmak \u00fczere, \u00e7e\u015fitli bilimsel disiplinlerin geli\u015fimini b\u00fcy\u00fck \u00f6l\u00e7\u00fcde etkilemi\u015f olan Galenos\u2019un Do\u011fal Yetiler \u00dczerine isimli eserinde, insan\u0131n do\u011fal yetilerinin bir\u00e7ok y\u00f6n\u00fcn\u00fc g\u00f6zler \u00f6n\u00fcne serdi\u011fi \u00f6rneklerle kar\u015f\u0131la\u015f\u0131r\u0131z. Do\u011fal Yetiler \u00dczerine bu nedenle Galenos\u2019un daha hacimli eserlerinin incelenmesi i\u00e7in m\u00fckemmel bir ba\u015flang\u0131\u00e7 te\u015fkil eder. Galenos\u2019un organizman\u0131n birli\u011fini [b\u00fct\u00fcnl\u00fc\u011f\u00fcn\u00fc], \u00e7e\u015fitli \u201cyetilere\u201d yani g\u00fc\u00e7lere sahip bir Fizik veya Do\u011fa taraf\u0131ndan y\u00f6netildi\u011fi fikriyle a\u00e7\u0131klamaya \u00e7al\u0131\u015ft\u0131\u011f\u0131 bu eseri, antik t\u0131p tarihiyle ilgilenenler i\u00e7in e\u015fsiz bir kaynak niteli\u011findedir.<\/p>\n","protected":false},"excerpt":{"rendered":"<p>Roma \u0130mparatorlu\u011fu d\u00f6neminde ya\u015fam\u0131\u015f olan Bergamal\u0131 Galenos, antik \u00e7a\u011f\u0131n t\u0131p \u00e2limleri aras\u0131nda tart\u0131\u015fmas\u0131z en \u00fcnl\u00fcs\u00fcd\u00fcr. Felsefe ve mant\u0131\u011f\u0131n yan\u0131 s\u0131ra anatomi, fizyoloji, patoloji, farmakoloji ve n\u00f6roloji<span class=\"excerpt-hellip\"> [\u2026]<\/span><\/p>\n","protected":false},"featured_media":0,"template":"","meta":{"_monsterinsights_skip_tracking":false,"_monsterinsights_sitenote_active":false,"_monsterinsights_sitenote_note":"","_monsterinsights_sitenote_category":0},"product_brand":[],"product_cat":[12534,12304],"product_tag":[],"class_list":{"0":"post-742440","1":"product","2":"type-product","3":"status-publish","5":"product_cat-referans-kitaplar","6":"product_cat-tarih","7":"pa_cilt-ciltsiz","8":"pa_tur-kitap","9":"pa_yayinevi-albaraka-yayinlari","10":"pa_yazar-galenos","12":"first","13":"instock","14":"sale","15":"shipping-taxable","16":"purchasable","17":"product-type-simple"},"_links":{"self":[{"href":"https:\/\/roveyayinevi.com.tr\/index.php\/wp-json\/wp\/v2\/product\/742440","targetHints":{"allow":["GET"]}}],"collection":[{"href":"https:\/\/roveyayinevi.com.tr\/index.php\/wp-json\/wp\/v2\/product"}],"about":[{"href":"https:\/\/roveyayinevi.com.tr\/index.php\/wp-json\/wp\/v2\/types\/product"}],"wp:attachment":[{"href":"https:\/\/roveyayinevi.com.tr\/index.php\/wp-json\/wp\/v2\/media?parent=742440"}],"wp:term":[{"taxonomy":"product_brand","embeddable":true,"href":"https:\/\/roveyayinevi.com.tr\/index.php\/wp-json\/wp\/v2\/product_brand?post=742440"},{"taxonomy":"product_cat","embeddable":true,"href":"https:\/\/roveyayinevi.com.tr\/index.php\/wp-json\/wp\/v2\/product_cat?post=742440"},{"taxonomy":"product_tag","embeddable":true,"href":"https:\/\/roveyayinevi.com.tr\/index.php\/wp-json\/wp\/v2\/product_tag?post=742440"}],"curies":[{"name":"wp","href":"https:\/\/api.w.org\/{rel}","templated":true}]}}