{"id":742438,"date":"2025-08-28T01:12:06","date_gmt":"2025-08-27T22:12:06","guid":{"rendered":"https:\/\/roveyayinevi.com.tr\/index.php\/urun\/tarihten-alinacak-dersler\/"},"modified":"2026-03-22T03:06:20","modified_gmt":"2026-03-22T00:06:20","slug":"tarihten-alinacak-dersler","status":"publish","type":"product","link":"https:\/\/roveyayinevi.com.tr\/index.php\/urun\/tarihten-alinacak-dersler\/","title":{"rendered":"Tarihten Al\u0131nacak Dersler"},"content":{"rendered":"<p>Durantlar\u0131n ba\u015fyap\u0131t\u0131n\u0131n her evin kitapl\u0131\u011f\u0131ndabulunmas\u0131 gerekir ve bir\u00e7o\u011funda zaten yer al\u0131r.\u201d \u2014Dana D. Kelley, Arkansas Democrat-Gazette Zaman\u0131m\u0131z\u0131n en b\u00fcy\u00fck d\u00fc\u015f\u00fcn\u00fcrlerinden, Pulitzer \u00f6d\u00fcll\u00fc Will ve Ariel Durant\u2019\u0131n 5.000 y\u0131ll\u0131k tarihi derleyen \u00fcnl\u00fc makale koleksiyonu. Pulitzer \u00f6d\u00fcll\u00fc tarih\u00e7iler Will ve Ariel Durant, The Story of Civilization\u2019\u0131n on an\u0131tsal cildi \u00fczerindeki k\u0131rk y\u0131ll\u0131k \u00e7al\u0131\u015fmalar\u0131ndan elde ettikleri bilgi ve deneyim birikimini okur i\u00e7in dam\u0131tmay\u0131 ba\u015fard\u0131lar. Sonu\u00e7, insan deneyiminin do\u011fas\u0131na, uygarl\u0131\u011f\u0131n evrimine, insan k\u00fclt\u00fcr\u00fcne dair g\u00f6z kama\u015ft\u0131r\u0131c\u0131 i\u00e7g\u00f6r\u00fclerle dolu bir insanl\u0131k tarihi ara\u015ft\u0131rmas\u0131d\u0131r. Yazarlar, hayatlar\u0131n\u0131n i\u015finin tamamlanmas\u0131yla geriye bak\u0131p insan\u0131n sava\u015f, fetih ve yarat\u0131l\u0131\u015f i\u00e7inde ge\u00e7en uzun yolculu\u011funun anlam\u0131n\u0131 irdelemeye ba\u015flarlar. Kendi \u00e7a\u011f\u0131m\u0131z\u0131 anlamam\u0131za yard\u0131mc\u0131 olabilecek temalar\u0131 kullanarak insan\u0131n do\u011fas\u0131, davran\u0131\u015flar\u0131 ve beklentileri hakk\u0131nda tarihin ne g\u00f6sterece\u011fini ara\u015ft\u0131r\u0131rken ge\u00e7mi\u015fin b\u00fcy\u00fck ya\u015famlar\u0131na, fikirlerine ve olaylar\u0131na de\u011finirler. Tarihten Al\u0131nacak Dersler, 5.000 y\u0131ll\u0131k d\u00fcnya tarihinde g\u00f6zlemlenen konu ve dersleri co\u011frafya, biyoloji, \u0131rk, ki\u015filik, ahlak, din, ekonomi, sosyalizm, devlet, sava\u015f, b\u00fcy\u00fcme ile \u00e7\u00fcr\u00fcme ve ilerleme gibi on iki farkl\u0131 bak\u0131\u015f a\u00e7\u0131s\u0131yla g\u00f6zden ge\u00e7iriyor. <\/p>\n","protected":false},"excerpt":{"rendered":"<p>Durantlar\u0131n ba\u015fyap\u0131t\u0131n\u0131n her evin kitapl\u0131\u011f\u0131ndabulunmas\u0131 gerekir ve bir\u00e7o\u011funda zaten yer al\u0131r.\u201d \u2014Dana D. Kelley, Arkansas Democrat-Gazette Zaman\u0131m\u0131z\u0131n en b\u00fcy\u00fck d\u00fc\u015f\u00fcn\u00fcrlerinden, Pulitzer \u00f6d\u00fcll\u00fc Will ve Ariel Durant\u2019\u0131n<span class=\"excerpt-hellip\"> [\u2026]<\/span><\/p>\n","protected":false},"featured_media":0,"template":"","meta":{"_monsterinsights_skip_tracking":false,"_monsterinsights_sitenote_active":false,"_monsterinsights_sitenote_note":"","_monsterinsights_sitenote_category":0},"product_brand":[],"product_cat":[12312,12304],"product_tag":[],"class_list":{"0":"post-742438","1":"product","2":"type-product","3":"status-publish","5":"product_cat-diger","6":"product_cat-tarih","7":"pa_cilt-ciltsiz","8":"pa_tur-kitap","9":"pa_yayinevi-epsilon-yayinlari","10":"pa_yazar-will-ariel-durant","12":"first","13":"instock","14":"sale","15":"shipping-taxable","16":"purchasable","17":"product-type-simple"},"_links":{"self":[{"href":"https:\/\/roveyayinevi.com.tr\/index.php\/wp-json\/wp\/v2\/product\/742438","targetHints":{"allow":["GET"]}}],"collection":[{"href":"https:\/\/roveyayinevi.com.tr\/index.php\/wp-json\/wp\/v2\/product"}],"about":[{"href":"https:\/\/roveyayinevi.com.tr\/index.php\/wp-json\/wp\/v2\/types\/product"}],"wp:attachment":[{"href":"https:\/\/roveyayinevi.com.tr\/index.php\/wp-json\/wp\/v2\/media?parent=742438"}],"wp:term":[{"taxonomy":"product_brand","embeddable":true,"href":"https:\/\/roveyayinevi.com.tr\/index.php\/wp-json\/wp\/v2\/product_brand?post=742438"},{"taxonomy":"product_cat","embeddable":true,"href":"https:\/\/roveyayinevi.com.tr\/index.php\/wp-json\/wp\/v2\/product_cat?post=742438"},{"taxonomy":"product_tag","embeddable":true,"href":"https:\/\/roveyayinevi.com.tr\/index.php\/wp-json\/wp\/v2\/product_tag?post=742438"}],"curies":[{"name":"wp","href":"https:\/\/api.w.org\/{rel}","templated":true}]}}