{"id":742437,"date":"2025-08-28T01:12:05","date_gmt":"2025-08-27T22:12:05","guid":{"rendered":"https:\/\/roveyayinevi.com.tr\/index.php\/urun\/uc-tarz-i-siyaset-5\/"},"modified":"2026-04-16T02:53:28","modified_gmt":"2026-04-15T23:53:28","slug":"uc-tarz-i-siyaset-5","status":"publish","type":"product","link":"https:\/\/roveyayinevi.com.tr\/index.php\/urun\/uc-tarz-i-siyaset-5\/","title":{"rendered":"\u00dc\u00e7 Tarz-\u0131 Siyaset"},"content":{"rendered":"<p>T\u00fcrk Devrimi&#8217;nin \u00f6nde gelen d\u00fc\u015f\u00fcn\u00fcr ve eylemcilerinden Yusuf Ak\u00e7ura&#8217;n\u0131n 1904&#8217;te kaleme ald\u0131\u011f\u0131 bu eserde ilk defa siyas\u00ee sahada T\u00fcrk\u00e7\u00fcl\u00fck meselesi tam bir a\u00e7\u0131kl\u0131kla s\u00f6z konusu ediliyor ve yine ilk defa, Osmanl\u0131 saltanat\u0131n\u0131n takip etti\u011fi veya takip edebilece\u011fi &#8220;\u00fc\u00e7 siyaset tarz\u0131&#8221;, yani &#8220;Osmanl\u0131c\u0131l\u0131k, \u0130slamc\u0131l\u0131k ve T\u00fcrk\u00e7\u00fcl\u00fck&#8221;  a\u00e7\u0131k bir \u015fekilde tespit ve beyan olunuyor; &#8220;bu \u00fc\u00e7 siyasetten hangisinin faydal\u0131 ve uygulanabilir oldu\u011fu&#8221; ara\u015ft\u0131r\u0131l\u0131yor ve ard\u0131ndan &#8220;kime ve neye faydal\u0131?&#8221; oldu\u011fu sorgulan\u0131yor. T\u00fcrk milliyet\u00e7ili\u011finin siyasette sahip olabilece\u011fi k\u0131ymet ve \u00f6neme dair &#8220;\u00dc\u00e7 Tarz-\u0131 Siyaset&#8221;ten \u00f6nce bu derece a\u00e7\u0131kl\u0131k ve katiyetle fikir beyan eden bir eser yaz\u0131lm\u0131\u015f de\u011fildir. Ak\u00e7ura, bu eseriyle Bat\u0131 yaz\u0131n\u0131nda da T\u00fcrk\u00e7\u00fcl\u00fck hareketinin \u00f6nc\u00fc, kurucu ve yay\u0131c\u0131lar\u0131ndan olarak g\u00f6sterilmi\u015ftir. Kitab\u0131n bu bas\u0131m\u0131 1904, 1907 ve 1911 y\u0131llar\u0131ndaki eski yaz\u0131 bas\u0131mlar\u0131ndan \u00e7evriyaz\u0131 ve sadele\u015ftirme yoluyla haz\u0131rland\u0131. \u0130stanbul (1911) bas\u0131m\u0131 esas al\u0131nmakla beraber, Kahire&#8217;de yay\u0131mlanan T\u00fcrk gazetesindeki tefrika (1904) ve Kahire (1907) bas\u0131mlar\u0131 aras\u0131ndaki farklar dipnotlarla g\u00f6sterildi. Sonraki bas\u0131mlarda yer alan okuma, sadele\u015ftirme ve yaz\u0131m hatalar\u0131 giderildi. <\/p>\n","protected":false},"excerpt":{"rendered":"<p>T\u00fcrk Devrimi&#8217;nin \u00f6nde gelen d\u00fc\u015f\u00fcn\u00fcr ve eylemcilerinden Yusuf Ak\u00e7ura&#8217;n\u0131n 1904&#8217;te kaleme ald\u0131\u011f\u0131 bu eserde ilk defa siyas\u00ee sahada T\u00fcrk\u00e7\u00fcl\u00fck meselesi tam bir a\u00e7\u0131kl\u0131kla s\u00f6z konusu ediliyor<span class=\"excerpt-hellip\"> [\u2026]<\/span><\/p>\n","protected":false},"featured_media":0,"template":"","meta":{"_monsterinsights_skip_tracking":false,"_monsterinsights_sitenote_active":false,"_monsterinsights_sitenote_note":"","_monsterinsights_sitenote_category":0},"product_brand":[],"product_cat":[12304,13650],"product_tag":[],"class_list":{"0":"post-742437","1":"product","2":"type-product","3":"status-publish","5":"product_cat-tarih","6":"product_cat-turk-tarihi-arastirmalari","7":"pa_cilt-ciltsiz","8":"pa_tur-kitap","9":"pa_yayinevi-kaynak-yayinlari","10":"pa_yazar-yusuf-akcura","12":"first","13":"instock","14":"sale","15":"shipping-taxable","16":"purchasable","17":"product-type-simple"},"_links":{"self":[{"href":"https:\/\/roveyayinevi.com.tr\/index.php\/wp-json\/wp\/v2\/product\/742437","targetHints":{"allow":["GET"]}}],"collection":[{"href":"https:\/\/roveyayinevi.com.tr\/index.php\/wp-json\/wp\/v2\/product"}],"about":[{"href":"https:\/\/roveyayinevi.com.tr\/index.php\/wp-json\/wp\/v2\/types\/product"}],"wp:attachment":[{"href":"https:\/\/roveyayinevi.com.tr\/index.php\/wp-json\/wp\/v2\/media?parent=742437"}],"wp:term":[{"taxonomy":"product_brand","embeddable":true,"href":"https:\/\/roveyayinevi.com.tr\/index.php\/wp-json\/wp\/v2\/product_brand?post=742437"},{"taxonomy":"product_cat","embeddable":true,"href":"https:\/\/roveyayinevi.com.tr\/index.php\/wp-json\/wp\/v2\/product_cat?post=742437"},{"taxonomy":"product_tag","embeddable":true,"href":"https:\/\/roveyayinevi.com.tr\/index.php\/wp-json\/wp\/v2\/product_tag?post=742437"}],"curies":[{"name":"wp","href":"https:\/\/api.w.org\/{rel}","templated":true}]}}