{"id":742430,"date":"2025-08-28T01:11:57","date_gmt":"2025-08-27T22:11:57","guid":{"rendered":"https:\/\/roveyayinevi.com.tr\/index.php\/urun\/yeniden-mumin-olmak\/"},"modified":"2026-04-16T02:53:28","modified_gmt":"2026-04-15T23:53:28","slug":"yeniden-mumin-olmak","status":"publish","type":"product","link":"https:\/\/roveyayinevi.com.tr\/index.php\/urun\/yeniden-mumin-olmak\/","title":{"rendered":"Yeniden M\u00fc\u2019min Olmak"},"content":{"rendered":"<p>\u201cAh s\u00f6zde M\u00fcsl\u00fcmanlar, \u0130slam dininin sadece ibadetlerden, zikirlerden, dualardan, t\u00f6ren ve merasimlerden, hay\u0131r-hasenat i\u015flerinden ibaret olmad\u0131\u011f\u0131n\u0131; ayn\u0131 zamanda \u0130slam\u2019\u0131n bir hayat modeli, ya\u015fam bi\u00e7imi, bir sistem-nizam oldu\u011funu bir anlayabilseler&#8230;\u201d diyen Nuri Bereket, dini vecibeleri yerine getirmenin yaln\u0131zca ibadet etmekle de\u011fil; \u0130slam dinine uygun bir ya\u015fay\u0131\u015fla m\u00fcmk\u00fcn olabilece\u011fini belirtiyor kitab\u0131nda. M\u00fcsl\u00fcmanl\u0131\u011f\u0131n, esas\u0131nda do\u011fru ya\u015famak ve do\u011fru olmak ile ger\u00e7ekle\u015fece\u011fini ve M\u00fcsl\u00fcmanl\u0131k ad\u0131 alt\u0131nda dine taban tabana z\u0131t i\u015fler i\u00e7inde olanlara kanmamak gerekti\u011fini gerek i\u011fneleyici gerek ayd\u0131nlat\u0131c\u0131 bir \u00fcslupla ele al\u0131yor. D\u00fcnya mal\u0131na itimad\u0131 olan\u0131n ahiretini yakaca\u011f\u0131n\u0131; ahireti yakmamak i\u00e7in ise iyi insan, do\u011fru insan olmakla birlikte insanlar\u0131 M\u00fcsl\u00fcmanl\u0131\u011f\u0131n gerektirdi\u011fi ya\u015fama nail olmaya te\u015fvik etmek gerekti\u011fini belirten Nuri Bereket, d\u00fcnya ve ahiret mutlulu\u011funun berat\u0131n\u0131 alman\u0131n yollar\u0131n\u0131 anlat\u0131yor. \u0130nsan\u0131n, att\u0131\u011f\u0131 her ad\u0131m\u0131 ahiretini hay\u0131rl\u0131 k\u0131lmak i\u00e7in atmas\u0131 gerekti\u011fini ve bunun hangi yollardan ge\u00e7ti\u011fini kaleme alan Bereket, \u201cCan denen g\u00f6n\u00fcl ku\u015fu, ten denen kafesten u\u00e7mam\u0131\u015fken, nefeslerimiz hen\u00fcz t\u00fckenmemi\u015fken, d\u00fcnya ve ahiret mutlulu\u011funun berat\u0131n\u0131 almam\u0131z gerekiyor. Bunun ba\u015fka yolu yok, ama bu i\u015f nas\u0131l olacak, nas\u0131l ba\u015faraca\u011f\u0131z, s\u00f6yler misiniz a dostlar?\u201d diyor. <\/p>\n","protected":false},"excerpt":{"rendered":"<p>\u201cAh s\u00f6zde M\u00fcsl\u00fcmanlar, \u0130slam dininin sadece ibadetlerden, zikirlerden, dualardan, t\u00f6ren ve merasimlerden, hay\u0131r-hasenat i\u015flerinden ibaret olmad\u0131\u011f\u0131n\u0131; ayn\u0131 zamanda \u0130slam\u2019\u0131n bir hayat modeli, ya\u015fam bi\u00e7imi, bir sistem-nizam<span class=\"excerpt-hellip\"> [\u2026]<\/span><\/p>\n","protected":false},"featured_media":0,"template":"","meta":{"_monsterinsights_skip_tracking":false,"_monsterinsights_sitenote_active":false,"_monsterinsights_sitenote_note":"","_monsterinsights_sitenote_category":0},"product_brand":[],"product_cat":[12718,12719],"product_tag":[],"class_list":{"0":"post-742430","1":"product","2":"type-product","3":"status-publish","5":"product_cat-din","6":"product_cat-islam","7":"pa_cilt-ciltsiz","8":"pa_tur-kitap","9":"pa_yayinevi-karina-yayinevi","10":"pa_yazar-nuri-bereket","12":"first","13":"instock","14":"sale","15":"shipping-taxable","16":"purchasable","17":"product-type-simple"},"_links":{"self":[{"href":"https:\/\/roveyayinevi.com.tr\/index.php\/wp-json\/wp\/v2\/product\/742430","targetHints":{"allow":["GET"]}}],"collection":[{"href":"https:\/\/roveyayinevi.com.tr\/index.php\/wp-json\/wp\/v2\/product"}],"about":[{"href":"https:\/\/roveyayinevi.com.tr\/index.php\/wp-json\/wp\/v2\/types\/product"}],"wp:attachment":[{"href":"https:\/\/roveyayinevi.com.tr\/index.php\/wp-json\/wp\/v2\/media?parent=742430"}],"wp:term":[{"taxonomy":"product_brand","embeddable":true,"href":"https:\/\/roveyayinevi.com.tr\/index.php\/wp-json\/wp\/v2\/product_brand?post=742430"},{"taxonomy":"product_cat","embeddable":true,"href":"https:\/\/roveyayinevi.com.tr\/index.php\/wp-json\/wp\/v2\/product_cat?post=742430"},{"taxonomy":"product_tag","embeddable":true,"href":"https:\/\/roveyayinevi.com.tr\/index.php\/wp-json\/wp\/v2\/product_tag?post=742430"}],"curies":[{"name":"wp","href":"https:\/\/api.w.org\/{rel}","templated":true}]}}