{"id":742429,"date":"2025-08-28T01:11:07","date_gmt":"2025-08-27T22:11:07","guid":{"rendered":"https:\/\/roveyayinevi.com.tr\/index.php\/urun\/kendinden-uzakta\/"},"modified":"2026-04-16T02:53:28","modified_gmt":"2026-04-15T23:53:28","slug":"kendinden-uzakta","status":"publish","type":"product","link":"https:\/\/roveyayinevi.com.tr\/index.php\/urun\/kendinden-uzakta\/","title":{"rendered":"Kendinden Uzakta"},"content":{"rendered":"<p>\u0130nsan kendini, kendinden ka\u00e7arken mi bulur yoksa kendini ararken mi? Tek ki\u015filik ve sadece gidi\u015f olarak al\u0131nan bir biletle ba\u015flayan bu hik\u00e2ye, birbirlerini kendilerinin hi\u00e7 bilmedikleri y\u00f6nleri ile tan\u0131\u015ft\u0131ran \u00fc\u00e7 insan\u0131n dostlu\u011fu ile bir muammaya do\u011fru ilerler\u2026 <\/p>\n","protected":false},"excerpt":{"rendered":"<p>\u0130nsan kendini, kendinden ka\u00e7arken mi bulur yoksa kendini ararken mi? Tek ki\u015filik ve sadece gidi\u015f olarak al\u0131nan bir biletle ba\u015flayan bu hik\u00e2ye, birbirlerini kendilerinin hi\u00e7 bilmedikleri<span class=\"excerpt-hellip\"> [\u2026]<\/span><\/p>\n","protected":false},"featured_media":0,"template":"","meta":{"_monsterinsights_skip_tracking":false,"_monsterinsights_sitenote_active":false,"_monsterinsights_sitenote_note":"","_monsterinsights_sitenote_category":0},"product_brand":[],"product_cat":[12291,12711],"product_tag":[],"class_list":{"0":"post-742429","1":"product","2":"type-product","3":"status-publish","5":"product_cat-edebiyat","6":"product_cat-roman-oyku","7":"pa_cilt-ciltsiz","8":"pa_tur-kitap","9":"pa_yayinevi-karina-yayinevi","10":"pa_yazar-v","12":"first","13":"instock","14":"sale","15":"shipping-taxable","16":"purchasable","17":"product-type-simple"},"_links":{"self":[{"href":"https:\/\/roveyayinevi.com.tr\/index.php\/wp-json\/wp\/v2\/product\/742429","targetHints":{"allow":["GET"]}}],"collection":[{"href":"https:\/\/roveyayinevi.com.tr\/index.php\/wp-json\/wp\/v2\/product"}],"about":[{"href":"https:\/\/roveyayinevi.com.tr\/index.php\/wp-json\/wp\/v2\/types\/product"}],"wp:attachment":[{"href":"https:\/\/roveyayinevi.com.tr\/index.php\/wp-json\/wp\/v2\/media?parent=742429"}],"wp:term":[{"taxonomy":"product_brand","embeddable":true,"href":"https:\/\/roveyayinevi.com.tr\/index.php\/wp-json\/wp\/v2\/product_brand?post=742429"},{"taxonomy":"product_cat","embeddable":true,"href":"https:\/\/roveyayinevi.com.tr\/index.php\/wp-json\/wp\/v2\/product_cat?post=742429"},{"taxonomy":"product_tag","embeddable":true,"href":"https:\/\/roveyayinevi.com.tr\/index.php\/wp-json\/wp\/v2\/product_tag?post=742429"}],"curies":[{"name":"wp","href":"https:\/\/api.w.org\/{rel}","templated":true}]}}