{"id":742427,"date":"2025-08-28T01:11:04","date_gmt":"2025-08-27T22:11:04","guid":{"rendered":"https:\/\/roveyayinevi.com.tr\/index.php\/urun\/kalbimin-siniri\/"},"modified":"2026-04-16T02:53:28","modified_gmt":"2026-04-15T23:53:28","slug":"kalbimin-siniri","status":"publish","type":"product","link":"https:\/\/roveyayinevi.com.tr\/index.php\/urun\/kalbimin-siniri\/","title":{"rendered":"Kalbimin S\u0131n\u0131r\u0131"},"content":{"rendered":"<p>Sevgili okuyucum, Hasan\u2019\u0131n hik\u00e2yesi i\u015fte b\u00f6yle&#8230; Filmlerdeki gibi de\u011fil mi? Onu ilk g\u00f6rd\u00fc\u011f\u00fcmde beni iliklerime kadar etkilemesinin ve t\u00fcm ruhumu ele ge\u00e7irmesinin arkas\u0131nda, b\u00f6yle bir \u00f6yk\u00fcn\u00fcn oldu\u011funu hissetmi\u015ftim. Bu hik\u00e2yeyi bir ben biliyordum, bir de o! Art\u0131k sen de biliyorsun. \u0130stersen ba\u015fkalar\u0131na da anlat. Herkes \u00f6\u011frensin! Ger\u00e7ek sevginin ette, kemikte, sa\u00e7ta, s\u00fcrmeli g\u00f6zlerde, dolgun dudaklarda, kavisli burunda, ince belde de\u011fil; y\u00fcrekte oldu\u011funu herkes g\u00f6rs\u00fcn. Bak\u0131\u015flardaki sevdan\u0131n g\u00f6zlerden de\u011fil kalpten geldi\u011fini herkes bilsin&#8230; <\/p>\n","protected":false},"excerpt":{"rendered":"<p>Sevgili okuyucum, Hasan\u2019\u0131n hik\u00e2yesi i\u015fte b\u00f6yle&#8230; Filmlerdeki gibi de\u011fil mi? Onu ilk g\u00f6rd\u00fc\u011f\u00fcmde beni iliklerime kadar etkilemesinin ve t\u00fcm ruhumu ele ge\u00e7irmesinin arkas\u0131nda, b\u00f6yle bir \u00f6yk\u00fcn\u00fcn<span class=\"excerpt-hellip\"> [\u2026]<\/span><\/p>\n","protected":false},"featured_media":0,"template":"","meta":{"_monsterinsights_skip_tracking":false,"_monsterinsights_sitenote_active":false,"_monsterinsights_sitenote_note":"","_monsterinsights_sitenote_category":0},"product_brand":[],"product_cat":[12291,12711],"product_tag":[],"class_list":{"0":"post-742427","1":"product","2":"type-product","3":"status-publish","5":"product_cat-edebiyat","6":"product_cat-roman-oyku","7":"pa_cilt-ciltsiz","8":"pa_tur-kitap","9":"pa_yayinevi-karina-yayinevi","10":"pa_yazar-okan-turhan","12":"first","13":"instock","14":"sale","15":"shipping-taxable","16":"purchasable","17":"product-type-simple"},"_links":{"self":[{"href":"https:\/\/roveyayinevi.com.tr\/index.php\/wp-json\/wp\/v2\/product\/742427","targetHints":{"allow":["GET"]}}],"collection":[{"href":"https:\/\/roveyayinevi.com.tr\/index.php\/wp-json\/wp\/v2\/product"}],"about":[{"href":"https:\/\/roveyayinevi.com.tr\/index.php\/wp-json\/wp\/v2\/types\/product"}],"wp:attachment":[{"href":"https:\/\/roveyayinevi.com.tr\/index.php\/wp-json\/wp\/v2\/media?parent=742427"}],"wp:term":[{"taxonomy":"product_brand","embeddable":true,"href":"https:\/\/roveyayinevi.com.tr\/index.php\/wp-json\/wp\/v2\/product_brand?post=742427"},{"taxonomy":"product_cat","embeddable":true,"href":"https:\/\/roveyayinevi.com.tr\/index.php\/wp-json\/wp\/v2\/product_cat?post=742427"},{"taxonomy":"product_tag","embeddable":true,"href":"https:\/\/roveyayinevi.com.tr\/index.php\/wp-json\/wp\/v2\/product_tag?post=742427"}],"curies":[{"name":"wp","href":"https:\/\/api.w.org\/{rel}","templated":true}]}}