{"id":742426,"date":"2025-08-28T01:11:03","date_gmt":"2025-08-27T22:11:03","guid":{"rendered":"https:\/\/roveyayinevi.com.tr\/index.php\/urun\/siskin-gagali-martinin-ilk-ucusu\/"},"modified":"2026-04-16T02:53:27","modified_gmt":"2026-04-15T23:53:27","slug":"siskin-gagali-martinin-ilk-ucusu","status":"publish","type":"product","link":"https:\/\/roveyayinevi.com.tr\/index.php\/urun\/siskin-gagali-martinin-ilk-ucusu\/","title":{"rendered":"\u015ei\u015fkin Gagal\u0131 Mart\u0131n\u0131n \u0130lk U\u00e7u\u015fu"},"content":{"rendered":"<p>\u015ei\u015fkin gagal\u0131 mart\u0131, yaz\u0131n ilk g\u00fcnlerinde kabu\u011fundan \u00e7\u0131kt\u0131. Anne ve babas\u0131, tam alt\u0131 hafta boyunca onu besledi, b\u00fcy\u00fcmesini izledi. \u015ei\u015fkin gagal\u0131 mart\u0131 yavrusu ilk ad\u0131mlar\u0131n\u0131 att\u0131, t\u00fcylerinin uzay\u0131p kanatlar\u0131n\u0131n geli\u015fmesini sab\u0131rla bekledi. Nihayet, ilk u\u00e7u\u015f denemesini yapma zaman\u0131 geldi\u2026 Minik k\u00e2\u015fifler bu kitapta \u015fi\u015fkin gagal\u0131 mart\u0131lara dair ilgin\u00e7 bilgiler edinecek ve bu sevimli canl\u0131lar\u0131n ya\u015famlar\u0131n\u0131n en heyecanl\u0131 anlar\u0131na e\u015flik edecek. <\/p>\n","protected":false},"excerpt":{"rendered":"<p>\u015ei\u015fkin gagal\u0131 mart\u0131, yaz\u0131n ilk g\u00fcnlerinde kabu\u011fundan \u00e7\u0131kt\u0131. Anne ve babas\u0131, tam alt\u0131 hafta boyunca onu besledi, b\u00fcy\u00fcmesini izledi. \u015ei\u015fkin gagal\u0131 mart\u0131 yavrusu ilk ad\u0131mlar\u0131n\u0131 att\u0131,<span class=\"excerpt-hellip\"> [\u2026]<\/span><\/p>\n","protected":false},"featured_media":0,"template":"","meta":{"_monsterinsights_skip_tracking":false,"_monsterinsights_sitenote_active":false,"_monsterinsights_sitenote_note":"","_monsterinsights_sitenote_category":0},"product_brand":[],"product_cat":[12274,12518],"product_tag":[],"class_list":{"0":"post-742426","1":"product","2":"type-product","3":"status-publish","5":"product_cat-cocuk-ve-genclik-kitaplari","6":"product_cat-okul-oncesi-kitaplar","7":"pa_cilt-ciltsiz","8":"pa_tur-kitap","9":"pa_yayinevi-is-bankasi-kultur-yayinlari","10":"pa_yazar-jonathan-london","12":"first","13":"instock","14":"sale","15":"shipping-taxable","16":"purchasable","17":"product-type-simple"},"_links":{"self":[{"href":"https:\/\/roveyayinevi.com.tr\/index.php\/wp-json\/wp\/v2\/product\/742426","targetHints":{"allow":["GET"]}}],"collection":[{"href":"https:\/\/roveyayinevi.com.tr\/index.php\/wp-json\/wp\/v2\/product"}],"about":[{"href":"https:\/\/roveyayinevi.com.tr\/index.php\/wp-json\/wp\/v2\/types\/product"}],"wp:attachment":[{"href":"https:\/\/roveyayinevi.com.tr\/index.php\/wp-json\/wp\/v2\/media?parent=742426"}],"wp:term":[{"taxonomy":"product_brand","embeddable":true,"href":"https:\/\/roveyayinevi.com.tr\/index.php\/wp-json\/wp\/v2\/product_brand?post=742426"},{"taxonomy":"product_cat","embeddable":true,"href":"https:\/\/roveyayinevi.com.tr\/index.php\/wp-json\/wp\/v2\/product_cat?post=742426"},{"taxonomy":"product_tag","embeddable":true,"href":"https:\/\/roveyayinevi.com.tr\/index.php\/wp-json\/wp\/v2\/product_tag?post=742426"}],"curies":[{"name":"wp","href":"https:\/\/api.w.org\/{rel}","templated":true}]}}