{"id":742425,"date":"2025-08-28T01:11:02","date_gmt":"2025-08-27T22:11:02","guid":{"rendered":"https:\/\/roveyayinevi.com.tr\/index.php\/urun\/ikinci-kusak-ortak-degerler\/"},"modified":"2026-04-16T02:53:27","modified_gmt":"2026-04-15T23:53:27","slug":"ikinci-kusak-ortak-degerler","status":"publish","type":"product","link":"https:\/\/roveyayinevi.com.tr\/index.php\/urun\/ikinci-kusak-ortak-degerler\/","title":{"rendered":"\u0130kinci Ku\u015fak (Ortak De\u011ferler)"},"content":{"rendered":"<p>D\u00fc\u015fler vard\u0131r, hayal edilen&#8230; \u0130nsan\u0131n arzular\u0131 vard\u0131r i\u00e7ten gelen; kuvvetli esen r\u00fczg\u00e2r gibi\u2026 \u00c7ocukluk, gen\u00e7lik \u00e7a\u011f\u0131ndan \u00e7\u0131kan insano\u011flu ya\u015fanas\u0131 bir d\u00fcnya arzular ve b\u00fct\u00fcn \u00f6zellik ve g\u00fczelliklerin kendi \u00fclkesinde, \u00e7evresinde, bir g\u00fcne\u015f gibi do\u011fmas\u0131n\u0131 ya da bir g\u00fcl gibi a\u00e7mas\u0131n\u0131 bekler. Bir devletin kalk\u0131nmas\u0131 ve bekas\u0131, insana verilen de\u011fer ve onlar\u0131n e\u011fitimi ile ger\u00e7ekle\u015fmektedir. \u0130nsan\u0131m\u0131za; e\u011fitilirken \u00fclkesinde ve d\u00fcnyada olup bitene dair fark\u0131ndal\u0131k kazand\u0131rabilmek, bir bak\u0131ma temel e\u011fitimimizi zenginle\u015ftirmek, bug\u00fcnk\u00fc \u00e7a\u011fda\u015f ya\u015fam\u0131m\u0131z\u0131n bir gereklili\u011fidir. Ama bunlar\u0131 \u00e7ok k\u00fc\u00e7\u00fck ya\u015flarda ba\u015flayacak \u00f6\u011fretim ve e\u011fitimle ba\u015farabilmektir i\u015fin as\u0131l amac\u0131. K\u00fcresel yakla\u015f\u0131m\u0131n ve anlay\u0131\u015f\u0131n varolu\u015fu yan\u0131nda \u00fclkemizin de\u011ferlerine, k\u00fclt\u00fcr\u00fcne, birlik ve berberli\u011fine sahip \u00e7\u0131kmak amac\u0131yla Atat\u00fcrk&#8217;\u00fcn s\u00f6yledi\u011fi \u201cNe Mutlu T\u00fcrk\u2019\u00fcm Diyene\u201d vecizesiyle geride b\u0131rakt\u0131\u011f\u0131 \u00fclk\u00fcy\u00fc s\u00fcrd\u00fcrmek gere\u011fini hepimiz s\u0131k s\u0131k hissederiz. \u00dclkemizde, toplumumuzu kucaklayan, huzurlu, geli\u015fmi\u015f ve \u00e7a\u011fda\u015f ya\u015fam\u0131 yayg\u0131nla\u015ft\u0131rmak temel do\u011frultumuzu olu\u015fturdu\u011funa g\u00f6re; ifadesine \u00e7al\u0131\u015ft\u0131klar\u0131m\u0131z, hedef kitle taraf\u0131nda bir nebze anla\u015f\u0131l\u0131r ve uygulamaya ge\u00e7ilirse ger\u00e7ek amaca ula\u015fm\u0131\u015f olur, huzur dolar\u0131z. <\/p>\n","protected":false},"excerpt":{"rendered":"<p>D\u00fc\u015fler vard\u0131r, hayal edilen&#8230; \u0130nsan\u0131n arzular\u0131 vard\u0131r i\u00e7ten gelen; kuvvetli esen r\u00fczg\u00e2r gibi\u2026 \u00c7ocukluk, gen\u00e7lik \u00e7a\u011f\u0131ndan \u00e7\u0131kan insano\u011flu ya\u015fanas\u0131 bir d\u00fcnya arzular ve b\u00fct\u00fcn \u00f6zellik ve<span class=\"excerpt-hellip\"> [\u2026]<\/span><\/p>\n","protected":false},"featured_media":0,"template":"","meta":{"_monsterinsights_skip_tracking":false,"_monsterinsights_sitenote_active":false,"_monsterinsights_sitenote_note":"","_monsterinsights_sitenote_category":0},"product_brand":[],"product_cat":[13072,12291],"product_tag":[],"class_list":{"0":"post-742425","1":"product","2":"type-product","3":"status-publish","5":"product_cat-arastirma-inceleme-referans","6":"product_cat-edebiyat","7":"pa_cilt-ciltsiz","8":"pa_tur-kitap","9":"pa_yayinevi-karina-yayinevi","10":"pa_yazar-muzaffer-atila-aksu","12":"first","13":"instock","14":"sale","15":"shipping-taxable","16":"purchasable","17":"product-type-simple"},"_links":{"self":[{"href":"https:\/\/roveyayinevi.com.tr\/index.php\/wp-json\/wp\/v2\/product\/742425","targetHints":{"allow":["GET"]}}],"collection":[{"href":"https:\/\/roveyayinevi.com.tr\/index.php\/wp-json\/wp\/v2\/product"}],"about":[{"href":"https:\/\/roveyayinevi.com.tr\/index.php\/wp-json\/wp\/v2\/types\/product"}],"wp:attachment":[{"href":"https:\/\/roveyayinevi.com.tr\/index.php\/wp-json\/wp\/v2\/media?parent=742425"}],"wp:term":[{"taxonomy":"product_brand","embeddable":true,"href":"https:\/\/roveyayinevi.com.tr\/index.php\/wp-json\/wp\/v2\/product_brand?post=742425"},{"taxonomy":"product_cat","embeddable":true,"href":"https:\/\/roveyayinevi.com.tr\/index.php\/wp-json\/wp\/v2\/product_cat?post=742425"},{"taxonomy":"product_tag","embeddable":true,"href":"https:\/\/roveyayinevi.com.tr\/index.php\/wp-json\/wp\/v2\/product_tag?post=742425"}],"curies":[{"name":"wp","href":"https:\/\/api.w.org\/{rel}","templated":true}]}}