{"id":742424,"date":"2025-08-28T01:11:00","date_gmt":"2025-08-27T22:11:00","guid":{"rendered":"https:\/\/roveyayinevi.com.tr\/index.php\/urun\/iste-mert-guzel-bir-gun\/"},"modified":"2026-04-16T02:53:27","modified_gmt":"2026-04-15T23:53:27","slug":"iste-mert-guzel-bir-gun","status":"publish","type":"product","link":"https:\/\/roveyayinevi.com.tr\/index.php\/urun\/iste-mert-guzel-bir-gun\/","title":{"rendered":"\u0130\u015fte Mert ! &#8211; G\u00fczel Bir G\u00fcn"},"content":{"rendered":"<p>Mert, do\u011fum g\u00fcn\u00fcnde harika bir parti d\u00fczenliyor. B\u00fct\u00fcn s\u0131n\u0131f arkada\u015flar\u0131 partiye davetli. Ama Mert\u2019in en iyi arkada\u015f\u0131 Beren, hastaland\u0131\u011f\u0131 i\u00e7in partiye kat\u0131lamayacak. Acaba Beren\u2019siz parti nas\u0131l ge\u00e7ecek? D\u00fc\u015f\u00fcnceli olman\u0131n, arkada\u015flar\u0131m\u0131z\u0131 ihmal etmemenin \u00f6nemini anlatan harika bir hik\u00e2ye! <\/p>\n","protected":false},"excerpt":{"rendered":"<p>Mert, do\u011fum g\u00fcn\u00fcnde harika bir parti d\u00fczenliyor. B\u00fct\u00fcn s\u0131n\u0131f arkada\u015flar\u0131 partiye davetli. Ama Mert\u2019in en iyi arkada\u015f\u0131 Beren, hastaland\u0131\u011f\u0131 i\u00e7in partiye kat\u0131lamayacak. Acaba Beren\u2019siz parti nas\u0131l<span class=\"excerpt-hellip\"> [\u2026]<\/span><\/p>\n","protected":false},"featured_media":0,"template":"","meta":{"_monsterinsights_skip_tracking":false,"_monsterinsights_sitenote_active":false,"_monsterinsights_sitenote_note":"","_monsterinsights_sitenote_category":0},"product_brand":[],"product_cat":[12275,12274],"product_tag":[],"class_list":{"0":"post-742424","1":"product","2":"type-product","3":"status-publish","5":"product_cat-6-12-yas-kitaplari","6":"product_cat-cocuk-ve-genclik-kitaplari","7":"pa_cilt-ciltsiz","8":"pa_tur-kitap","9":"pa_yayinevi-is-bankasi-kultur-yayinlari","10":"pa_yazar-sally-rippin","12":"first","13":"instock","14":"sale","15":"shipping-taxable","16":"purchasable","17":"product-type-simple"},"_links":{"self":[{"href":"https:\/\/roveyayinevi.com.tr\/index.php\/wp-json\/wp\/v2\/product\/742424","targetHints":{"allow":["GET"]}}],"collection":[{"href":"https:\/\/roveyayinevi.com.tr\/index.php\/wp-json\/wp\/v2\/product"}],"about":[{"href":"https:\/\/roveyayinevi.com.tr\/index.php\/wp-json\/wp\/v2\/types\/product"}],"wp:attachment":[{"href":"https:\/\/roveyayinevi.com.tr\/index.php\/wp-json\/wp\/v2\/media?parent=742424"}],"wp:term":[{"taxonomy":"product_brand","embeddable":true,"href":"https:\/\/roveyayinevi.com.tr\/index.php\/wp-json\/wp\/v2\/product_brand?post=742424"},{"taxonomy":"product_cat","embeddable":true,"href":"https:\/\/roveyayinevi.com.tr\/index.php\/wp-json\/wp\/v2\/product_cat?post=742424"},{"taxonomy":"product_tag","embeddable":true,"href":"https:\/\/roveyayinevi.com.tr\/index.php\/wp-json\/wp\/v2\/product_tag?post=742424"}],"curies":[{"name":"wp","href":"https:\/\/api.w.org\/{rel}","templated":true}]}}