{"id":742423,"date":"2025-08-28T01:11:00","date_gmt":"2025-08-27T22:11:00","guid":{"rendered":"https:\/\/roveyayinevi.com.tr\/index.php\/urun\/utangaclik\/"},"modified":"2026-04-16T02:53:27","modified_gmt":"2026-04-15T23:53:27","slug":"utangaclik","status":"publish","type":"product","link":"https:\/\/roveyayinevi.com.tr\/index.php\/urun\/utangaclik\/","title":{"rendered":"Utanga\u00e7l\u0131k"},"content":{"rendered":"<p>Amerikal\u0131 psikiyatrlardan olu\u015fan k\u00fc\u00e7\u00fck bir grup 1980\u2019li y\u0131llarda geni\u015f kapsaml\u0131 bir konsensusa vard\u0131: Utanga\u00e7l\u0131k ve ona benzer pek \u00e7ok ki\u015filik \u00f6zelli\u011fi asl\u0131nda kayg\u0131 ve ki\u015filik bozuklu\u011fuydu; psikolojik \u00e7at\u0131\u015fmalardan ya da toplumsal gerilimlerden de\u011fil, beyindeki kimyasal bir dengesizlikten ya da sinirsel ileticilerdeki i\u015flev bozuklu\u011fundan kaynaklan\u0131yordu. Psikiyatristlerin temel ba\u015fvuru kitab\u0131 say\u0131lan Diagnostic and Statistical Manual of Mental Disorders\u2019\u0131n (DSM) [Ruhsal Bozukluklar\u0131n Tan\u0131sal ve Say\u0131msal Elkitab\u0131] \u00fc\u00e7\u00fcnc\u00fc (1980 ve 1987) ve d\u00f6rd\u00fcnc\u00fc (1994) bas\u0131mlar\u0131 onlarca yeni ruhsal bozuklukla beraber yay\u0131mland\u0131. Ve bu ba\u015fvuru kitab\u0131 ila\u00e7 end\u00fcstrisinin ve y\u00f6nlendirilen sa\u011fl\u0131k hizmetlerinin yard\u0131m\u0131yla, d\u00fcnyan\u0131n ruhsal bozukluklara bak\u0131\u015f\u0131n\u0131 d\u00f6n\u00fc\u015ft\u00fcrmeye ba\u015flad\u0131. Christopher Lane Amerikan Psikiyatri Kongresi\u2019nin yay\u0131mlanmam\u0131\u015f ve son y\u0131llara kadar eri\u015fime kapal\u0131 durumda kalm\u0131\u015f geni\u015f ar\u015fivinden yararlanarak yazd\u0131\u011f\u0131 bu kitab\u0131nda, DSM\u2019nin \u00fc\u00e7\u00fcnc\u00fc ve d\u00f6rd\u00fcnc\u00fc bas\u0131mlar\u0131n\u0131n haz\u0131rlanmas\u0131nda \u00f6nemli rol oynam\u0131\u015f ki\u015filerin mektupla\u015fmalar\u0131n\u0131 ve bu ki\u015filerle bizzat yapt\u0131\u011f\u0131 r\u00f6portajlar\u0131 da kullanarak bu yetersiz tan\u0131mlanm\u0131\u015f, esrarengiz kayg\u0131 bozuklu\u011funun, sosyal fobinin nas\u0131l \u00e7a\u011f\u0131m\u0131z\u0131n bir numaral\u0131 psikososyal sorunu haline geldi\u011fini a\u00e7\u0131kl\u0131yor. \u201cN\u00fcfuzlu psikiyatrlar, ila\u00e7 firmalar\u0131yla ortakl\u0131k kurarak (ya da onlar\u0131n sponsorlu\u011funda) her \u00fclkede insanlar\u0131n sadece k\u00fc\u00e7\u00fck bir y\u00fczdesine ac\u0131 veren bir sorunu abartt\u0131lar m\u0131? Neden utanga\u00e7l\u0131k gibi, zorlay\u0131c\u0131 da olsa s\u0131radan bir duygu durumunu, ila\u00e7la tedaviyi gerektiren bir beyin kimyas\u0131 bozuklu\u011fu olarak tarif ettiler?\u201d <\/p>\n","protected":false},"excerpt":{"rendered":"<p>Amerikal\u0131 psikiyatrlardan olu\u015fan k\u00fc\u00e7\u00fck bir grup 1980\u2019li y\u0131llarda geni\u015f kapsaml\u0131 bir konsensusa vard\u0131: Utanga\u00e7l\u0131k ve ona benzer pek \u00e7ok ki\u015filik \u00f6zelli\u011fi asl\u0131nda kayg\u0131 ve ki\u015filik bozuklu\u011fuydu;<span class=\"excerpt-hellip\"> [\u2026]<\/span><\/p>\n","protected":false},"featured_media":0,"template":"","meta":{"_monsterinsights_skip_tracking":false,"_monsterinsights_sitenote_active":false,"_monsterinsights_sitenote_note":"","_monsterinsights_sitenote_category":0},"product_brand":[],"product_cat":[12358,12357],"product_tag":[],"class_list":{"0":"post-742423","1":"product","2":"type-product","3":"status-publish","5":"product_cat-genel-psikoloji","6":"product_cat-psikoloji","7":"pa_cilt-ciltsiz","8":"pa_tur-kitap","9":"pa_yayinevi-is-bankasi-kultur-yayinlari","10":"pa_yazar-christopher-lane","12":"first","13":"instock","14":"sale","15":"shipping-taxable","16":"purchasable","17":"product-type-simple"},"_links":{"self":[{"href":"https:\/\/roveyayinevi.com.tr\/index.php\/wp-json\/wp\/v2\/product\/742423","targetHints":{"allow":["GET"]}}],"collection":[{"href":"https:\/\/roveyayinevi.com.tr\/index.php\/wp-json\/wp\/v2\/product"}],"about":[{"href":"https:\/\/roveyayinevi.com.tr\/index.php\/wp-json\/wp\/v2\/types\/product"}],"wp:attachment":[{"href":"https:\/\/roveyayinevi.com.tr\/index.php\/wp-json\/wp\/v2\/media?parent=742423"}],"wp:term":[{"taxonomy":"product_brand","embeddable":true,"href":"https:\/\/roveyayinevi.com.tr\/index.php\/wp-json\/wp\/v2\/product_brand?post=742423"},{"taxonomy":"product_cat","embeddable":true,"href":"https:\/\/roveyayinevi.com.tr\/index.php\/wp-json\/wp\/v2\/product_cat?post=742423"},{"taxonomy":"product_tag","embeddable":true,"href":"https:\/\/roveyayinevi.com.tr\/index.php\/wp-json\/wp\/v2\/product_tag?post=742423"}],"curies":[{"name":"wp","href":"https:\/\/api.w.org\/{rel}","templated":true}]}}