{"id":742422,"date":"2025-08-28T01:10:59","date_gmt":"2025-08-27T22:10:59","guid":{"rendered":"https:\/\/roveyayinevi.com.tr\/index.php\/urun\/siradan-hisseler-siradisi-karlar\/"},"modified":"2026-04-16T02:53:27","modified_gmt":"2026-04-15T23:53:27","slug":"siradan-hisseler-siradisi-karlar","status":"publish","type":"product","link":"https:\/\/roveyayinevi.com.tr\/index.php\/urun\/siradan-hisseler-siradisi-karlar\/","title":{"rendered":"S\u0131radan Hisseler S\u0131rad\u0131\u015f\u0131 Karlar"},"content":{"rendered":"<p>\u201cPhil ne yazsa g\u00f6z\u00fcm kapal\u0131 okurum ve size de ayn\u0131s\u0131n\u0131 tavsiye ederim.\u201d \u2014Warren BuffettModern yat\u0131r\u0131m teorisinin \u00f6nc\u00fclerinden biri olan Philip Fisher, t\u00fcm zamanlar\u0131n da en etkili yat\u0131r\u0131mc\u0131lar\u0131ndan biri. Elli y\u0131ldan uzun bir s\u00fcre \u00f6nce ortaya koydu\u011fu yat\u0131r\u0131m felsefeleri, sadece g\u00fcn\u00fcm\u00fcz finans\u00f6rleri ve yat\u0131r\u0131mc\u0131lar\u0131 taraf\u0131ndan \u00e7al\u0131\u015f\u0131l\u0131p uygulanm\u0131yor, ayn\u0131 zamanda bir\u00e7oklar\u0131 taraf\u0131ndan yat\u0131r\u0131m\u0131n temel ta\u015f\u0131 olarak kabul ediliyor. S\u0131radan Hisseler S\u0131rad\u0131\u015f\u0131 K\u00e2rlar, ilk yay\u0131mland\u0131\u011f\u0131 tarihten bug\u00fcne kadar h\u00e2l\u00e2 yat\u0131r\u0131m ba\u015far\u0131s\u0131 i\u00e7in paha bi\u00e7ilmez bir referans olmaya devam ediyor. \u015eimdi, bu zamans\u0131z klasikte Fisher\u2019\u0131n be\u011fenilen di\u011fer yaz\u0131lar\u0131 Muhafazak\u00e2r Yat\u0131r\u0131mc\u0131lar \u0130yi Uyur ve Bir Yat\u0131r\u0131m Felsefesi Geli\u015ftirmek de bir arada okurla bulu\u015fuyor.\u201cS\u0131radan Hisseler S\u0131rad\u0131\u015f\u0131 K\u00e2rlar kitab\u0131n\u0131 okuduktan sonra Phil Fisher\u2019a ula\u015ft\u0131m\u2026 Onunla tan\u0131\u015ft\u0131\u011f\u0131mda, fikirlerinden oldu\u011fu kadar kendisinden de etkilendim. Phil\u2019in tekniklerini kullanarak i\u015fi kapsaml\u0131 bir \u015fekilde anlamak, ki\u015finin ak\u0131ll\u0131 yat\u0131r\u0131mlar yapmas\u0131n\u0131 sa\u011flar.\u201d\u2014Warren Buffett\u201cKamuoyunda pek az tan\u0131nan, nadiren rop\u00f6rtaj veren ve \u00e7ok az say\u0131da m\u00fc\u015fteri kabul eden Philip Fisher, yine de en dikkatli yat\u0131r\u0131m profesyonelleri taraf\u0131ndan okunuyor ve takip ediliyor\u2026 Warren Buffett\u2019\u0131n yapt\u0131\u011f\u0131 gibi, Fisher\u2019\u0131n benimsedi\u011fi yat\u0131r\u0131m ilkeleri \u00fczerinde d\u00fc\u015f\u00fcnen herkes kazan\u00e7l\u0131 \u00e7\u0131kar.\u201d\u2014James W. Michaels, Forbes<\/p>\n","protected":false},"excerpt":{"rendered":"<p>\u201cPhil ne yazsa g\u00f6z\u00fcm kapal\u0131 okurum ve size de ayn\u0131s\u0131n\u0131 tavsiye ederim.\u201d \u2014Warren BuffettModern yat\u0131r\u0131m teorisinin \u00f6nc\u00fclerinden biri olan Philip Fisher, t\u00fcm zamanlar\u0131n da en etkili<span class=\"excerpt-hellip\"> [\u2026]<\/span><\/p>\n","protected":false},"featured_media":0,"template":"","meta":{"_monsterinsights_skip_tracking":false,"_monsterinsights_sitenote_active":false,"_monsterinsights_sitenote_note":"","_monsterinsights_sitenote_category":0},"product_brand":[],"product_cat":[17249,13043],"product_tag":[],"class_list":{"0":"post-742422","1":"product","2":"type-product","3":"status-publish","5":"product_cat-borsa-finans","6":"product_cat-ekonomi","7":"pa_cilt-ciltsiz","8":"pa_tur-kitap","9":"pa_yayinevi-nova-kitap","10":"pa_yazar-philip-a-fisher","12":"first","13":"instock","14":"sale","15":"shipping-taxable","16":"purchasable","17":"product-type-simple"},"_links":{"self":[{"href":"https:\/\/roveyayinevi.com.tr\/index.php\/wp-json\/wp\/v2\/product\/742422","targetHints":{"allow":["GET"]}}],"collection":[{"href":"https:\/\/roveyayinevi.com.tr\/index.php\/wp-json\/wp\/v2\/product"}],"about":[{"href":"https:\/\/roveyayinevi.com.tr\/index.php\/wp-json\/wp\/v2\/types\/product"}],"wp:attachment":[{"href":"https:\/\/roveyayinevi.com.tr\/index.php\/wp-json\/wp\/v2\/media?parent=742422"}],"wp:term":[{"taxonomy":"product_brand","embeddable":true,"href":"https:\/\/roveyayinevi.com.tr\/index.php\/wp-json\/wp\/v2\/product_brand?post=742422"},{"taxonomy":"product_cat","embeddable":true,"href":"https:\/\/roveyayinevi.com.tr\/index.php\/wp-json\/wp\/v2\/product_cat?post=742422"},{"taxonomy":"product_tag","embeddable":true,"href":"https:\/\/roveyayinevi.com.tr\/index.php\/wp-json\/wp\/v2\/product_tag?post=742422"}],"curies":[{"name":"wp","href":"https:\/\/api.w.org\/{rel}","templated":true}]}}