{"id":742419,"date":"2025-08-28T01:10:55","date_gmt":"2025-08-27T22:10:55","guid":{"rendered":"https:\/\/roveyayinevi.com.tr\/index.php\/urun\/gereksiz-seyler-toplantisi\/"},"modified":"2026-02-03T03:08:30","modified_gmt":"2026-02-03T00:08:30","slug":"gereksiz-seyler-toplantisi","status":"publish","type":"product","link":"https:\/\/roveyayinevi.com.tr\/index.php\/urun\/gereksiz-seyler-toplantisi\/","title":{"rendered":"Gereksiz \u015eeyler Toplant\u0131s\u0131"},"content":{"rendered":"<p>Bo\u015f bir yo\u011furt kab\u0131, k\u00fc\u00e7\u00fck yapboz par\u00e7as\u0131, bir ayakkab\u0131 ba\u011fc\u0131\u011f\u0131 ve kavanoz kapa\u011f\u0131, bir g\u00fcn gereksiz \u015feyler toplant\u0131s\u0131 yapmaya karar verirler. \u00c7\u00fcnk\u00fc art\u0131k \u00f6nemsenmemekten b\u0131km\u0131\u015flard\u0131r. Ama onlar\u0131n ger\u00e7ekten gereksiz oldu\u011funa kim karar vermi\u015fti ki?Nihan Temiz bu sevimli hik\u00e2yesinde minik okurlara, gereksiz g\u00f6r\u00fcnen en ufak e\u015fyan\u0131n bile d\u00f6n\u00fc\u015ft\u00fcr\u00fclerek tekrar kullan\u0131labilece\u011fini anlat\u0131yor.<\/p>\n","protected":false},"excerpt":{"rendered":"<p>Bo\u015f bir yo\u011furt kab\u0131, k\u00fc\u00e7\u00fck yapboz par\u00e7as\u0131, bir ayakkab\u0131 ba\u011fc\u0131\u011f\u0131 ve kavanoz kapa\u011f\u0131, bir g\u00fcn gereksiz \u015feyler toplant\u0131s\u0131 yapmaya karar verirler. \u00c7\u00fcnk\u00fc art\u0131k \u00f6nemsenmemekten b\u0131km\u0131\u015flard\u0131r. Ama<span class=\"excerpt-hellip\"> [\u2026]<\/span><\/p>\n","protected":false},"featured_media":0,"template":"","meta":{"_monsterinsights_skip_tracking":false,"_monsterinsights_sitenote_active":false,"_monsterinsights_sitenote_note":"","_monsterinsights_sitenote_category":0},"product_brand":[],"product_cat":[12274,12284],"product_tag":[],"class_list":{"0":"post-742419","1":"product","2":"type-product","3":"status-publish","5":"product_cat-cocuk-ve-genclik-kitaplari","6":"product_cat-hikayeler","7":"pa_cilt-ciltsiz","8":"pa_tur-kitap","9":"pa_yayinevi-ithaki-yayinlari","10":"pa_yazar-nihan-temiz","12":"first","13":"instock","14":"sale","15":"shipping-taxable","16":"purchasable","17":"product-type-simple"},"_links":{"self":[{"href":"https:\/\/roveyayinevi.com.tr\/index.php\/wp-json\/wp\/v2\/product\/742419","targetHints":{"allow":["GET"]}}],"collection":[{"href":"https:\/\/roveyayinevi.com.tr\/index.php\/wp-json\/wp\/v2\/product"}],"about":[{"href":"https:\/\/roveyayinevi.com.tr\/index.php\/wp-json\/wp\/v2\/types\/product"}],"wp:attachment":[{"href":"https:\/\/roveyayinevi.com.tr\/index.php\/wp-json\/wp\/v2\/media?parent=742419"}],"wp:term":[{"taxonomy":"product_brand","embeddable":true,"href":"https:\/\/roveyayinevi.com.tr\/index.php\/wp-json\/wp\/v2\/product_brand?post=742419"},{"taxonomy":"product_cat","embeddable":true,"href":"https:\/\/roveyayinevi.com.tr\/index.php\/wp-json\/wp\/v2\/product_cat?post=742419"},{"taxonomy":"product_tag","embeddable":true,"href":"https:\/\/roveyayinevi.com.tr\/index.php\/wp-json\/wp\/v2\/product_tag?post=742419"}],"curies":[{"name":"wp","href":"https:\/\/api.w.org\/{rel}","templated":true}]}}