{"id":742418,"date":"2025-08-28T01:10:54","date_gmt":"2025-08-27T22:10:54","guid":{"rendered":"https:\/\/roveyayinevi.com.tr\/index.php\/urun\/bu-bizim-hikayemiz\/"},"modified":"2026-04-16T02:53:27","modified_gmt":"2026-04-15T23:53:27","slug":"bu-bizim-hikayemiz","status":"publish","type":"product","link":"https:\/\/roveyayinevi.com.tr\/index.php\/urun\/bu-bizim-hikayemiz\/","title":{"rendered":"Bu Bizim Hikayemiz"},"content":{"rendered":"<p>O S\u0130LAHI HEP\u0130M\u0130Z KULLANDIK. O S\u0130LAHI HEP\u0130M\u0130Z ATE\u015eLED\u0130K.O sabah River Burnu\u2019nda ne oldu\u011funu kimse bilmiyordu. Be\u015f o\u011flan avlanmaya \u00e7\u0131km\u0131\u015ft\u0131. Sadece d\u00f6rd\u00fc geri d\u00f6nm\u00fc\u015ft\u00fc. O\u011flanlar arkada\u015flar\u0131n\u0131 \u00f6ld\u00fcren kur\u015funun kimin silah\u0131ndan \u00e7\u0131kt\u0131\u011f\u0131n\u0131 s\u00f6ylemiyor, kan\u0131tlar ise d\u00f6rd\u00fcn\u00fcn de su\u00e7lu olabilece\u011fini g\u00f6steriyordu.Kate Marino\u2019nun b\u00f6lge savc\u0131s\u0131n\u0131n yan\u0131ndaki staj\u0131 \u00e7ok haval\u0131 bir i\u015f de\u011fildi. Daha ziyade okuldan erken \u00e7\u0131kmas\u0131n\u0131 sa\u011flayacak ve \u00fcniversite ba\u015fvurular\u0131nda faydal\u0131 olacak bir mazeretti. Fakat bir g\u00fcn patronu Bay Stone\u2019a \u00f6nemli bir dava verildi: K\u00fc\u00e7\u00fck bir kasaba olan Belle Terre\u2019in g\u00f6rd\u00fc\u011f\u00fc en b\u00fcy\u00fck dava. River Burnu O\u011flanlar\u0131 herkesin dilindeydi. Kazan\u0131n ger\u00e7ekle\u015fti\u011fi sabah yap\u0131lan kan testleri onlar\u0131 k\u00f6t\u00fc g\u00f6sterse de, b\u00f6lge ba\u015fsavc\u0131s\u0131 davay\u0131 olays\u0131z bir \u015fekilde bitirmek istiyordu. Sonu\u00e7ta r\u00fctbesini onlardan birinin ailesine bor\u00e7luydu.Kate davan\u0131n \u00fcst\u00fcn\u00fcn kapat\u0131lmas\u0131na izin vermeyecekti. Kendi s\u0131rlar\u0131ndan \u00f6nce ba\u015fkalar\u0131n\u0131nkileri ortaya \u00e7\u0131karmak zordu ama Grant i\u00e7in adaletin sa\u011flanmas\u0131n\u0131 istiyordu. Fakat Kate, olay\u0131 ara\u015ft\u0131r\u0131rken hi\u00e7bir \u015feyin g\u00f6r\u00fcnd\u00fc\u011f\u00fc gibi olmad\u0131\u011f\u0131n\u0131 \u00f6\u011frenecekti. Ger\u00e7e\u011fe tehlikeli bir \u015fekilde yakla\u015ft\u0131k\u00e7a \u015f\u00fcpheleri ba\u015f g\u00f6stermi\u015fti: Ya\u015fananlar ger\u00e7ekten kaza m\u0131yd\u0131? Ger\u00e7ekler bir an \u00f6nce ortaya \u00e7\u0131kmazsa birden fazla hayat tehlikeye girecekti. Kate\u2019inki de dahil.\u201c\u00dcrpertici, gergin ve tam k\u0131vam\u0131nda s\u00fcrprizlerle dolu.\u201d \u2014Kirkus\u201cNefesinizi kesecek, yava\u015f yava\u015f artan bir gerilim.\u201d \u2014Colleen Houck, Kaplan Laneti roman\u0131n\u0131n New York Times \u00e7oksatan yazar\u0131\u201cKurgu zekice \u00f6r\u00fclm\u00fc\u015f. Araya eklenen mesajla\u015fmalar, yanl\u0131\u015f anla\u015f\u0131lmalar ve kimli\u011fi belirsiz ama ger\u00e7ekleri bilen birinin bak\u0131\u015f a\u00e7\u0131s\u0131 kitab\u0131 inan\u0131lmaz s\u00fcr\u00fckleyici yap\u0131yor.\u201d \u2014Booklist\u201cKurgu ger\u00e7eklerden esinlenilmi\u015f gibi. D\u00f6rt o\u011flan\u0131 da su\u00e7lu gibi g\u00f6sterebilen bir g\u00fcn\u00fcm\u00fcz hik\u00e2yesi. Kate\u2019in ger\u00e7ekleri bulmaya \u00e7al\u0131\u015fmas\u0131, insan ruhunun iki y\u00f6n\u00fcn\u00fc, teknolojinin ger\u00e7ekleri nas\u0131l \u00e7arp\u0131tabildi\u011fini ve g\u00fcvenin ne kadar zor oldu\u011funu g\u00f6steriyor.\u201d \u2014Publishers Weekly\u201cMerak ve gerilim, partiler, gen\u00e7lik a\u015fklar\u0131 ve birbiri \u00fcst\u00fcne eklenen ipu\u00e7lar\u0131, k\u00f6t\u00fcy\u00fc ve iyiyi simgeleyen karakterler bu roman\u0131 elinizden b\u0131rakman\u0131z\u0131 imk\u00e2ns\u0131z k\u0131lacak. \u0130nan\u0131lmaz bir yaz kitab\u0131 veya kitap kul\u00fcb\u00fc se\u00e7kisi olabilir\u2026 Bu roman b\u00fct\u00fcn okur kitlelerine hitap ediyor.\u201d \u2014VOYA<\/p>\n","protected":false},"excerpt":{"rendered":"<p>O S\u0130LAHI HEP\u0130M\u0130Z KULLANDIK. O S\u0130LAHI HEP\u0130M\u0130Z ATE\u015eLED\u0130K.O sabah River Burnu\u2019nda ne oldu\u011funu kimse bilmiyordu. Be\u015f o\u011flan avlanmaya \u00e7\u0131km\u0131\u015ft\u0131. Sadece d\u00f6rd\u00fc geri d\u00f6nm\u00fc\u015ft\u00fc. O\u011flanlar arkada\u015flar\u0131n\u0131 \u00f6ld\u00fcren<span class=\"excerpt-hellip\"> [\u2026]<\/span><\/p>\n","protected":false},"featured_media":0,"template":"","meta":{"_monsterinsights_skip_tracking":false,"_monsterinsights_sitenote_active":false,"_monsterinsights_sitenote_note":"","_monsterinsights_sitenote_category":0},"product_brand":[],"product_cat":[12291,15445],"product_tag":[],"class_list":{"0":"post-742418","1":"product","2":"type-product","3":"status-publish","5":"product_cat-edebiyat","6":"product_cat-polisiye","7":"pa_cilt-ciltsiz","8":"pa_tur-kitap","9":"pa_yayinevi-yabanci-yayinevi","10":"pa_yazar-ashley-elston","12":"first","13":"instock","14":"sale","15":"shipping-taxable","16":"purchasable","17":"product-type-simple"},"_links":{"self":[{"href":"https:\/\/roveyayinevi.com.tr\/index.php\/wp-json\/wp\/v2\/product\/742418","targetHints":{"allow":["GET"]}}],"collection":[{"href":"https:\/\/roveyayinevi.com.tr\/index.php\/wp-json\/wp\/v2\/product"}],"about":[{"href":"https:\/\/roveyayinevi.com.tr\/index.php\/wp-json\/wp\/v2\/types\/product"}],"wp:attachment":[{"href":"https:\/\/roveyayinevi.com.tr\/index.php\/wp-json\/wp\/v2\/media?parent=742418"}],"wp:term":[{"taxonomy":"product_brand","embeddable":true,"href":"https:\/\/roveyayinevi.com.tr\/index.php\/wp-json\/wp\/v2\/product_brand?post=742418"},{"taxonomy":"product_cat","embeddable":true,"href":"https:\/\/roveyayinevi.com.tr\/index.php\/wp-json\/wp\/v2\/product_cat?post=742418"},{"taxonomy":"product_tag","embeddable":true,"href":"https:\/\/roveyayinevi.com.tr\/index.php\/wp-json\/wp\/v2\/product_tag?post=742418"}],"curies":[{"name":"wp","href":"https:\/\/api.w.org\/{rel}","templated":true}]}}