{"id":742417,"date":"2025-08-28T01:10:52","date_gmt":"2025-08-27T22:10:52","guid":{"rendered":"https:\/\/roveyayinevi.com.tr\/index.php\/urun\/hayalet-kalp\/"},"modified":"2026-04-16T02:53:27","modified_gmt":"2026-04-15T23:53:27","slug":"hayalet-kalp","status":"publish","type":"product","link":"https:\/\/roveyayinevi.com.tr\/index.php\/urun\/hayalet-kalp\/","title":{"rendered":"Hayalet Kalp"},"content":{"rendered":"<p>Kendinizi en yaln\u0131z hissetti\u011finiz anda, evren t\u00fcm mucizelerini g\u00f6zlerinizin \u00f6n\u00fcne serer\u2026Suzy kendini her \u015feye yabanc\u0131 hissediyordu. \u00c7\u00fcnk\u00fc tek yak\u0131n arkada\u015f\u0131 Franny\u2019yi bir kazada kaybetmi\u015fti. Franny bo\u011fulmu\u015ftu ve Suzy\u2019nin k\u00f6t\u00fc biten arkada\u015fl\u0131klar\u0131n\u0131 telafi etmek i\u00e7in ba\u015fka bir \u015fans\u0131 olmayacakt\u0131. Suzy, bu trajedinin sebebinin nadir ger\u00e7ekle\u015fen bir denizanas\u0131 sokmas\u0131 vakas\u0131 oldu\u011funa ve baz\u0131 \u015feylerin durup dururken ger\u00e7ekle\u015fmeyece\u011fine ikna olmu\u015ftu. Bunun \u00fczerine hayal d\u00fcnyas\u0131nda sessiz bir inzivaya \u00e7ekilerek teorisini kan\u0131tlamak i\u00e7in bir plan haz\u0131rlam\u0131\u015ft\u0131.Bu plan Suzy\u2019nin o g\u00fcne kadar besledi\u011fi t\u00fcm korkular\u0131ndan s\u0131yr\u0131lmas\u0131n\u0131 ve \u00f6n\u00fcne \u00e7\u0131kan t\u00fcm engellere kar\u015f\u0131 koymas\u0131n\u0131 sa\u011flayacakt\u0131. Denizanalar\u0131yla, evrene dair mucizelerle, yeni arkada\u015fl\u0131klarla ve umutla dolu, kalpleri s\u0131zlatacak kadar i\u00e7ten bir yolculuk onu bekliyordu.Hayat\u0131, \u00f6l\u00fcm\u00fc ve evrenin hayret verici harikalar\u0131n\u0131&#8230; ve hemen yan\u0131 ba\u015f\u0131n\u0131zdaki sevgi ve umut olas\u0131l\u0131klar\u0131n\u0131 fark etmek sand\u0131\u011f\u0131m\u0131z kadar kolay olmayabilir miydi?\u2605 \u201cGen\u00e7li\u011fin erken ya\u015flar\u0131nda ya\u015fanan ini\u015fleri ve \u00e7\u0131k\u0131\u015flar\u0131 harikulade \u015fekilde anlatan bir roman.\u201d \u2014Publishers Weekly, starred review\u2605 \u201cZekice anlat\u0131lm\u0131\u015f dokunakl\u0131 bir hik\u00e2ye; Ali Benjamin\u2019in \u00e7\u0131k\u0131\u015f roman\u0131 gen\u00e7lerden \u00e7ok daha fazlas\u0131na hitap ediyor.\u201d \u2014Kirkus, starred review\u2605 \u201cBu romanda hepsi var: ak\u0131c\u0131 bir hik\u00e2ye, \u00f6zg\u00fcn sesler ve karakterler, ba\u015far\u0131l\u0131 bir kurgu ve harikulade bir yaz\u0131m tekni\u011fi. Okurlar, bu kitab\u0131 bitirdikten sonra bile etkisinden kurtulamayacaklar.\u201d \u2014VOYA, starred review\u2605 \u201cBenjamin\u2019in temiz ve ak\u0131c\u0131 bir dille yazd\u0131\u011f\u0131 roman\u0131, her ya\u015ftan okura hitap etti\u011fi gibi tart\u0131\u015fmaya a\u00e7\u0131k noktalarla da zenginle\u015ftirilmi\u015f. Beklenmedik \u015fekilde fevkalade iyi bir \u00e7\u0131k\u0131\u015f roman\u0131.\u201d \u2014Booklist, starred review\u2605 \u201cBu \u015fahane romanda kendinizi bulacaks\u0131n\u0131z.\u201d \u2014School Library Journal, starred review<\/p>\n","protected":false},"excerpt":{"rendered":"<p>Kendinizi en yaln\u0131z hissetti\u011finiz anda, evren t\u00fcm mucizelerini g\u00f6zlerinizin \u00f6n\u00fcne serer\u2026Suzy kendini her \u015feye yabanc\u0131 hissediyordu. \u00c7\u00fcnk\u00fc tek yak\u0131n arkada\u015f\u0131 Franny\u2019yi bir kazada kaybetmi\u015fti. Franny bo\u011fulmu\u015ftu<span class=\"excerpt-hellip\"> [\u2026]<\/span><\/p>\n","protected":false},"featured_media":0,"template":"","meta":{"_monsterinsights_skip_tracking":false,"_monsterinsights_sitenote_active":false,"_monsterinsights_sitenote_note":"","_monsterinsights_sitenote_category":0},"product_brand":[],"product_cat":[13661,12291],"product_tag":[],"class_list":{"0":"post-742417","1":"product","2":"type-product","3":"status-publish","5":"product_cat-diger-ulke-edebiyatlari","6":"product_cat-edebiyat","7":"pa_cilt-ciltsiz","8":"pa_tur-kitap","9":"pa_yayinevi-yabanci-yayinevi","10":"pa_yazar-ali-benjamin","12":"first","13":"instock","14":"sale","15":"shipping-taxable","16":"purchasable","17":"product-type-simple"},"_links":{"self":[{"href":"https:\/\/roveyayinevi.com.tr\/index.php\/wp-json\/wp\/v2\/product\/742417","targetHints":{"allow":["GET"]}}],"collection":[{"href":"https:\/\/roveyayinevi.com.tr\/index.php\/wp-json\/wp\/v2\/product"}],"about":[{"href":"https:\/\/roveyayinevi.com.tr\/index.php\/wp-json\/wp\/v2\/types\/product"}],"wp:attachment":[{"href":"https:\/\/roveyayinevi.com.tr\/index.php\/wp-json\/wp\/v2\/media?parent=742417"}],"wp:term":[{"taxonomy":"product_brand","embeddable":true,"href":"https:\/\/roveyayinevi.com.tr\/index.php\/wp-json\/wp\/v2\/product_brand?post=742417"},{"taxonomy":"product_cat","embeddable":true,"href":"https:\/\/roveyayinevi.com.tr\/index.php\/wp-json\/wp\/v2\/product_cat?post=742417"},{"taxonomy":"product_tag","embeddable":true,"href":"https:\/\/roveyayinevi.com.tr\/index.php\/wp-json\/wp\/v2\/product_tag?post=742417"}],"curies":[{"name":"wp","href":"https:\/\/api.w.org\/{rel}","templated":true}]}}