{"id":742416,"date":"2025-08-28T01:10:51","date_gmt":"2025-08-27T22:10:51","guid":{"rendered":"https:\/\/roveyayinevi.com.tr\/index.php\/urun\/evet-dedikten-sonra\/"},"modified":"2026-04-16T02:53:27","modified_gmt":"2026-04-15T23:53:27","slug":"evet-dedikten-sonra","status":"publish","type":"product","link":"https:\/\/roveyayinevi.com.tr\/index.php\/urun\/evet-dedikten-sonra\/","title":{"rendered":"Evet, Dedikten Sonra"},"content":{"rendered":"<p>Lauren ve Ryan\u2019\u0131n evlili\u011fi k\u0131r\u0131lma noktas\u0131ndayd\u0131. A\u015fklar\u0131n\u0131n ate\u015fi s\u00f6nm\u00fc\u015f, bir zamanlar co\u015fkuyla yapt\u0131klar\u0131 \u015feyler canlar\u0131n\u0131 s\u0131kan zorunluluklara d\u00f6n\u00fc\u015fm\u00fc\u015ft\u00fc. Aralar\u0131ndaki ate\u015fi yeniden harlamak ve kaybettikleri tutkuyu tekrar bulmak umuduyla s\u0131rad\u0131\u015f\u0131 bir yola ba\u015fvurmaya karar verdiler: Bir y\u0131ll\u0131k bir mola. Bu zaman zarf\u0131nda diledikleri ne varsa yapabilirlerdi. Birbirleriyle g\u00f6r\u00fc\u015fmek hari\u00e7.Hayat\u0131n\u0131n Ryan\u2019s\u0131z d\u00f6nemlerini neredeyse hi\u00e7 hat\u0131rlamayan Lauren i\u00e7in bu bir y\u0131l, zorlu bir kendini ke\u015ffetme yolculu\u011funa d\u00f6n\u00fc\u015fecekti. Bir yandan da onsuz bir ya\u015fam\u0131n g\u00fc\u00e7l\u00fckleriyle ba\u015f etmek zorundayd\u0131. Bu arada arkada\u015flar\u0131n\u0131n ve ailesinin evlili\u011fe, a\u015fka, ba\u011fl\u0131l\u0131\u011fa ve aileye dair d\u00fc\u015f\u00fcncelerini \u00f6\u011frendik\u00e7e kendi fikirleri de h\u0131zla de\u011fi\u015fmeye ba\u015flayacakt\u0131. Evlilikte as\u0131l de\u011ferli olan\u0131n ne oldu\u011funu ve ne u\u011fruna m\u00fccadele etmesi gerekti\u011fini sorgulayan Lauren, bu bir y\u0131l\u0131n sonunda acaba h\u00e2l\u00e2 ayn\u0131 \u015feyi mi istiyor olacakt\u0131?\u201cLauren\u2019\u0131n kendini ke\u015ffetme yolculu\u011funu konu alan Evet, Dedikten Sonra, Jane Green ve Elin Hilderbrand okurlar\u0131n\u0131n a\u015fina oldu\u011fu ak\u0131c\u0131 ve esprili bir dille yaz\u0131lm\u0131\u015f. Duygusal ve ilham verici hik\u00e2ye, ilgi \u00e7ekici bir fikir ve iyi kurgulanm\u0131\u015f karakterlerle beslenmi\u015f.\u201d \u2014Booklist\u201cDokunakl\u0131, muhte\u015fem ve zaman zaman y\u00fcrek burkan bir hik\u00e2ye. Taylor Jenkins Reid, herkesin hissedebilece\u011fi duygular\u0131 k\u0131vrak bir zek\u00e2yla kaleme alan bir yazar. Okuyun, tad\u0131n\u0131 \u00e7\u0131kar\u0131n ve payla\u015fmay\u0131 unutmay\u0131n.\u201d \u2014Sarah Jio\u201cTaylor Jenkins Reid, mutlu sonlar\u0131n ard\u0131ndan neler olabilece\u011fine dair yepyeni ve farkl\u0131 bir bak\u0131\u015f a\u00e7\u0131s\u0131 sunuyor. Beni daha ilk sayfada tavlayan anlat\u0131c\u0131s\u0131 ve arkada\u015flar\u0131m gibi g\u00f6rd\u00fc\u011f\u00fcm karakterleriyle Evet, Dedikten Sonra, a\u015fk\u0131n ba\u015flang\u0131c\u0131na ve biti\u015fine dair nazik ve duygusal bir hik\u00e2ye. Bu kitab\u0131 okunacaklar listenizin en ba\u015f\u0131na koyun derim!\u201d \u2014Jen Lancester\u201cE\u011flenceli oldu\u011fu kadar ac\u0131mas\u0131zca d\u00fcr\u00fcst bir roman. Muhakkak okunmal\u0131.\u201d \u2014Kirkus\u201cEvlili\u011fin ger\u00e7eklerini, a\u015fk\u0131n narin do\u011fas\u0131n\u0131 ve ailenin verdi\u011fi dayanma g\u00fcc\u00fcn\u00fc cesurca anlatan bir hik\u00e2ye. Reid, kaybedilen ve yeniden bulunan bir a\u015fka dair y\u00fcrek burkan ama umutlu, g\u00fcncel ama zamans\u0131z bir kurguyu ilmek ilmek i\u015flemi\u015f.\u201d \u2014Katja Millay<\/p>\n","protected":false},"excerpt":{"rendered":"<p>Lauren ve Ryan\u2019\u0131n evlili\u011fi k\u0131r\u0131lma noktas\u0131ndayd\u0131. A\u015fklar\u0131n\u0131n ate\u015fi s\u00f6nm\u00fc\u015f, bir zamanlar co\u015fkuyla yapt\u0131klar\u0131 \u015feyler canlar\u0131n\u0131 s\u0131kan zorunluluklara d\u00f6n\u00fc\u015fm\u00fc\u015ft\u00fc. Aralar\u0131ndaki ate\u015fi yeniden harlamak ve kaybettikleri tutkuyu tekrar<span class=\"excerpt-hellip\"> [\u2026]<\/span><\/p>\n","protected":false},"featured_media":0,"template":"","meta":{"_monsterinsights_skip_tracking":false,"_monsterinsights_sitenote_active":false,"_monsterinsights_sitenote_note":"","_monsterinsights_sitenote_category":0},"product_brand":[],"product_cat":[12291,12711],"product_tag":[],"class_list":{"0":"post-742416","1":"product","2":"type-product","3":"status-publish","5":"product_cat-edebiyat","6":"product_cat-roman-oyku","7":"pa_cilt-ciltsiz","8":"pa_tur-kitap","9":"pa_yayinevi-yabanci-yayinevi","10":"pa_yazar-taylor-jenkins-reid","12":"first","13":"instock","14":"sale","15":"shipping-taxable","16":"purchasable","17":"product-type-simple"},"_links":{"self":[{"href":"https:\/\/roveyayinevi.com.tr\/index.php\/wp-json\/wp\/v2\/product\/742416","targetHints":{"allow":["GET"]}}],"collection":[{"href":"https:\/\/roveyayinevi.com.tr\/index.php\/wp-json\/wp\/v2\/product"}],"about":[{"href":"https:\/\/roveyayinevi.com.tr\/index.php\/wp-json\/wp\/v2\/types\/product"}],"wp:attachment":[{"href":"https:\/\/roveyayinevi.com.tr\/index.php\/wp-json\/wp\/v2\/media?parent=742416"}],"wp:term":[{"taxonomy":"product_brand","embeddable":true,"href":"https:\/\/roveyayinevi.com.tr\/index.php\/wp-json\/wp\/v2\/product_brand?post=742416"},{"taxonomy":"product_cat","embeddable":true,"href":"https:\/\/roveyayinevi.com.tr\/index.php\/wp-json\/wp\/v2\/product_cat?post=742416"},{"taxonomy":"product_tag","embeddable":true,"href":"https:\/\/roveyayinevi.com.tr\/index.php\/wp-json\/wp\/v2\/product_tag?post=742416"}],"curies":[{"name":"wp","href":"https:\/\/api.w.org\/{rel}","templated":true}]}}