{"id":742414,"date":"2025-08-28T01:10:48","date_gmt":"2025-08-27T22:10:48","guid":{"rendered":"https:\/\/roveyayinevi.com.tr\/index.php\/urun\/kupeli\/"},"modified":"2026-04-16T02:53:27","modified_gmt":"2026-04-15T23:53:27","slug":"kupeli","status":"publish","type":"product","link":"https:\/\/roveyayinevi.com.tr\/index.php\/urun\/kupeli\/","title":{"rendered":"K\u00fcpeli"},"content":{"rendered":"<p>sakin ol, delirmeye yak\u0131n bile de\u011filsino dinginlikten uzak ve\u0131\u015f\u0131\u011f\u0131n\u0131 ayarlayamad\u0131\u011f\u0131 t\u00fcm heba foto\u011fraflarsakin olun, akl\u0131n\u0131n en kavisli yeri size ayr\u0131ld\u0131bir g\u00fcn soka\u011fa, deliyim ve k\u00fcpeliyim, oh ne olsun dahadiyerek \u00e7\u0131kman\u0131n hayali \u015fimdilerde yaln\u0131zca beyaz sabunung\u00f6z\u00fcn\u00fc yakmas\u0131yla geliyor akl\u0131na<\/p>\n","protected":false},"excerpt":{"rendered":"<p>sakin ol, delirmeye yak\u0131n bile de\u011filsino dinginlikten uzak ve\u0131\u015f\u0131\u011f\u0131n\u0131 ayarlayamad\u0131\u011f\u0131 t\u00fcm heba foto\u011fraflarsakin olun, akl\u0131n\u0131n en kavisli yeri size ayr\u0131ld\u0131bir g\u00fcn soka\u011fa, deliyim ve k\u00fcpeliyim, oh<span class=\"excerpt-hellip\"> [\u2026]<\/span><\/p>\n","protected":false},"featured_media":0,"template":"","meta":{"_monsterinsights_skip_tracking":false,"_monsterinsights_sitenote_active":false,"_monsterinsights_sitenote_note":"","_monsterinsights_sitenote_category":0},"product_brand":[],"product_cat":[12291,12509],"product_tag":[],"class_list":{"0":"post-742414","1":"product","2":"type-product","3":"status-publish","5":"product_cat-edebiyat","6":"product_cat-siir","7":"pa_cilt-ciltsiz","8":"pa_tur-kitap","9":"pa_yayinevi-ithaki-yayinlari","10":"pa_yazar-a-gulfem-ozer","12":"first","13":"instock","14":"sale","15":"shipping-taxable","16":"purchasable","17":"product-type-simple"},"_links":{"self":[{"href":"https:\/\/roveyayinevi.com.tr\/index.php\/wp-json\/wp\/v2\/product\/742414","targetHints":{"allow":["GET"]}}],"collection":[{"href":"https:\/\/roveyayinevi.com.tr\/index.php\/wp-json\/wp\/v2\/product"}],"about":[{"href":"https:\/\/roveyayinevi.com.tr\/index.php\/wp-json\/wp\/v2\/types\/product"}],"wp:attachment":[{"href":"https:\/\/roveyayinevi.com.tr\/index.php\/wp-json\/wp\/v2\/media?parent=742414"}],"wp:term":[{"taxonomy":"product_brand","embeddable":true,"href":"https:\/\/roveyayinevi.com.tr\/index.php\/wp-json\/wp\/v2\/product_brand?post=742414"},{"taxonomy":"product_cat","embeddable":true,"href":"https:\/\/roveyayinevi.com.tr\/index.php\/wp-json\/wp\/v2\/product_cat?post=742414"},{"taxonomy":"product_tag","embeddable":true,"href":"https:\/\/roveyayinevi.com.tr\/index.php\/wp-json\/wp\/v2\/product_tag?post=742414"}],"curies":[{"name":"wp","href":"https:\/\/api.w.org\/{rel}","templated":true}]}}