{"id":742411,"date":"2025-08-28T01:10:45","date_gmt":"2025-08-27T22:10:45","guid":{"rendered":"https:\/\/roveyayinevi.com.tr\/index.php\/urun\/birinci-cogul-sarki-ikinci-ve-ucuncu-kitap\/"},"modified":"2026-04-16T02:53:27","modified_gmt":"2026-04-15T23:53:27","slug":"birinci-cogul-sarki-ikinci-ve-ucuncu-kitap","status":"publish","type":"product","link":"https:\/\/roveyayinevi.com.tr\/index.php\/urun\/birinci-cogul-sarki-ikinci-ve-ucuncu-kitap\/","title":{"rendered":"Birinci \u00c7o\u011ful \u015eark\u0131-\u0130kinci ve \u00dc\u00e7\u00fcnc\u00fc Kitap"},"content":{"rendered":"<p>\u015eiir severlerce geni\u015f ilgi g\u00f6ren Birinci \u00c7o\u011ful \u015eark\u0131 epik \u015fiirinin Birinci Kitab\u0131\u2019ndan sonra, \u015fairin yine Anadolu uygarl\u0131klar\u0131n\u0131n gizli tarihini resmi tarih kar\u015f\u0131s\u0131nda de\u015fifre ederek yazd\u0131\u011f\u0131 \u0130kinci ve \u00dc\u00e7\u00fcnc\u00fc Kitaplar\u0131n\u0131 bir arada yay\u0131mlamaktan k\u0131van\u00e7 duyuyoruz. Alova \u0130kinci Kitap\u2019ta, B\u00fcy\u00fck Kud\u00fcs Katliam\u0131\u2019ndan sonra kuzeye g\u00f6\u00e7 ederek Antakya\u2019ya yerle\u015fen ilk H\u0131ristiyanlar\u0131 ve ana mek\u00e2n se\u00e7ti\u011fi bu kentin k\u00fclt\u00fcr tarihini konu edinirken Tarsuslu Paulus ve \u00f6teki azizlerin H\u0131ristiyanl\u0131\u011f\u0131 yayma \u00e7abalar\u0131n\u0131, Kapadokya\u2019n\u0131n entelekt\u00fcel ermi\u015flerini, Ge\u00e7 Antik \u00c7a\u011f\u2019da \u0130zmir \u00e7evresinde geli\u015fen \u0130kinci Sofistike Hareketi; co\u011frafyay\u0131 Kuzey Afrika\u2019ya kadar geni\u015fleterek \u00c7\u00f6l Babalar\u0131n\u0131n ola\u011fan\u00fcst\u00fc ya\u015fant\u0131lar\u0131n\u0131, s\u00fctun \u00e7ekilgenlerini lirik-dramatik plandan ayr\u0131lmadan \u015fiir sanat\u0131n\u0131n zengin ara\u00e7lar\u0131n\u0131 kullanarak yans\u0131t\u0131yor. \u00dc\u00e7\u00fcnc\u00fc Kitap\u2019ta ise Alova, Konstantinopolis\u2019i mek\u00e2n se\u00e7erek bu kentin II. Roma olarak yeniden kurulu\u015funu, bitmek bilmeyen Bizans ayaklanmalar\u0131n\u0131, \u00fcnl\u00fc yar\u0131\u015flar\u0131n\u0131, hizip \u00e7at\u0131\u015fmalar\u0131n\u0131 kentin Fatih Mehmet\u2019\u00e7e fethedilmesine kadar tarihsel kaynaklardan esinlenerek \u015fiir severlerin d\u00fc\u015f g\u00fcc\u00fcne sunuyor.  <\/p>\n","protected":false},"excerpt":{"rendered":"<p>\u015eiir severlerce geni\u015f ilgi g\u00f6ren Birinci \u00c7o\u011ful \u015eark\u0131 epik \u015fiirinin Birinci Kitab\u0131\u2019ndan sonra, \u015fairin yine Anadolu uygarl\u0131klar\u0131n\u0131n gizli tarihini resmi tarih kar\u015f\u0131s\u0131nda de\u015fifre ederek yazd\u0131\u011f\u0131 \u0130kinci<span class=\"excerpt-hellip\"> [\u2026]<\/span><\/p>\n","protected":false},"featured_media":0,"template":"","meta":{"_monsterinsights_skip_tracking":false,"_monsterinsights_sitenote_active":false,"_monsterinsights_sitenote_note":"","_monsterinsights_sitenote_category":0},"product_brand":[],"product_cat":[12291,12509],"product_tag":[],"class_list":{"0":"post-742411","1":"product","2":"type-product","3":"status-publish","5":"product_cat-edebiyat","6":"product_cat-siir","7":"pa_cilt-ciltsiz","8":"pa_tur-kitap","9":"pa_yayinevi-is-bankasi-kultur-yayinlari","10":"pa_yazar-erdal-alova","12":"first","13":"instock","14":"sale","15":"shipping-taxable","16":"purchasable","17":"product-type-simple"},"_links":{"self":[{"href":"https:\/\/roveyayinevi.com.tr\/index.php\/wp-json\/wp\/v2\/product\/742411","targetHints":{"allow":["GET"]}}],"collection":[{"href":"https:\/\/roveyayinevi.com.tr\/index.php\/wp-json\/wp\/v2\/product"}],"about":[{"href":"https:\/\/roveyayinevi.com.tr\/index.php\/wp-json\/wp\/v2\/types\/product"}],"wp:attachment":[{"href":"https:\/\/roveyayinevi.com.tr\/index.php\/wp-json\/wp\/v2\/media?parent=742411"}],"wp:term":[{"taxonomy":"product_brand","embeddable":true,"href":"https:\/\/roveyayinevi.com.tr\/index.php\/wp-json\/wp\/v2\/product_brand?post=742411"},{"taxonomy":"product_cat","embeddable":true,"href":"https:\/\/roveyayinevi.com.tr\/index.php\/wp-json\/wp\/v2\/product_cat?post=742411"},{"taxonomy":"product_tag","embeddable":true,"href":"https:\/\/roveyayinevi.com.tr\/index.php\/wp-json\/wp\/v2\/product_tag?post=742411"}],"curies":[{"name":"wp","href":"https:\/\/api.w.org\/{rel}","templated":true}]}}